{"id":3498227,"date":"2026-01-20T15:13:10","date_gmt":"2026-01-20T14:13:10","guid":{"rendered":"http:\/\/10.6.201.155\/?post_type=product&#038;p=52833"},"modified":"2026-04-24T10:26:32","modified_gmt":"2026-04-24T08:26:32","slug":"sisma-nhl-fino","status":"publish","type":"product","link":"https:\/\/www.fassabortolo.it\/de\/produkte\/konsolidierungs-und-strukturverstarkungssystem\/mortel\/sisma-nhl-fino","title":{"rendered":"SISMA NHL FINO"},"content":{"rendered":"","protected":false},"featured_media":0,"template":"","class_list":["post-3498227","product","type-product","status-publish","hentry"],"acf":[],"fimg":{"url":"https:\/\/www.fassabortolo.it\/wp-content\/uploads\/media\/assets\/SISMA_NHL_FINO.jpg","alt":"SISMA NHL FINO"},"product_description":["Feink\u00f6rniger Strukturm\u00f6rtel auf Basis von hydraulischem Naturkalk, spezifisch als anorganische Matrix f\u00fcr FRCM Systeme"],"ekr_hierarchy_settings":{"it":{"FASSA_LINEA_MALTE_SISTEMA_CONSOLIDAMENTO":{"ekr_position":6}},"ch":{"FASSA_LINEA_MALTE_SISTEMA_CONSOLIDAMENTO":{"ekr_position":3}},"lu":{"FASSA_LINEA_MALTE_SISTEMA_CONSOLIDAMENTO":{"ekr_position":3}}},"lang":{"language_code":"de","locale":"de_DE","text_direction":false,"display_name":"Deutsch","native_name":"Tedesco","different_language":false},"systems":[{"id":3497508,"name":"KONSOLIDIERUNGS- UND STRUKTURVERST\u00c4RKUNGSSYSTEM","permalink":"https:\/\/www.fassabortolo.it\/de\/produkte\/konsolidierungs-und-strukturverstarkungssystem\/","slug":"konsolidierungs-und-strukturverstarkungssystem","ekr_pallet_code":"FASSA_SISTEMA_CONSOLIDAMENTO_E_RINFORZO_STRUTTURALE"}],"product_pallet_code":"PROD_SISMA_NHL_FINO","lines":[{"id":3497468,"name":"M\u00d6RTEL","permalink":"https:\/\/www.fassabortolo.it\/de\/produkte\/\/mortel\/","slug":"mortel","system_codes":["FASSA_SISTEMA_CONSOLIDAMENTO_E_RINFORZO_STRUTTURALE"],"ekr_pallet_code":"FASSA_LINEA_MALTE_SISTEMA_CONSOLIDAMENTO"}],"use":["SISMA NHL FINO wird als Strukturm\u00f6rtel zur Realisierung von FRCM Systemen zur Verst\u00e4rkung von Mauerwerksteilen (Tragmauern, Gew\u00f6lbe, B\u00f6gen usw.) aus Ziegelstein, Stein oder Tuffstein verwendet, und zwar in Verbindung mit Edelstahlfasergewebe FASSATEX STEEL 650.","Das Produkt wird als Reparaturm\u00f6rtel f\u00fcr Flickwerk- und Verfugungsma\u00dfnahmen an Mauerwerken verwendet, ebenso f\u00fcr den Einbau des Spiralstabes FASSA ELIWALL zu 6 mm in M\u00f6rtelfugen.","Kann ferner f\u00fcr Ausgleichsarbeiten an der Mauerfl\u00e4che vor der Anfertigung von FRP-Systemen verwendet werden.","SISMA NHL FINO wird zudem in Kombination mit dem alkalibest\u00e4ndigen Glasfaserarmierungsgewebe FASSANET ZR 350 und den Verbindungselementen FASSA ELIWALL (System FASSAPROTECTION PARETE NHL) genutzt, um Ziegelsteinausfachungen vor dem Kippen zu sch\u00fctzen.","SISMA NHL FINO wird zur Herstellung von FRCM-Systemen verwendet und ist ein Bestandteil der Systeme FASSANET ZR NHL SYSTEM und FASSATEX STEEL NHL SYSTEM: F\u00fcr Gebrauchsanweisungen wird auf das technische Datenblatt des gew\u00e4hlten Systems verwiesen."],"supply":["In feuchtigkeitsgesch\u00fctzten Spezials\u00e4cken zu ca. 25 kg","Lose im Silo &nbsp; *","Je nach Bestimmungsland k\u00f6nnten einige Verkaufsformate nicht erh\u00e4ltlich sein"],"attributes":{"Attributes_1":{"KIPPSCHUTZ":"Kippschutz","FRCM":"FRCM","BAUEINGRIFFE MIT SPIRALST\u00c4BEN":"Baueingriffe mit Spiralst\u00e4ben"},"Attributes_2":{"AUSSENBEREICH":"Au\u00dfenbereich","INNENBEREICH":"Innenbereich"}},"___attributes":{"FASSA":{"FASSA_SISTEMA_CONSOLIDAMENTO_E_RINFORZO_STRUTTURALE":{"Attributes_1":["Kippschutz","FRCM","Baueingriffe mit Spiralst\u00e4ben"],"Attributes_2":["Au\u00dfenbereich","Innenbereich"]}}},"elastic_market_index":"it","structured_data":{"@context":"https:\/\/schema.org","@type":"Product","name":"SISMA NHL FINO","description":["Feink\u00f6rniger Strukturm\u00f6rtel auf Basis von hydraulischem Naturkalk, spezifisch als anorganische Matrix f\u00fcr FRCM Systeme"],"url":"https:\/\/www.fassabortolo.it\/de\/produkte\/konsolidierungs-und-strukturverstarkungssystem\/mortel\/sisma-nhl-fino","identifier":"PROD_SISMA_NHL_FINO","sku":"PROD_SISMA_NHL_FINO","image":"https:\/\/www.fassabortolo.it\/wp-content\/uploads\/media\/assets\/SISMA_NHL_FINO.jpg","brand":{"@type":"Brand","name":"Fassa Bortolo"},"manufacturer":{"@type":"Organization","name":"Fassa Bortolo","url":"https:\/\/www.fassabortolo.it"},"additionalProperty":[{"@type":"PropertyValue","name":"Use Case 1","value":"SISMA NHL FINO wird als Strukturm\u00f6rtel zur Realisierung von FRCM Systemen zur Verst\u00e4rkung von Mauerwerksteilen (Tragmauern, Gew\u00f6lbe, B\u00f6gen usw.) aus Ziegelstein, Stein oder Tuffstein verwendet, und zwar in Verbindung mit Edelstahlfasergewebe FASSATEX STEEL 650."},{"@type":"PropertyValue","name":"Use Case 2","value":"Das Produkt wird als Reparaturm\u00f6rtel f\u00fcr Flickwerk- und Verfugungsma\u00dfnahmen an Mauerwerken verwendet, ebenso f\u00fcr den Einbau des Spiralstabes FASSA ELIWALL zu 6 mm in M\u00f6rtelfugen."},{"@type":"PropertyValue","name":"Use Case 3","value":"Kann ferner f\u00fcr Ausgleichsarbeiten an der Mauerfl\u00e4che vor der Anfertigung von FRP-Systemen verwendet werden."},{"@type":"PropertyValue","name":"Use Case 4","value":"SISMA NHL FINO wird zudem in Kombination mit dem alkalibest\u00e4ndigen Glasfaserarmierungsgewebe FASSANET ZR 350 und den Verbindungselementen FASSA ELIWALL (System FASSAPROTECTION PARETE NHL) genutzt, um Ziegelsteinausfachungen vor dem Kippen zu sch\u00fctzen."},{"@type":"PropertyValue","name":"Use Case 5","value":"SISMA NHL FINO wird zur Herstellung von FRCM-Systemen verwendet und ist ein Bestandteil der Systeme FASSANET ZR NHL SYSTEM und FASSATEX STEEL NHL SYSTEM: F\u00fcr Gebrauchsanweisungen wird auf das technische Datenblatt des gew\u00e4hlten Systems verwiesen."},{"@type":"PropertyValue","name":"Supply Information","value":"In feuchtigkeitsgesch\u00fctzten Spezials\u00e4cken zu ca. 25 kg"},{"@type":"PropertyValue","name":"Supply Information","value":"Lose im Silo &nbsp; *"},{"@type":"PropertyValue","name":"Supply Information","value":"Je nach Bestimmungsland k\u00f6nnten einige Verkaufsformate nicht erh\u00e4ltlich sein"},{"@type":"PropertyValue","name":"Attributes_1","value":"Kippschutz"},{"@type":"PropertyValue","name":"Attributes_1","value":"FRCM"},{"@type":"PropertyValue","name":"Attributes_1","value":"Baueingriffe mit Spiralst\u00e4ben"},{"@type":"PropertyValue","name":"Attributes_2","value":"Au\u00dfenbereich"},{"@type":"PropertyValue","name":"Attributes_2","value":"Innenbereich"}],"category":[{"@type":"ProductCollection","name":"M\u00d6RTEL","identifier":"FASSA_LINEA_MALTE_SISTEMA_CONSOLIDAMENTO"},{"@type":"Collection","name":"KONSOLIDIERUNGS- UND STRUKTURVERST\u00c4RKUNGSSYSTEM","identifier":"FASSA_SISTEMA_CONSOLIDAMENTO_E_RINFORZO_STRUTTURALE"}],"inLanguage":"de"},"_links":{"self":[{"href":"https:\/\/www.fassabortolo.it\/de\/wp-json\/wp\/v2\/product\/3498227","targetHints":{"allow":["GET"]}}],"collection":[{"href":"https:\/\/www.fassabortolo.it\/de\/wp-json\/wp\/v2\/product"}],"about":[{"href":"https:\/\/www.fassabortolo.it\/de\/wp-json\/wp\/v2\/types\/product"}],"wp:attachment":[{"href":"https:\/\/www.fassabortolo.it\/de\/wp-json\/wp\/v2\/media?parent=3498227"}],"curies":[{"name":"wp","href":"https:\/\/api.w.org\/{rel}","templated":true}]}}