{"id":3498237,"date":"2026-01-20T15:13:28","date_gmt":"2026-01-20T14:13:28","guid":{"rendered":"http:\/\/10.6.201.155\/?post_type=product&#038;p=52872"},"modified":"2026-02-04T16:55:28","modified_gmt":"2026-02-04T15:55:28","slug":"fugenschwamme-fur-zementfugen","status":"publish","type":"product","link":"https:\/\/www.fassabortolo.it\/de\/produkte\/verlegesystem-fur-boden-und-wandbelage\/fassafill-fugenversiegler\/fugenschwamme-fur-zementfugen","title":{"rendered":"FUGENSCHW\u00c4MME F\u00dcR ZEMENTFUGEN"},"content":{"rendered":"","protected":false},"featured_media":0,"template":"","class_list":["post-3498237","product","type-product","status-publish","hentry"],"acf":[],"fimg":{"url":"https:\/\/www.fassabortolo.it\/wp-content\/uploads\/media\/assets\/SPUGNE_cementizie.jpg","alt":"FUGENSCHW\u00c4MME F\u00dcR ZEMENTFUGEN"},"product_description":["Fugenschw\u00e4mme f\u00fcr Zementfugen"],"ekr_hierarchy_settings":{"it":{"FASSA_LINEA_FASSAFILL_SIGILLANTI_PER_FUGHE_SISTEMA_POSA":{"ekr_position":21}},"ch":{"FASSA_LINEA_FASSAFILL_SIGILLANTI_PER_FUGHE_SISTEMA_POSA":{"ekr_position":3}},"lu":{"FASSA_LINEA_FASSAFILL_SIGILLANTI_PER_FUGHE_SISTEMA_POSA":{"ekr_position":3}}},"lang":{"language_code":"de","locale":"de_DE","text_direction":false,"display_name":"Deutsch","native_name":"Tedesco","different_language":false},"systems":[{"id":3497517,"name":"VERLEGESYSTEM F\u00dcR BODEN- UND WANDBEL\u00c4GE","permalink":"https:\/\/www.fassabortolo.it\/de\/produkte\/verlegesystem-fur-boden-und-wandbelage\/","slug":"verlegesystem-fur-boden-und-wandbelage","ekr_pallet_code":"FASSA_SISTEMA_POSA_PAVIMENTI_E_RIVESTIMENTI"}],"product_pallet_code":"PROD_SPUGNE_PER_FUGHE_CEMENTIZIE","lines":[{"id":3497451,"name":"FASSAFILL &#8211; FUGENVERSIEGLER","permalink":"https:\/\/www.fassabortolo.it\/de\/produkte\/\/fassafill-fugenversiegler\/","slug":"fassafill-fugenversiegler","system_codes":["FASSA_SISTEMA_POSA_PAVIMENTI_E_RIVESTIMENTI"],"ekr_pallet_code":"FASSA_LINEA_FASSAFILL_SIGILLANTI_PER_FUGHE_SISTEMA_POSA"}],"use":null,"supply":null,"attributes":{"Attributes_1":{"ZUBEH\u00d6RTEILE":"Zubeh\u00f6rteile"},"Attributes_2":{"AUSSENBEREICH":"Au\u00dfenbereich","INNENBEREICH":"Innenbereich"}},"___attributes":{"FASSA":{"FASSA_SISTEMA_POSA_PAVIMENTI_E_RIVESTIMENTI":{"Attributes_1":["Zubeh\u00f6rteile"],"Attributes_2":["Au\u00dfenbereich","Innenbereich"]}}},"elastic_market_index":"it","structured_data":{"@context":"https:\/\/schema.org","@type":"Product","name":"FUGENSCHW\u00c4MME F\u00dcR ZEMENTFUGEN","description":["Fugenschw\u00e4mme f\u00fcr Zementfugen"],"url":"https:\/\/www.fassabortolo.it\/de\/produkte\/verlegesystem-fur-boden-und-wandbelage\/fassafill-fugenversiegler\/fugenschwamme-fur-zementfugen","identifier":"PROD_SPUGNE_PER_FUGHE_CEMENTIZIE","sku":"PROD_SPUGNE_PER_FUGHE_CEMENTIZIE","image":"https:\/\/www.fassabortolo.it\/wp-content\/uploads\/media\/assets\/SPUGNE_cementizie.jpg","brand":{"@type":"Brand","name":"Fassa Bortolo"},"manufacturer":{"@type":"Organization","name":"Fassa Bortolo","url":"https:\/\/www.fassabortolo.it"},"additionalProperty":[{"@type":"PropertyValue","name":"Attributes_1","value":"Zubeh\u00f6rteile"},{"@type":"PropertyValue","name":"Attributes_2","value":"Au\u00dfenbereich"},{"@type":"PropertyValue","name":"Attributes_2","value":"Innenbereich"}],"category":[{"@type":"ProductCollection","name":"FASSAFILL &#8211; FUGENVERSIEGLER","identifier":"FASSA_LINEA_FASSAFILL_SIGILLANTI_PER_FUGHE_SISTEMA_POSA"},{"@type":"Collection","name":"VERLEGESYSTEM F\u00dcR BODEN- UND WANDBEL\u00c4GE","identifier":"FASSA_SISTEMA_POSA_PAVIMENTI_E_RIVESTIMENTI"}],"inLanguage":"de"},"_links":{"self":[{"href":"https:\/\/www.fassabortolo.it\/de\/wp-json\/wp\/v2\/product\/3498237","targetHints":{"allow":["GET"]}}],"collection":[{"href":"https:\/\/www.fassabortolo.it\/de\/wp-json\/wp\/v2\/product"}],"about":[{"href":"https:\/\/www.fassabortolo.it\/de\/wp-json\/wp\/v2\/types\/product"}],"wp:attachment":[{"href":"https:\/\/www.fassabortolo.it\/de\/wp-json\/wp\/v2\/media?parent=3498237"}],"curies":[{"name":"wp","href":"https:\/\/api.w.org\/{rel}","templated":true}]}}