{"id":3498238,"date":"2026-01-20T15:13:41","date_gmt":"2026-01-20T14:13:41","guid":{"rendered":"http:\/\/10.6.201.155\/?post_type=product&#038;p=52874"},"modified":"2026-05-15T01:35:08","modified_gmt":"2026-05-14T23:35:08","slug":"sr-450","status":"publish","type":"product","link":"https:\/\/www.fassabortolo.it\/de\/produkte\/verlegesystem-fur-boden-und-wandbelage\/fassafloor-verlegegrunde\/sr-450","title":{"rendered":"SR 450"},"content":{"rendered":"","protected":false},"featured_media":0,"template":"","class_list":["post-3498238","product","type-product","status-publish","hentry"],"acf":[],"fimg":{"url":"https:\/\/www.fassabortolo.it\/wp-content\/uploads\/media\/assets\/SR_450_NEW.jpg","alt":"SR 450"},"product_description":["Estrich auf Zementbasis, schnelltrocknend und schwindkontrolliert, f\u00fcr den Bodenaufbau im Innenbereich"],"ekr_hierarchy_settings":{"it":{"FASSA_LINEA_FASSAFLOOR_FONDI_DI_POSA_SISTEMA_POSA":{"ekr_position":10}},"ch":{"FASSA_LINEA_FASSAFLOOR_FONDI_DI_POSA_SISTEMA_POSA":{"ekr_position":1}},"es":{"FASSAES_LINEA_FASSAFLOOR_FONDI_DI_POSA_SISTEMA_POSA":{"ekr_position":1}},"lu":{"FASSA_LINEA_FASSAFLOOR_FONDI_DI_POSA_SISTEMA_POSA":{"ekr_position":1}}},"lang":{"language_code":"de","locale":"de_DE","text_direction":false,"display_name":"Deutsch","native_name":"Tedesco","different_language":false},"systems":[{"id":3497517,"name":"VERLEGESYSTEM F\u00dcR BODEN- UND WANDBEL\u00c4GE","permalink":"https:\/\/www.fassabortolo.it\/de\/produkte\/verlegesystem-fur-boden-und-wandbelage\/","slug":"verlegesystem-fur-boden-und-wandbelage","ekr_pallet_code":"FASSA_SISTEMA_POSA_PAVIMENTI_E_RIVESTIMENTI"}],"product_pallet_code":"PROD_SR_450","lines":[{"id":3497462,"name":"FASSAFLOOR &#8211; VERLEGEGR\u00dcNDE","permalink":"https:\/\/www.fassabortolo.it\/de\/produkte\/\/fassafloor-verlegegrunde\/","slug":"fassafloor-verlegegrunde","system_codes":["FASSA_SISTEMA_POSA_PAVIMENTI_E_RIVESTIMENTI"],"ekr_pallet_code":"FASSA_LINEA_FASSAFLOOR_FONDI_DI_POSA_SISTEMA_POSA"}],"use":["SR 450 ist ein Zementestrich mit halbfeuchter Konsistenz und schneller Abbindung und Trocknung; er wird als Lastenverteilungsschicht im Innenbereich zur Verlegung von Bodenbel\u00e4gen aus Holz, aus elastischen Materialien (Linoleum, PVC, Teppichb\u00f6den, LVT, Gummi usw.), von Steinzeugmaterialien, von Keramikfliesen und harzigen Bel\u00e4gen verwendet.","Ideal f\u00fcr Flick- und Wiederherstellungsarbeiten bei Verlegesystemen mit Schnellestrichen sowie f\u00fcr all jene Eingriffe, wo R\u00e4umlichkeiten in k\u00fcrzester Zeit die Benutzbarkeit erlangen m\u00fcssen.","Geeignet auch f\u00fcr die Anwendung auf Heiz-\/K\u00fchlanlagen ohne die Verwendung weiterer Zusatzstoffe.","H\u00e4lt die Weisungen der wichtigsten Verlegenormen ein ((UNI 11493-1, UNI 11371, UNI 11714-1, UNI 11515-1, UNI 10966 usw.)."],"supply":["In feuchtigkeitsgesch\u00fctzten Spezials\u00e4cken zu ca. 25 kg"],"attributes":{"Attributes_1":{"TRADITIONELLE ESTRICHE":"Traditionelle Estriche"},"Attributes_2":{"INNENBEREICH":"Innenbereich"}},"___attributes":{"FASSAES":{"FASSA_SISTEMA_POSA_PAVIMENTI_E_RIVESTIMENTI":{"Attributes_1":["Traditionelle Estriche"],"Attributes_2":["Innenbereich"]}},"FASSA":{"FASSA_SISTEMA_POSA_PAVIMENTI_E_RIVESTIMENTI":{"Attributes_1":["Traditionelle Estriche"],"Attributes_2":["Innenbereich"]}}},"elastic_market_index":"it","structured_data":{"@context":"https:\/\/schema.org","@type":"Product","name":"SR 450","description":["Estrich auf Zementbasis, schnelltrocknend und schwindkontrolliert, f\u00fcr den Bodenaufbau im Innenbereich"],"url":"https:\/\/www.fassabortolo.it\/de\/produkte\/verlegesystem-fur-boden-und-wandbelage\/fassafloor-verlegegrunde\/sr-450","identifier":"PROD_SR_450","sku":"PROD_SR_450","image":"https:\/\/www.fassabortolo.it\/wp-content\/uploads\/media\/assets\/SR_450_NEW.jpg","brand":{"@type":"Brand","name":"Fassa Bortolo"},"manufacturer":{"@type":"Organization","name":"Fassa Bortolo","url":"https:\/\/www.fassabortolo.it"},"additionalProperty":[{"@type":"PropertyValue","name":"Use Case 1","value":"SR 450 ist ein Zementestrich mit halbfeuchter Konsistenz und schneller Abbindung und Trocknung; er wird als Lastenverteilungsschicht im Innenbereich zur Verlegung von Bodenbel\u00e4gen aus Holz, aus elastischen Materialien (Linoleum, PVC, Teppichb\u00f6den, LVT, Gummi usw.), von Steinzeugmaterialien, von Keramikfliesen und harzigen Bel\u00e4gen verwendet."},{"@type":"PropertyValue","name":"Use Case 2","value":"Ideal f\u00fcr Flick- und Wiederherstellungsarbeiten bei Verlegesystemen mit Schnellestrichen sowie f\u00fcr all jene Eingriffe, wo R\u00e4umlichkeiten in k\u00fcrzester Zeit die Benutzbarkeit erlangen m\u00fcssen."},{"@type":"PropertyValue","name":"Use Case 3","value":"Geeignet auch f\u00fcr die Anwendung auf Heiz-\/K\u00fchlanlagen ohne die Verwendung weiterer Zusatzstoffe."},{"@type":"PropertyValue","name":"Use Case 4","value":"H\u00e4lt die Weisungen der wichtigsten Verlegenormen ein ((UNI 11493-1, UNI 11371, UNI 11714-1, UNI 11515-1, UNI 10966 usw.)."},{"@type":"PropertyValue","name":"Supply Information","value":"In feuchtigkeitsgesch\u00fctzten Spezials\u00e4cken zu ca. 25 kg"},{"@type":"PropertyValue","name":"Attributes_1","value":"Traditionelle Estriche"},{"@type":"PropertyValue","name":"Attributes_2","value":"Innenbereich"}],"category":[{"@type":"ProductCollection","name":"FASSAFLOOR &#8211; VERLEGEGR\u00dcNDE","identifier":"FASSA_LINEA_FASSAFLOOR_FONDI_DI_POSA_SISTEMA_POSA"},{"@type":"Collection","name":"VERLEGESYSTEM F\u00dcR BODEN- UND WANDBEL\u00c4GE","identifier":"FASSA_SISTEMA_POSA_PAVIMENTI_E_RIVESTIMENTI"}],"inLanguage":"de"},"_links":{"self":[{"href":"https:\/\/www.fassabortolo.it\/de\/wp-json\/wp\/v2\/product\/3498238","targetHints":{"allow":["GET"]}}],"collection":[{"href":"https:\/\/www.fassabortolo.it\/de\/wp-json\/wp\/v2\/product"}],"about":[{"href":"https:\/\/www.fassabortolo.it\/de\/wp-json\/wp\/v2\/types\/product"}],"wp:attachment":[{"href":"https:\/\/www.fassabortolo.it\/de\/wp-json\/wp\/v2\/media?parent=3498238"}],"curies":[{"name":"wp","href":"https:\/\/api.w.org\/{rel}","templated":true}]}}