{"id":3498239,"date":"2026-01-20T15:13:24","date_gmt":"2026-01-20T14:13:24","guid":{"rendered":"http:\/\/10.6.201.155\/?post_type=product&#038;p=52878"},"modified":"2026-05-15T01:35:39","modified_gmt":"2026-05-14T23:35:39","slug":"sm-485","status":"publish","type":"product","link":"https:\/\/www.fassabortolo.it\/de\/produkte\/verlegesystem-fur-boden-und-wandbelage\/fassafloor-verlegegrunde\/sm-485","title":{"rendered":"SM 485"},"content":{"rendered":"","protected":false},"featured_media":0,"template":"","class_list":["post-3498239","product","type-product","status-publish","hentry"],"acf":[],"fimg":{"url":"https:\/\/www.fassabortolo.it\/wp-content\/uploads\/media\/assets\/SM_485.jpg","alt":"SM 485"},"product_description":["Selbstnivellierende, faserverst\u00e4rke und schnellabbindende Ausgleichsgl\u00e4tte f\u00fcr Innenb\u00f6den, f\u00fcr Schichtst\u00e4rken von 3 bis 30 mm"],"ekr_hierarchy_settings":{"it":{"FASSA_LINEA_FASSAFLOOR_FONDI_DI_POSA_SISTEMA_POSA":{"ekr_position":17}},"ch":{"FASSA_LINEA_FASSAFLOOR_FONDI_DI_POSA_SISTEMA_POSA":{"ekr_position":2}},"es":{"FASSAES_LINEA_FASSAFLOOR_FONDI_DI_POSA_SISTEMA_POSA":{"ekr_position":2}},"lu":{"FASSA_LINEA_FASSAFLOOR_FONDI_DI_POSA_SISTEMA_POSA":{"ekr_position":2}}},"lang":{"language_code":"de","locale":"de_DE","text_direction":false,"display_name":"Deutsch","native_name":"Tedesco","different_language":false},"systems":[{"id":3497517,"name":"VERLEGESYSTEM F\u00dcR BODEN- UND WANDBEL\u00c4GE","permalink":"https:\/\/www.fassabortolo.it\/de\/produkte\/verlegesystem-fur-boden-und-wandbelage\/","slug":"verlegesystem-fur-boden-und-wandbelage","ekr_pallet_code":"FASSA_SISTEMA_POSA_PAVIMENTI_E_RIVESTIMENTI"}],"product_pallet_code":"PROD_SM_485","lines":[{"id":3497462,"name":"FASSAFLOOR &#8211; VERLEGEGR\u00dcNDE","permalink":"https:\/\/www.fassabortolo.it\/de\/produkte\/\/fassafloor-verlegegrunde\/","slug":"fassafloor-verlegegrunde","system_codes":["FASSA_SISTEMA_POSA_PAVIMENTI_E_RIVESTIMENTI"],"ekr_pallet_code":"FASSA_LINEA_FASSAFLOOR_FONDI_DI_POSA_SISTEMA_POSA"}],"use":["SM 485 wird im Innenbereich zum Ausgleichen von unregelm\u00e4\u00dfigen Gr\u00fcnden oder von Keramik-Altb\u00f6den mit Auftragsschichten von 3 bis 30 mm verwendet, wann immer eine kurze Trocknungszeit erforderlich ist, um anschlie\u00dfend ein rasches Bodenverlegen zu erm\u00f6glichen. &nbsp; Ideal f\u00fcr die Verlegung von Bodenbel\u00e4gen aus Holz, aus Steinmaterialien, aus elastischen Stoffen (Linoleum, PVC, Teppichb\u00f6den, LVT, Gummi usw.), aus Kermikfliesen und Harzbeschichtungen. &nbsp; Aufgrund des hervorragenden Flie\u00dfverhaltens hinterl\u00e4sst SM 485 keinerlei Unregelm\u00e4\u00dfigkeiten.","Dank guter mechanischer Leistungseigenschaften eignet sich SM 485 f\u00fcr folgende Verwendungszwecke:","R\u00e4umlichkeiten f\u00fcr die wohnbauliche Nutzung (Hotelgeb\u00e4ude, Wohnr\u00e4ume und entsprechende Serviceeinrichtungen);","B\u00fcror\u00e4umlichkeiten f\u00fcr die private und \u00f6ffentliche Nutzung;","\u00d6ffentliche Einrichtungen (Restaurants, Einrichtungen im Gesundheitswesen, Schulen, Turnhallen, Bibliothekten usw.);","R\u00e4umlichkeiten f\u00fcr die gewerbliche Nutzung (Gesch\u00e4fte, Magazine, B\u00fcchereien, Einkaufszentren usw.)","SM 485 eignet sich besonders zur Anwendung in Innenbereichen im Wohnungsbau, und zwar auf niedrigen Heiz-\/K\u00fchlsystemen mit W\u00e4rme\u00fcbertragungsmittel oder auf jenen mit elektrischer Funktionsweise.","H\u00e4lt die Weisungen der wichtigsten technischen Verlegenormen ein (UNI 11493-1, UNI 11371, UNI 11515-1, UNI 11714-1, UNI 10966 usw.)."],"supply":["In feuchtigkeitsgesch\u00fctzten Spezials\u00e4cken zu ca. 25 kg"],"attributes":{"Attributes_1":{"SELBSTNIVELLIERENDE GL\u00c4TTPRODUKTE":"Selbstnivellierende Gl\u00e4ttprodukte"},"Attributes_2":{"INNENBEREICH":"Innenbereich"}},"___attributes":{"FASSAES":{"FASSA_SISTEMA_POSA_PAVIMENTI_E_RIVESTIMENTI":{"Attributes_1":["Selbstnivellierende Gl\u00e4ttprodukte"],"Attributes_2":["Innenbereich"]}},"FASSA":{"FASSA_SISTEMA_POSA_PAVIMENTI_E_RIVESTIMENTI":{"Attributes_1":["Selbstnivellierende Gl\u00e4ttprodukte"],"Attributes_2":["Innenbereich"]}}},"elastic_market_index":"it","structured_data":{"@context":"https:\/\/schema.org","@type":"Product","name":"SM 485","description":["Selbstnivellierende, faserverst\u00e4rke und schnellabbindende Ausgleichsgl\u00e4tte f\u00fcr Innenb\u00f6den, f\u00fcr Schichtst\u00e4rken von 3 bis 30 mm"],"url":"https:\/\/www.fassabortolo.it\/de\/produkte\/verlegesystem-fur-boden-und-wandbelage\/fassafloor-verlegegrunde\/sm-485","identifier":"PROD_SM_485","sku":"PROD_SM_485","image":"https:\/\/www.fassabortolo.it\/wp-content\/uploads\/media\/assets\/SM_485.jpg","brand":{"@type":"Brand","name":"Fassa Bortolo"},"manufacturer":{"@type":"Organization","name":"Fassa Bortolo","url":"https:\/\/www.fassabortolo.it"},"additionalProperty":[{"@type":"PropertyValue","name":"Use Case 1","value":"SM 485 wird im Innenbereich zum Ausgleichen von unregelm\u00e4\u00dfigen Gr\u00fcnden oder von Keramik-Altb\u00f6den mit Auftragsschichten von 3 bis 30 mm verwendet, wann immer eine kurze Trocknungszeit erforderlich ist, um anschlie\u00dfend ein rasches Bodenverlegen zu erm\u00f6glichen. &nbsp; Ideal f\u00fcr die Verlegung von Bodenbel\u00e4gen aus Holz, aus Steinmaterialien, aus elastischen Stoffen (Linoleum, PVC, Teppichb\u00f6den, LVT, Gummi usw.), aus Kermikfliesen und Harzbeschichtungen. &nbsp; Aufgrund des hervorragenden Flie\u00dfverhaltens hinterl\u00e4sst SM 485 keinerlei Unregelm\u00e4\u00dfigkeiten."},{"@type":"PropertyValue","name":"Use Case 2","value":"Dank guter mechanischer Leistungseigenschaften eignet sich SM 485 f\u00fcr folgende Verwendungszwecke:"},{"@type":"PropertyValue","name":"Use Case 3","value":"R\u00e4umlichkeiten f\u00fcr die wohnbauliche Nutzung (Hotelgeb\u00e4ude, Wohnr\u00e4ume und entsprechende Serviceeinrichtungen);"},{"@type":"PropertyValue","name":"Use Case 4","value":"B\u00fcror\u00e4umlichkeiten f\u00fcr die private und \u00f6ffentliche Nutzung;"},{"@type":"PropertyValue","name":"Use Case 5","value":"\u00d6ffentliche Einrichtungen (Restaurants, Einrichtungen im Gesundheitswesen, Schulen, Turnhallen, Bibliothekten usw.);"},{"@type":"PropertyValue","name":"Use Case 6","value":"R\u00e4umlichkeiten f\u00fcr die gewerbliche Nutzung (Gesch\u00e4fte, Magazine, B\u00fcchereien, Einkaufszentren usw.)"},{"@type":"PropertyValue","name":"Use Case 7","value":"SM 485 eignet sich besonders zur Anwendung in Innenbereichen im Wohnungsbau, und zwar auf niedrigen Heiz-\/K\u00fchlsystemen mit W\u00e4rme\u00fcbertragungsmittel oder auf jenen mit elektrischer Funktionsweise."},{"@type":"PropertyValue","name":"Use Case 8","value":"H\u00e4lt die Weisungen der wichtigsten technischen Verlegenormen ein (UNI 11493-1, UNI 11371, UNI 11515-1, UNI 11714-1, UNI 10966 usw.)."},{"@type":"PropertyValue","name":"Supply Information","value":"In feuchtigkeitsgesch\u00fctzten Spezials\u00e4cken zu ca. 25 kg"},{"@type":"PropertyValue","name":"Attributes_1","value":"Selbstnivellierende Gl\u00e4ttprodukte"},{"@type":"PropertyValue","name":"Attributes_2","value":"Innenbereich"}],"category":[{"@type":"ProductCollection","name":"FASSAFLOOR &#8211; VERLEGEGR\u00dcNDE","identifier":"FASSA_LINEA_FASSAFLOOR_FONDI_DI_POSA_SISTEMA_POSA"},{"@type":"Collection","name":"VERLEGESYSTEM F\u00dcR BODEN- UND WANDBEL\u00c4GE","identifier":"FASSA_SISTEMA_POSA_PAVIMENTI_E_RIVESTIMENTI"}],"inLanguage":"de"},"_links":{"self":[{"href":"https:\/\/www.fassabortolo.it\/de\/wp-json\/wp\/v2\/product\/3498239","targetHints":{"allow":["GET"]}}],"collection":[{"href":"https:\/\/www.fassabortolo.it\/de\/wp-json\/wp\/v2\/product"}],"about":[{"href":"https:\/\/www.fassabortolo.it\/de\/wp-json\/wp\/v2\/types\/product"}],"wp:attachment":[{"href":"https:\/\/www.fassabortolo.it\/de\/wp-json\/wp\/v2\/media?parent=3498239"}],"curies":[{"name":"wp","href":"https:\/\/api.w.org\/{rel}","templated":true}]}}