{"id":3498240,"date":"2026-01-20T15:13:26","date_gmt":"2026-01-20T14:13:26","guid":{"rendered":"http:\/\/10.6.201.155\/?post_type=product&#038;p=52882"},"modified":"2026-05-15T01:35:02","modified_gmt":"2026-05-14T23:35:02","slug":"sp-22","status":"publish","type":"product","link":"https:\/\/www.fassabortolo.it\/de\/produkte\/verputz-und-bausystem\/traditionelle-produkte\/sp-22","title":{"rendered":"SP 22"},"content":{"rendered":"","protected":false},"featured_media":0,"template":"","class_list":["post-3498240","product","type-product","status-publish","hentry"],"acf":[],"fimg":{"url":"https:\/\/www.fassabortolo.it\/wp-content\/uploads\/media\/assets\/SP_22.jpg","alt":"SP 22"},"product_description":["Leistungsstarker Haftbewurf auf zement\u00f6ser Basis f\u00fcr Betonoberfl\u00e4chen im Au\u00dfen- und Innenbereich"],"ekr_hierarchy_settings":{"it":{"FASSA_LINEA_PRODOTTI_TRADIZIONALI_SISTEMA_INTONACATURA":{"ekr_position":1}},"ch":{"FASSA_LINEA_PRODOTTI_TRADIZIONALI_SISTEMA_INTONACATURA":{"ekr_position":1}},"es":{"FASSAES_LINEA_PRODOTTI_TRADIZIONALI_SISTEMA_INTONACATURA":{"ekr_position":2}},"lu":{"FASSA_LINEA_PRODOTTI_TRADIZIONALI_SISTEMA_INTONACATURA":{"ekr_position":1}}},"lang":{"language_code":"de","locale":"de_DE","text_direction":false,"display_name":"Deutsch","native_name":"Tedesco","different_language":false},"systems":[{"id":3497520,"name":"VERPUTZ- UND BAUSYSTEM","permalink":"https:\/\/www.fassabortolo.it\/de\/produkte\/verputz-und-bausystem\/","slug":"verputz-und-bausystem","ekr_pallet_code":"FASSA_SISTEMA_INTONACATURA_E_COSTRUZIONE"}],"product_pallet_code":"PROD_SP_22","lines":[{"id":3497483,"name":"TRADITIONELLE PRODUKTE","permalink":"https:\/\/www.fassabortolo.it\/de\/produkte\/\/traditionelle-produkte\/","slug":"traditionelle-produkte","system_codes":["FASSA_SISTEMA_INTONACATURA_E_COSTRUZIONE"],"ekr_pallet_code":"FASSA_LINEA_PRODOTTI_TRADIZIONALI_SISTEMA_INTONACATURA"}],"use":["SP 22 wird verwendet als zement\u00f6ser Haftbewurf auf Ziegelmauerwerken und \u00e4u\u00dferst glatten Betonoberfl\u00e4chen vor dem Auftragen eines Kalk-Zementgrundputzes."],"supply":["In feuchtigkeitsgesch\u00fctzten Spezials\u00e4cken zu ca. 25 kg"],"attributes":{"Attributes_1":{"HAFTBEWURFE\/HAFTVERMITTLER":"Haftbewurfe\/Haftvermittler"},"Attributes_2":{"AUSSENBEREICH":"Au\u00dfenbereich","INNENBEREICH":"Innenbereich"}},"___attributes":{"FASSAES":{"FASSA_SISTEMA_INTONACATURA_E_COSTRUZIONE":{"Attributes_1":["Haftbewurfe\/Haftvermittler"],"Attributes_2":["Au\u00dfenbereich","Innenbereich"]}},"FASSA":{"FASSA_SISTEMA_INTONACATURA_E_COSTRUZIONE":{"Attributes_1":["Haftbewurfe\/Haftvermittler"],"Attributes_2":["Au\u00dfenbereich","Innenbereich"]}}},"elastic_market_index":"it","structured_data":{"@context":"https:\/\/schema.org","@type":"Product","name":"SP 22","description":["Leistungsstarker Haftbewurf auf zement\u00f6ser Basis f\u00fcr Betonoberfl\u00e4chen im Au\u00dfen- und Innenbereich"],"url":"https:\/\/www.fassabortolo.it\/de\/produkte\/verputz-und-bausystem\/traditionelle-produkte\/sp-22","identifier":"PROD_SP_22","sku":"PROD_SP_22","image":"https:\/\/www.fassabortolo.it\/wp-content\/uploads\/media\/assets\/SP_22.jpg","brand":{"@type":"Brand","name":"Fassa Bortolo"},"manufacturer":{"@type":"Organization","name":"Fassa Bortolo","url":"https:\/\/www.fassabortolo.it"},"additionalProperty":[{"@type":"PropertyValue","name":"Use Case 1","value":"SP 22 wird verwendet als zement\u00f6ser Haftbewurf auf Ziegelmauerwerken und \u00e4u\u00dferst glatten Betonoberfl\u00e4chen vor dem Auftragen eines Kalk-Zementgrundputzes."},{"@type":"PropertyValue","name":"Supply Information","value":"In feuchtigkeitsgesch\u00fctzten Spezials\u00e4cken zu ca. 25 kg"},{"@type":"PropertyValue","name":"Attributes_1","value":"Haftbewurfe\/Haftvermittler"},{"@type":"PropertyValue","name":"Attributes_2","value":"Au\u00dfenbereich"},{"@type":"PropertyValue","name":"Attributes_2","value":"Innenbereich"}],"category":[{"@type":"ProductCollection","name":"TRADITIONELLE PRODUKTE","identifier":"FASSA_LINEA_PRODOTTI_TRADIZIONALI_SISTEMA_INTONACATURA"},{"@type":"Collection","name":"VERPUTZ- UND BAUSYSTEM","identifier":"FASSA_SISTEMA_INTONACATURA_E_COSTRUZIONE"}],"inLanguage":"de"},"_links":{"self":[{"href":"https:\/\/www.fassabortolo.it\/de\/wp-json\/wp\/v2\/product\/3498240","targetHints":{"allow":["GET"]}}],"collection":[{"href":"https:\/\/www.fassabortolo.it\/de\/wp-json\/wp\/v2\/product"}],"about":[{"href":"https:\/\/www.fassabortolo.it\/de\/wp-json\/wp\/v2\/types\/product"}],"wp:attachment":[{"href":"https:\/\/www.fassabortolo.it\/de\/wp-json\/wp\/v2\/media?parent=3498240"}],"curies":[{"name":"wp","href":"https:\/\/api.w.org\/{rel}","templated":true}]}}