{"id":3498244,"date":"2026-01-20T15:13:29","date_gmt":"2026-01-20T14:13:29","guid":{"rendered":"http:\/\/10.6.201.155\/?post_type=product&#038;p=52899"},"modified":"2026-05-15T01:35:53","modified_gmt":"2026-05-14T23:35:53","slug":"sl-416","status":"publish","type":"product","link":"https:\/\/www.fassabortolo.it\/de\/produkte\/verlegesystem-fur-boden-und-wandbelage\/fassafloor-verlegegrunde\/sl-416","title":{"rendered":"SL 416"},"content":{"rendered":"","protected":false},"featured_media":0,"template":"","class_list":["post-3498244","product","type-product","status-publish","hentry"],"acf":[],"fimg":{"url":"https:\/\/www.fassabortolo.it\/wp-content\/uploads\/media\/assets\/SL_416.jpg","alt":"SL 416"},"product_description":["Selbstnivellierende und schnellabbindende Ausgleichsgl\u00e4tte f\u00fcr Innenb\u00f6den, f\u00fcr Schichtst\u00e4rken von 1 bis 10 mm"],"ekr_hierarchy_settings":{"it":{"FASSA_LINEA_FASSAFLOOR_FONDI_DI_POSA_SISTEMA_POSA":{"ekr_position":18}},"ch":{"FASSA_LINEA_FASSAFLOOR_FONDI_DI_POSA_SISTEMA_POSA":{"ekr_position":3}},"es":{"FASSAES_LINEA_FASSAFLOOR_FONDI_DI_POSA_SISTEMA_POSA":{"ekr_position":3}},"lu":{"FASSA_LINEA_FASSAFLOOR_FONDI_DI_POSA_SISTEMA_POSA":{"ekr_position":3}}},"lang":{"language_code":"de","locale":"de_DE","text_direction":false,"display_name":"Deutsch","native_name":"Tedesco","different_language":false},"systems":[{"id":3497517,"name":"VERLEGESYSTEM F\u00dcR BODEN- UND WANDBEL\u00c4GE","permalink":"https:\/\/www.fassabortolo.it\/de\/produkte\/verlegesystem-fur-boden-und-wandbelage\/","slug":"verlegesystem-fur-boden-und-wandbelage","ekr_pallet_code":"FASSA_SISTEMA_POSA_PAVIMENTI_E_RIVESTIMENTI"}],"product_pallet_code":"PROD_SL_416","lines":[{"id":3497462,"name":"FASSAFLOOR &#8211; VERLEGEGR\u00dcNDE","permalink":"https:\/\/www.fassabortolo.it\/de\/produkte\/\/fassafloor-verlegegrunde\/","slug":"fassafloor-verlegegrunde","system_codes":["FASSA_SISTEMA_POSA_PAVIMENTI_E_RIVESTIMENTI"],"ekr_pallet_code":"FASSA_LINEA_FASSAFLOOR_FONDI_DI_POSA_SISTEMA_POSA"}],"use":["SL 416 wird wird im Innenbereich zum fehlerfreien Ausgleichen von unregelm\u00e4\u00dfigen Untergr\u00fcnden oder von alten Keramikbel\u00e4gen mit einer anwendbaren Schichtst\u00e4rke von 1 bis 10 mm verwendet, wenn eine kurzfristige Abbindezeit f\u00fcr die anschlie\u00dfende rasche Bodenverlegung erforderlich ist. &nbsp; Ideal f\u00fcr die Verlegung von Bodenbel\u00e4gen aus Holz, aus Steinzeug und f\u00fcr Keramikfliesen.","Aufgrund seines hervorragenden Flie\u00dfverhaltens eignet sich SL 416 insbesondere zum Ausgleichen von Untergr\u00fcnden zur anschlie\u00dfenden Verlegung von Doppelb\u00f6den und d\u00fcnnschichtigen elastischen Bodenbel\u00e4gen (wie Linoleum, PVC, Teppichb\u00f6den, LVT, Gummi usw.) und von Harzbeschichtungen.","Dank guter mechanischer Leistungseigenschaften eignet sich SL 416 f\u00fcr folgende Verwendungszwecke:","R\u00e4umlichkeiten f\u00fcr die wohnbauliche Nutzung (Hotelgeb\u00e4ude, Wohnr\u00e4ume und entsprechende Serviceeinrichtungen);","B\u00fcror\u00e4umlichkeiten f\u00fcr die private und \u00f6ffentliche Nutzung;","\u00d6ffentliche Einrichtungen (Restaurants, Einrichtungen im Gesundheitswesen, Schulen, Turnhallen, Bibliothekten usw.);","R\u00e4umlichkeiten f\u00fcr die gewerbliche Nutzung (Gesch\u00e4fte, Magazine, B\u00fcchereien, Einkaufszentren usw.).","Rispetta le indicazioni delle principali normative tecniche di posa (UNI 11493-1, UNI 11371, UNI 11515, UNI 11714-1, UNI 10966 ecc.)"],"supply":["In feuchtigkeitsgesch\u00fctzten Spezials\u00e4cken zu ca. 25 kg"],"attributes":{"Attributes_1":{"SELBSTNIVELLIERENDE GL\u00c4TTPRODUKTE":"Selbstnivellierende Gl\u00e4ttprodukte"},"Attributes_2":{"INNENBEREICH":"Innenbereich"}},"___attributes":{"FASSAES":{"FASSA_SISTEMA_POSA_PAVIMENTI_E_RIVESTIMENTI":{"Attributes_1":["Selbstnivellierende Gl\u00e4ttprodukte"],"Attributes_2":["Innenbereich"]}},"FASSA":{"FASSA_SISTEMA_POSA_PAVIMENTI_E_RIVESTIMENTI":{"Attributes_1":["Selbstnivellierende Gl\u00e4ttprodukte"],"Attributes_2":["Innenbereich"]}}},"elastic_market_index":"it","structured_data":{"@context":"https:\/\/schema.org","@type":"Product","name":"SL 416","description":["Selbstnivellierende und schnellabbindende Ausgleichsgl\u00e4tte f\u00fcr Innenb\u00f6den, f\u00fcr Schichtst\u00e4rken von 1 bis 10 mm"],"url":"https:\/\/www.fassabortolo.it\/de\/produkte\/verlegesystem-fur-boden-und-wandbelage\/fassafloor-verlegegrunde\/sl-416","identifier":"PROD_SL_416","sku":"PROD_SL_416","image":"https:\/\/www.fassabortolo.it\/wp-content\/uploads\/media\/assets\/SL_416.jpg","brand":{"@type":"Brand","name":"Fassa Bortolo"},"manufacturer":{"@type":"Organization","name":"Fassa Bortolo","url":"https:\/\/www.fassabortolo.it"},"additionalProperty":[{"@type":"PropertyValue","name":"Use Case 1","value":"SL 416 wird wird im Innenbereich zum fehlerfreien Ausgleichen von unregelm\u00e4\u00dfigen Untergr\u00fcnden oder von alten Keramikbel\u00e4gen mit einer anwendbaren Schichtst\u00e4rke von 1 bis 10 mm verwendet, wenn eine kurzfristige Abbindezeit f\u00fcr die anschlie\u00dfende rasche Bodenverlegung erforderlich ist. &nbsp; Ideal f\u00fcr die Verlegung von Bodenbel\u00e4gen aus Holz, aus Steinzeug und f\u00fcr Keramikfliesen."},{"@type":"PropertyValue","name":"Use Case 2","value":"Aufgrund seines hervorragenden Flie\u00dfverhaltens eignet sich SL 416 insbesondere zum Ausgleichen von Untergr\u00fcnden zur anschlie\u00dfenden Verlegung von Doppelb\u00f6den und d\u00fcnnschichtigen elastischen Bodenbel\u00e4gen (wie Linoleum, PVC, Teppichb\u00f6den, LVT, Gummi usw.) und von Harzbeschichtungen."},{"@type":"PropertyValue","name":"Use Case 3","value":"Dank guter mechanischer Leistungseigenschaften eignet sich SL 416 f\u00fcr folgende Verwendungszwecke:"},{"@type":"PropertyValue","name":"Use Case 4","value":"R\u00e4umlichkeiten f\u00fcr die wohnbauliche Nutzung (Hotelgeb\u00e4ude, Wohnr\u00e4ume und entsprechende Serviceeinrichtungen);"},{"@type":"PropertyValue","name":"Use Case 5","value":"B\u00fcror\u00e4umlichkeiten f\u00fcr die private und \u00f6ffentliche Nutzung;"},{"@type":"PropertyValue","name":"Use Case 6","value":"\u00d6ffentliche Einrichtungen (Restaurants, Einrichtungen im Gesundheitswesen, Schulen, Turnhallen, Bibliothekten usw.);"},{"@type":"PropertyValue","name":"Use Case 7","value":"R\u00e4umlichkeiten f\u00fcr die gewerbliche Nutzung (Gesch\u00e4fte, Magazine, B\u00fcchereien, Einkaufszentren usw.)."},{"@type":"PropertyValue","name":"Use Case 8","value":"Rispetta le indicazioni delle principali normative tecniche di posa (UNI 11493-1, UNI 11371, UNI 11515, UNI 11714-1, UNI 10966 ecc.)"},{"@type":"PropertyValue","name":"Supply Information","value":"In feuchtigkeitsgesch\u00fctzten Spezials\u00e4cken zu ca. 25 kg"},{"@type":"PropertyValue","name":"Attributes_1","value":"Selbstnivellierende Gl\u00e4ttprodukte"},{"@type":"PropertyValue","name":"Attributes_2","value":"Innenbereich"}],"category":[{"@type":"ProductCollection","name":"FASSAFLOOR &#8211; VERLEGEGR\u00dcNDE","identifier":"FASSA_LINEA_FASSAFLOOR_FONDI_DI_POSA_SISTEMA_POSA"},{"@type":"Collection","name":"VERLEGESYSTEM F\u00dcR BODEN- UND WANDBEL\u00c4GE","identifier":"FASSA_SISTEMA_POSA_PAVIMENTI_E_RIVESTIMENTI"}],"inLanguage":"de"},"_links":{"self":[{"href":"https:\/\/www.fassabortolo.it\/de\/wp-json\/wp\/v2\/product\/3498244","targetHints":{"allow":["GET"]}}],"collection":[{"href":"https:\/\/www.fassabortolo.it\/de\/wp-json\/wp\/v2\/product"}],"about":[{"href":"https:\/\/www.fassabortolo.it\/de\/wp-json\/wp\/v2\/types\/product"}],"wp:attachment":[{"href":"https:\/\/www.fassabortolo.it\/de\/wp-json\/wp\/v2\/media?parent=3498244"}],"curies":[{"name":"wp","href":"https:\/\/api.w.org\/{rel}","templated":true}]}}