{"id":3498245,"date":"2026-01-20T15:13:29","date_gmt":"2026-01-20T14:13:29","guid":{"rendered":"http:\/\/10.6.201.155\/?post_type=product&#038;p=52901"},"modified":"2026-04-24T10:26:03","modified_gmt":"2026-04-24T08:26:03","slug":"special-wall-b-550-m","status":"publish","type":"product","link":"https:\/\/www.fassabortolo.it\/de\/produkte\/betoninstandsetzungs-system\/thixotrope-produkte\/special-wall-b-550-m","title":{"rendered":"SPECIAL WALL B 550 M"},"content":{"rendered":"","protected":false},"featured_media":0,"template":"","class_list":["post-3498245","product","type-product","status-publish","hentry"],"acf":[],"fimg":{"url":"https:\/\/www.fassabortolo.it\/wp-content\/uploads\/media\/assets\/SPECIAL_WALL_B_550_M.jpg","alt":"SPECIAL WALL B 550 M"},"product_description":["Thixotroper, faserverst\u00e4rkter und schwindkontrollierter Einkomponenten-Zementm\u00f6rtel bestehend aus sulfatbest\u00e4ndigem Zement, spritzbar, f\u00fcr die Reparatur und Verst\u00e4rkung von Betonbauteilen, von Mischmauerwerk, historischem Gem\u00e4uer und Br\u00fcstungen"],"ekr_hierarchy_settings":{"it":{"FASSA_LINEA_PRODOTTI_TIXOTROPICI_SISTEMA_RIPRISTINO":{"ekr_position":5}},"ch":{"FASSA_LINEA_PRODOTTI_TIXOTROPICI_SISTEMA_RIPRISTINO":{"ekr_position":1}},"fr":{"FASSAFR_LINEA_LEGANTI_SISTEMA_RIPRISTINO":{"ekr_position":3}},"es":{"FASSAES_LINEA_PRODOTTI_TIXOTROPICI_SISTEMA_RIPRISTINO":{"ekr_position":1}},"lu":{"FASSA_LINEA_PRODOTTI_TIXOTROPICI_SISTEMA_RIPRISTINO":{"ekr_position":1}}},"lang":{"language_code":"de","locale":"de_DE","text_direction":false,"display_name":"Deutsch","native_name":"Tedesco","different_language":false},"systems":[{"id":3497516,"name":"BETONINSTANDSETZUNGS-SYSTEM","permalink":"https:\/\/www.fassabortolo.it\/de\/produkte\/betoninstandsetzungs-system\/","slug":"betoninstandsetzungs-system","ekr_pallet_code":"FASSA_SISTEMA_RIPRISTINO_DEL_CALCESTRUZZO"}],"product_pallet_code":"PROD_SPECIAL_WALL_B_550_M","lines":[{"id":3497492,"name":"THIXOTROPE PRODUKTE","permalink":"https:\/\/www.fassabortolo.it\/de\/produkte\/\/thixotrope-produkte\/","slug":"thixotrope-produkte","system_codes":["FASSA_SISTEMA_RIPRISTINO_DEL_CALCESTRUZZO"],"ekr_pallet_code":"FASSA_LINEA_PRODOTTI_TIXOTROPICI_SISTEMA_RIPRISTINO"}],"use":["SPECIAL WALL B 550 M eignet sich f\u00fcr strukturelle Konsolidierungs- oder Verst\u00e4rkungsma\u00dfnahmen samt punktverschwei\u00dftem Drahtgewebe an Mauerwerks- und Betonbauteilen. &nbsp; Wird ferner f\u00fcr die Reparatur der Kanten von Balken und Pfeilern, f\u00fcr die Instandsetzung von Gesimsen und schadhaften Balkonen sowie f\u00fcr die Wiederherstellung der \u00dcberdeckungsschichten von Armierungseisen bei Stahlbetonbauwerken verwendet, wenn mechanische Festigkeiten mittleren Ausma\u00dfes erforderlich sind.","Il prodotto \u00e8 idoneo come fondo per l\u2019incollaggio di piastrellature ceramiche in facciata."],"supply":["In feuchtigkeitsgesch\u00fctzten Spezials\u00e4cken zu ca. 25 kg"],"attributes":{"Attributes_1":{"R3\/R4 M\u00d6RTEL":"R3\/R4 m\u00f6rtel"},"Attributes_2":{"AUSSENBEREICH":"Au\u00dfenbereich","INNENBEREICH":"Innenbereich"}},"___attributes":{"FASSAES":{"FASSA_SISTEMA_RIPRISTINO_DEL_CALCESTRUZZO":{"Attributes_1":["R3\/R4 m\u00f6rtel"],"Attributes_2":["Au\u00dfenbereich","Innenbereich"]}},"FASSA":{"FASSA_SISTEMA_RIPRISTINO_DEL_CALCESTRUZZO":{"Attributes_1":["R3\/R4 m\u00f6rtel"],"Attributes_2":["Au\u00dfenbereich","Innenbereich"]}}},"elastic_market_index":"it","structured_data":{"@context":"https:\/\/schema.org","@type":"Product","name":"SPECIAL WALL B 550 M","description":["Thixotroper, faserverst\u00e4rkter und schwindkontrollierter Einkomponenten-Zementm\u00f6rtel bestehend aus sulfatbest\u00e4ndigem Zement, spritzbar, f\u00fcr die Reparatur und Verst\u00e4rkung von Betonbauteilen, von Mischmauerwerk, historischem Gem\u00e4uer und Br\u00fcstungen"],"url":"https:\/\/www.fassabortolo.it\/de\/produkte\/betoninstandsetzungs-system\/thixotrope-produkte\/special-wall-b-550-m","identifier":"PROD_SPECIAL_WALL_B_550_M","sku":"PROD_SPECIAL_WALL_B_550_M","image":"https:\/\/www.fassabortolo.it\/wp-content\/uploads\/media\/assets\/SPECIAL_WALL_B_550_M.jpg","brand":{"@type":"Brand","name":"Fassa Bortolo"},"manufacturer":{"@type":"Organization","name":"Fassa Bortolo","url":"https:\/\/www.fassabortolo.it"},"additionalProperty":[{"@type":"PropertyValue","name":"Use Case 1","value":"SPECIAL WALL B 550 M eignet sich f\u00fcr strukturelle Konsolidierungs- oder Verst\u00e4rkungsma\u00dfnahmen samt punktverschwei\u00dftem Drahtgewebe an Mauerwerks- und Betonbauteilen. &nbsp; Wird ferner f\u00fcr die Reparatur der Kanten von Balken und Pfeilern, f\u00fcr die Instandsetzung von Gesimsen und schadhaften Balkonen sowie f\u00fcr die Wiederherstellung der \u00dcberdeckungsschichten von Armierungseisen bei Stahlbetonbauwerken verwendet, wenn mechanische Festigkeiten mittleren Ausma\u00dfes erforderlich sind."},{"@type":"PropertyValue","name":"Use Case 2","value":"Il prodotto \u00e8 idoneo come fondo per l\u2019incollaggio di piastrellature ceramiche in facciata."},{"@type":"PropertyValue","name":"Supply Information","value":"In feuchtigkeitsgesch\u00fctzten Spezials\u00e4cken zu ca. 25 kg"},{"@type":"PropertyValue","name":"Attributes_1","value":"R3\/R4 m\u00f6rtel"},{"@type":"PropertyValue","name":"Attributes_2","value":"Au\u00dfenbereich"},{"@type":"PropertyValue","name":"Attributes_2","value":"Innenbereich"}],"category":[{"@type":"ProductCollection","name":"THIXOTROPE PRODUKTE","identifier":"FASSA_LINEA_PRODOTTI_TIXOTROPICI_SISTEMA_RIPRISTINO"},{"@type":"Collection","name":"BETONINSTANDSETZUNGS-SYSTEM","identifier":"FASSA_SISTEMA_RIPRISTINO_DEL_CALCESTRUZZO"}],"inLanguage":"de"},"_links":{"self":[{"href":"https:\/\/www.fassabortolo.it\/de\/wp-json\/wp\/v2\/product\/3498245","targetHints":{"allow":["GET"]}}],"collection":[{"href":"https:\/\/www.fassabortolo.it\/de\/wp-json\/wp\/v2\/product"}],"about":[{"href":"https:\/\/www.fassabortolo.it\/de\/wp-json\/wp\/v2\/types\/product"}],"wp:attachment":[{"href":"https:\/\/www.fassabortolo.it\/de\/wp-json\/wp\/v2\/media?parent=3498245"}],"curies":[{"name":"wp","href":"https:\/\/api.w.org\/{rel}","templated":true}]}}