{"id":3498246,"date":"2026-01-20T15:13:32","date_gmt":"2026-01-20T14:13:32","guid":{"rendered":"http:\/\/10.6.201.155\/?post_type=product&#038;p=52907"},"modified":"2026-05-15T01:35:22","modified_gmt":"2026-05-14T23:35:22","slug":"platte-silvertech","status":"publish","type":"product","link":"https:\/\/www.fassabortolo.it\/de\/produkte\/sistema-isolamento-termico-fassatherm\/dammplatten\/platte-silvertech","title":{"rendered":"PLATTE SILVERTECH"},"content":{"rendered":"","protected":false},"featured_media":0,"template":"","class_list":["post-3498246","product","type-product","status-publish","hentry"],"acf":[],"fimg":{"url":"https:\/\/www.fassabortolo.it\/wp-content\/uploads\/media\/assets\/LASTRA_SILVERTECH_031.jpg","alt":"PLATTE SILVERTECH"},"product_description":["Gepresste EPS-D\u00e4mmplatte mit Graphitzuschlag, mit einer W\u00e4rmeleitf\u00e4higkeit von 0,031 W\/(m\u00b7K).","Entspricht den CAM-MUK"],"ekr_hierarchy_settings":{"it":{"FASSA_LINEA_PANNELLI_ISOLANTI_SISTEMA_ISOLAMENTO":{"ekr_position":1}},"ch":{"FASSA_LINEA_PANNELLI_ISOLANTI_SISTEMA_ISOLAMENTO":{"ekr_position":1}},"lu":{"FASSA_LINEA_PANNELLI_ISOLANTI_SISTEMA_ISOLAMENTO":{"ekr_position":1}}},"lang":{"language_code":"de","locale":"de_DE","text_direction":false,"display_name":"Deutsch","native_name":"Tedesco","different_language":false},"systems":[{"id":3497519,"name":"W\u00c4RMED\u00c4MMVERBUNDSYSTEM FASSATHERM\u00ae","permalink":"https:\/\/www.fassabortolo.it\/de\/produkte\/sistema-isolamento-termico-fassatherm\/","slug":"sistema-isolamento-termico-fassatherm","ekr_pallet_code":"FASSA_SISTEMA_ISOLAMENTO_TERMICO_FASSATHERM"}],"product_pallet_code":"PROD_SILVERTECH","lines":[{"id":3497464,"name":"D\u00c4MMPLATTEN","permalink":"https:\/\/www.fassabortolo.it\/de\/produkte\/\/dammplatten\/","slug":"dammplatten","system_codes":["FASSA_SISTEMA_ISOLAMENTO_TERMICO_FASSATHERM"],"ekr_pallet_code":"FASSA_LINEA_PANNELLI_ISOLANTI_SISTEMA_ISOLAMENTO"}],"use":["Die W\u00e4rmed\u00e4mmplatten SILVERTECH werden f\u00fcr die au\u00dfenseitige Anbringung von W\u00e4rmed\u00e4mmverbundsystemen an Neubauten verwendet, oder aber bei Wiedergewinnungsma\u00dfnahmen an bestehenden Geb\u00e4uden. &nbsp; Die Plattendicke wird je nach der gew\u00fcnschten W\u00e4rmed\u00e4mmung bestimmt, jedoch immer unter Ber\u00fccksichtigung der jeweils geltenden Bestimmungen am Verwendungsort.","Geeignet f\u00fcr den Einsatz in ETA-zertifizierten Systemen:","ETA 23\/0739 \u2013 FASSATHERM CLASSIC : Dicken von 50 bis 240 mm","ETA 23\/0739 - FASSATHERM CLASSIC A96 100 : Dicken von 50 bis 240 mm","ETA 22\/0427 - FASSATHERM RIVESTO CLASSIC: Dicken von 60 bis 200 mm."],"supply":["Die Platten werden in UV-best\u00e4ndigen Polyethylenverpackungen ausgeliefert."],"attributes":{"Attributes_1":[],"Attributes_2":{"AUSSENBEREICH":"Au\u00dfenbereich"}},"___attributes":{"FASSA":{"FASSA_SISTEMA_ISOLAMENTO_TERMICO_FASSATHERM":{"Attributes_2":["Au\u00dfenbereich"]}}},"elastic_market_index":"it","structured_data":{"@context":"https:\/\/schema.org","@type":"Product","name":"PLATTE SILVERTECH","description":["Gepresste EPS-D\u00e4mmplatte mit Graphitzuschlag, mit einer W\u00e4rmeleitf\u00e4higkeit von 0,031 W\/(m\u00b7K).","Entspricht den CAM-MUK"],"url":"https:\/\/www.fassabortolo.it\/de\/produkte\/sistema-isolamento-termico-fassatherm\/dammplatten\/platte-silvertech","identifier":"PROD_SILVERTECH","sku":"PROD_SILVERTECH","image":"https:\/\/www.fassabortolo.it\/wp-content\/uploads\/media\/assets\/LASTRA_SILVERTECH_031.jpg","brand":{"@type":"Brand","name":"Fassa Bortolo"},"manufacturer":{"@type":"Organization","name":"Fassa Bortolo","url":"https:\/\/www.fassabortolo.it"},"additionalProperty":[{"@type":"PropertyValue","name":"Use Case 1","value":"Die W\u00e4rmed\u00e4mmplatten SILVERTECH werden f\u00fcr die au\u00dfenseitige Anbringung von W\u00e4rmed\u00e4mmverbundsystemen an Neubauten verwendet, oder aber bei Wiedergewinnungsma\u00dfnahmen an bestehenden Geb\u00e4uden. &nbsp; Die Plattendicke wird je nach der gew\u00fcnschten W\u00e4rmed\u00e4mmung bestimmt, jedoch immer unter Ber\u00fccksichtigung der jeweils geltenden Bestimmungen am Verwendungsort."},{"@type":"PropertyValue","name":"Use Case 2","value":"Geeignet f\u00fcr den Einsatz in ETA-zertifizierten Systemen:"},{"@type":"PropertyValue","name":"Use Case 3","value":"ETA 23\/0739 \u2013 FASSATHERM CLASSIC : Dicken von 50 bis 240 mm"},{"@type":"PropertyValue","name":"Use Case 4","value":"ETA 23\/0739 - FASSATHERM CLASSIC A96 100 : Dicken von 50 bis 240 mm"},{"@type":"PropertyValue","name":"Use Case 5","value":"ETA 22\/0427 - FASSATHERM RIVESTO CLASSIC: Dicken von 60 bis 200 mm."},{"@type":"PropertyValue","name":"Supply Information","value":"Die Platten werden in UV-best\u00e4ndigen Polyethylenverpackungen ausgeliefert."},{"@type":"PropertyValue","name":"Attributes_2","value":"Au\u00dfenbereich"}],"category":[{"@type":"ProductCollection","name":"D\u00c4MMPLATTEN","identifier":"FASSA_LINEA_PANNELLI_ISOLANTI_SISTEMA_ISOLAMENTO"},{"@type":"Collection","name":"W\u00c4RMED\u00c4MMVERBUNDSYSTEM FASSATHERM\u00ae","identifier":"FASSA_SISTEMA_ISOLAMENTO_TERMICO_FASSATHERM"}],"inLanguage":"de"},"_links":{"self":[{"href":"https:\/\/www.fassabortolo.it\/de\/wp-json\/wp\/v2\/product\/3498246","targetHints":{"allow":["GET"]}}],"collection":[{"href":"https:\/\/www.fassabortolo.it\/de\/wp-json\/wp\/v2\/product"}],"about":[{"href":"https:\/\/www.fassabortolo.it\/de\/wp-json\/wp\/v2\/types\/product"}],"wp:attachment":[{"href":"https:\/\/www.fassabortolo.it\/de\/wp-json\/wp\/v2\/media?parent=3498246"}],"curies":[{"name":"wp","href":"https:\/\/api.w.org\/{rel}","templated":true}]}}