{"id":3498248,"date":"2026-01-20T15:13:56","date_gmt":"2026-01-20T14:13:56","guid":{"rendered":"http:\/\/10.6.201.155\/?post_type=product&#038;p=52913"},"modified":"2026-05-15T01:35:27","modified_gmt":"2026-05-14T23:35:27","slug":"super-stucco","status":"publish","type":"product","link":"https:\/\/www.fassabortolo.it\/de\/produkte\/verputz-und-bausystem\/produkte-auf-gipsbasis\/super-stucco","title":{"rendered":"SUPER STUCCO"},"content":{"rendered":"","protected":false},"featured_media":0,"template":"","class_list":["post-3498248","product","type-product","status-publish","hentry"],"acf":[],"fimg":{"url":"https:\/\/www.fassabortolo.it\/wp-content\/uploads\/media\/assets\/SUPER_STUCCO_10kg.jpg","alt":"SUPER STUCCO"},"product_description":["F\u00fcllende Spachtelmasse auf Gipsbasis, f\u00fcr Maler und Dekorierer"],"ekr_hierarchy_settings":{"it":{"FASSA_LINEA_PRODOTTI_A_BASE_GESSO_SISTEMA_INTONACATURA":{"ekr_position":11}},"lu":{"FASSA_LINEA_PRODOTTI_A_BASE_GESSO_SISTEMA_INTONACATURA":{"ekr_position":9}}},"lang":{"language_code":"de","locale":"de_DE","text_direction":false,"display_name":"Deutsch","native_name":"Tedesco","different_language":false},"systems":[{"id":3497520,"name":"VERPUTZ- UND BAUSYSTEM","permalink":"https:\/\/www.fassabortolo.it\/de\/produkte\/verputz-und-bausystem\/","slug":"verputz-und-bausystem","ekr_pallet_code":"FASSA_SISTEMA_INTONACATURA_E_COSTRUZIONE"}],"product_pallet_code":"PROD_SUPER_STUCCO","lines":[{"id":3497478,"name":"PRODUKTE AUF GIPSBASIS","permalink":"https:\/\/www.fassabortolo.it\/de\/produkte\/\/produkte-auf-gipsbasis\/","slug":"produkte-auf-gipsbasis","system_codes":["FASSA_SISTEMA_INTONACATURA_E_COSTRUZIONE"],"ekr_pallet_code":"FASSA_LINEA_PRODOTTI_A_BASE_GESSO_SISTEMA_INTONACATURA"}],"use":["SUPER STUCCO wird als Gl\u00e4ttprodukt im Innenbereich auf Kalk- und Gipsputzen zur Anfertigung glatter Oberfl\u00e4chen verwendet. &nbsp; Kann dar\u00fcber hinaus zum Gl\u00e4tten von Putzen auf Kalk-Zementbasis verwendet werden, sofern diese gen\u00fcgend ausgeh\u00e4rtet sind, sowie zum Gl\u00e4tten von Gipskarton."],"supply":["In feuchtigkeitsgesch\u00fctzten Spezials\u00e4cken zu ca. 5 kg &nbsp; (erh\u00e4ltlich in Italien und Frankreich)","In feuchtigkeitsgesch\u00fctzten Spezials\u00e4cken zu ca. 10 kg &nbsp; (erh\u00e4ltlich in Italien, Frankreich und der Schweiz)","In feuchtigkeitsgesch\u00fctzten Spezials\u00e4cken zu ca. 25 kg &nbsp; (erh\u00e4ltlich in Frankreich und der Schweiz)"],"attributes":{"Attributes_1":{"DECKPUTZE\/SPACHELUNGEN":"Deckputze\/Spachelungen"},"Attributes_2":{"INNENBEREICH":"Innenbereich"}},"___attributes":{"FASSA":{"FASSA_SISTEMA_INTONACATURA_E_COSTRUZIONE":{"Attributes_1":["Deckputze\/Spachelungen"],"Attributes_2":["Innenbereich"]}}},"elastic_market_index":"it","structured_data":{"@context":"https:\/\/schema.org","@type":"Product","name":"SUPER STUCCO","description":["F\u00fcllende Spachtelmasse auf Gipsbasis, f\u00fcr Maler und Dekorierer"],"url":"https:\/\/www.fassabortolo.it\/de\/produkte\/verputz-und-bausystem\/produkte-auf-gipsbasis\/super-stucco","identifier":"PROD_SUPER_STUCCO","sku":"PROD_SUPER_STUCCO","image":"https:\/\/www.fassabortolo.it\/wp-content\/uploads\/media\/assets\/SUPER_STUCCO_10kg.jpg","brand":{"@type":"Brand","name":"Fassa Bortolo"},"manufacturer":{"@type":"Organization","name":"Fassa Bortolo","url":"https:\/\/www.fassabortolo.it"},"additionalProperty":[{"@type":"PropertyValue","name":"Use Case 1","value":"SUPER STUCCO wird als Gl\u00e4ttprodukt im Innenbereich auf Kalk- und Gipsputzen zur Anfertigung glatter Oberfl\u00e4chen verwendet. &nbsp; Kann dar\u00fcber hinaus zum Gl\u00e4tten von Putzen auf Kalk-Zementbasis verwendet werden, sofern diese gen\u00fcgend ausgeh\u00e4rtet sind, sowie zum Gl\u00e4tten von Gipskarton."},{"@type":"PropertyValue","name":"Supply Information","value":"In feuchtigkeitsgesch\u00fctzten Spezials\u00e4cken zu ca. 5 kg &nbsp; (erh\u00e4ltlich in Italien und Frankreich)"},{"@type":"PropertyValue","name":"Supply Information","value":"In feuchtigkeitsgesch\u00fctzten Spezials\u00e4cken zu ca. 10 kg &nbsp; (erh\u00e4ltlich in Italien, Frankreich und der Schweiz)"},{"@type":"PropertyValue","name":"Supply Information","value":"In feuchtigkeitsgesch\u00fctzten Spezials\u00e4cken zu ca. 25 kg &nbsp; (erh\u00e4ltlich in Frankreich und der Schweiz)"},{"@type":"PropertyValue","name":"Attributes_1","value":"Deckputze\/Spachelungen"},{"@type":"PropertyValue","name":"Attributes_2","value":"Innenbereich"}],"category":[{"@type":"ProductCollection","name":"PRODUKTE AUF GIPSBASIS","identifier":"FASSA_LINEA_PRODOTTI_A_BASE_GESSO_SISTEMA_INTONACATURA"},{"@type":"Collection","name":"VERPUTZ- UND BAUSYSTEM","identifier":"FASSA_SISTEMA_INTONACATURA_E_COSTRUZIONE"}],"inLanguage":"de"},"_links":{"self":[{"href":"https:\/\/www.fassabortolo.it\/de\/wp-json\/wp\/v2\/product\/3498248","targetHints":{"allow":["GET"]}}],"collection":[{"href":"https:\/\/www.fassabortolo.it\/de\/wp-json\/wp\/v2\/product"}],"about":[{"href":"https:\/\/www.fassabortolo.it\/de\/wp-json\/wp\/v2\/types\/product"}],"wp:attachment":[{"href":"https:\/\/www.fassabortolo.it\/de\/wp-json\/wp\/v2\/media?parent=3498248"}],"curies":[{"name":"wp","href":"https:\/\/api.w.org\/{rel}","templated":true}]}}