{"id":3498249,"date":"2026-01-20T15:13:35","date_gmt":"2026-01-20T14:13:35","guid":{"rendered":"http:\/\/10.6.201.155\/?post_type=product&#038;p=52919"},"modified":"2026-05-15T01:36:14","modified_gmt":"2026-05-14T23:36:14","slug":"superfix","status":"publish","type":"product","link":"https:\/\/www.fassabortolo.it\/de\/produkte\/sistema-fassacolour\/protezione-passiva-dal-fuoco\/superfix","title":{"rendered":"SUPERFIX"},"content":{"rendered":"","protected":false},"featured_media":0,"template":"","class_list":["post-3498249","product","type-product","status-publish","hentry"],"acf":[],"fimg":{"url":"https:\/\/www.fassabortolo.it\/wp-content\/uploads\/media\/assets\/IMPA_0010_SUPERFIX.jpg","alt":"SUPERFIX"},"product_description":["Ultrafeines Wandfixativ"],"ekr_hierarchy_settings":{"it":{"FASSA_LINEA_PROTEZIONE_PASSIVA_DAL_FUOCO_SISTEMA_COLORE":{"ekr_position":0}},"ch":{"FASSA_LINEA_PROTEZIONE_PASSIVA_DAL_FUOCO_SISTEMA_COLORE":{"ekr_position":2}},"lu":{"FASSA_LINEA_PROTEZIONE_PASSIVA_DAL_FUOCO_SISTEMA_COLORE":{"ekr_position":2}}},"lang":{"language_code":"de","locale":"de_DE","text_direction":false,"display_name":"Deutsch","native_name":"Tedesco","different_language":false},"systems":[{"id":3497509,"name":"FASSACOLOUR\u00ae-System","permalink":"https:\/\/www.fassabortolo.it\/de\/produkte\/sistema-fassacolour\/","slug":"sistema-fassacolour","ekr_pallet_code":"FASSA_SISTEMA_COLORE_FASSACOLOUR"}],"product_pallet_code":"PROD_SUPERFIX","lines":[{"id":3498561,"name":"PROTEZIONE PASSIVA DAL FUOCO","permalink":"https:\/\/www.fassabortolo.it\/de\/produkte\/\/protezione-passiva-dal-fuoco\/","slug":"protezione-passiva-dal-fuoco","system_codes":["FASSA_SISTEMA_COLORE_FASSACOLOUR"],"ekr_pallet_code":"FASSA_LINEA_PROTEZIONE_PASSIVA_DAL_FUOCO_SISTEMA_COLORE"}],"use":["SUPERFIX ist ein tiefdringendes und isolierendes Fixativ auf Wasserbasis f\u00fcr den Innen- und Au\u00dfenbereich, auf Acrylemulsionsbasis mit Feinstpartikel.","Il diametro delle particelle \u00e8 molto inferiore a quello delle dispersioni utilizzate nei comuni fissativi all'acqua, e questo garantisce un'elevata capacit\u00e0 di penetrazione anche su supporti degradati ma compatti, e un forte potere consolidante di superfici particolarmente assorbenti e sfarinanti.","SUPERFIX pu\u00f2 essere applicato su intonaci nuovi o vecchi, calcestruzzo, gesso e cartongesso, vecchie pitture o rivestimenti, anche di natura minerale; trova impiego nei sistemi di isolamento a cappotto."],"supply":["Confezione da 5 e 20 l","Farbt\u00f6ne: transparent"],"attributes":null,"___attributes":null,"elastic_market_index":"it","structured_data":{"@context":"https:\/\/schema.org","@type":"Product","name":"SUPERFIX","description":["Ultrafeines Wandfixativ"],"url":"https:\/\/www.fassabortolo.it\/de\/produkte\/sistema-fassacolour\/protezione-passiva-dal-fuoco\/superfix","identifier":"PROD_SUPERFIX","sku":"PROD_SUPERFIX","image":"https:\/\/www.fassabortolo.it\/wp-content\/uploads\/media\/assets\/IMPA_0010_SUPERFIX.jpg","brand":{"@type":"Brand","name":"Fassa Bortolo"},"manufacturer":{"@type":"Organization","name":"Fassa Bortolo","url":"https:\/\/www.fassabortolo.it"},"additionalProperty":[{"@type":"PropertyValue","name":"Use Case 1","value":"SUPERFIX ist ein tiefdringendes und isolierendes Fixativ auf Wasserbasis f\u00fcr den Innen- und Au\u00dfenbereich, auf Acrylemulsionsbasis mit Feinstpartikel."},{"@type":"PropertyValue","name":"Use Case 2","value":"Il diametro delle particelle \u00e8 molto inferiore a quello delle dispersioni utilizzate nei comuni fissativi all'acqua, e questo garantisce un'elevata capacit\u00e0 di penetrazione anche su supporti degradati ma compatti, e un forte potere consolidante di superfici particolarmente assorbenti e sfarinanti."},{"@type":"PropertyValue","name":"Use Case 3","value":"SUPERFIX pu\u00f2 essere applicato su intonaci nuovi o vecchi, calcestruzzo, gesso e cartongesso, vecchie pitture o rivestimenti, anche di natura minerale; trova impiego nei sistemi di isolamento a cappotto."},{"@type":"PropertyValue","name":"Supply Information","value":"Confezione da 5 e 20 l"},{"@type":"PropertyValue","name":"Supply Information","value":"Farbt\u00f6ne: transparent"}],"category":[{"@type":"ProductCollection","name":"PROTEZIONE PASSIVA DAL FUOCO","identifier":"FASSA_LINEA_PROTEZIONE_PASSIVA_DAL_FUOCO_SISTEMA_COLORE"},{"@type":"Collection","name":"FASSACOLOUR\u00ae-System","identifier":"FASSA_SISTEMA_COLORE_FASSACOLOUR"}],"inLanguage":"de"},"_links":{"self":[{"href":"https:\/\/www.fassabortolo.it\/de\/wp-json\/wp\/v2\/product\/3498249","targetHints":{"allow":["GET"]}}],"collection":[{"href":"https:\/\/www.fassabortolo.it\/de\/wp-json\/wp\/v2\/product"}],"about":[{"href":"https:\/\/www.fassabortolo.it\/de\/wp-json\/wp\/v2\/types\/product"}],"wp:attachment":[{"href":"https:\/\/www.fassabortolo.it\/de\/wp-json\/wp\/v2\/media?parent=3498249"}],"curies":[{"name":"wp","href":"https:\/\/api.w.org\/{rel}","templated":true}]}}