{"id":3498252,"date":"2026-01-20T15:13:36","date_gmt":"2026-01-20T14:13:36","guid":{"rendered":"http:\/\/10.6.201.155\/?post_type=product&#038;p=52931"},"modified":"2026-02-04T16:55:37","modified_gmt":"2026-02-04T15:55:37","slug":"staffa-perimetrale","status":"publish","type":"product","link":"https:\/\/www.fassabortolo.it\/de\/produkte\/konsolidierungs-und-strukturverstarkungssystem\/verbinder\/staffa-perimetrale","title":{"rendered":"STAFFA PERIMETRALE"},"content":{"rendered":"","protected":false},"featured_media":0,"template":"","class_list":["post-3498252","product","type-product","status-publish","hentry"],"acf":[],"fimg":{"url":"https:\/\/www.fassabortolo.it\/wp-content\/uploads\/media\/assets\/STAFFA_PERIMETRALE.png","alt":"STAFFA PERIMETRALE"},"product_description":["Staffa in acciaio zincato da abbinare allo specifico PIATTELLO IT 60\/5H e al tassello FASSA ROTO MECHANIC FIX"],"ekr_hierarchy_settings":{"it":{"FASSA_LINEA_CONNETTORI_SISTEMA_CONSOLIDAMENTO":{"ekr_position":8}},"ch":{"FASSA_LINEA_CONNETTORI_SISTEMA_CONSOLIDAMENTO":{"ekr_position":2}},"lu":{"FASSA_LINEA_CONNETTORI_SISTEMA_CONSOLIDAMENTO":{"ekr_position":2}}},"lang":{"language_code":"de","locale":"de_DE","text_direction":false,"display_name":"Deutsch","native_name":"Tedesco","different_language":false},"systems":[{"id":3497508,"name":"KONSOLIDIERUNGS- UND STRUKTURVERST\u00c4RKUNGSSYSTEM","permalink":"https:\/\/www.fassabortolo.it\/de\/produkte\/konsolidierungs-und-strukturverstarkungssystem\/","slug":"konsolidierungs-und-strukturverstarkungssystem","ekr_pallet_code":"FASSA_SISTEMA_CONSOLIDAMENTO_E_RINFORZO_STRUTTURALE"}],"product_pallet_code":"PROD_STAFFA_PERIMETRALE","lines":[{"id":3497455,"name":"VERBINDER","permalink":"https:\/\/www.fassabortolo.it\/de\/produkte\/\/verbinder\/","slug":"verbinder","system_codes":["FASSA_SISTEMA_CONSOLIDAMENTO_E_RINFORZO_STRUTTURALE"],"ekr_pallet_code":"FASSA_LINEA_CONNETTORI_SISTEMA_CONSOLIDAMENTO"}],"use":null,"supply":null,"attributes":{"Attributes_1":{"DECKABL\u00d6SUNGSSCHUTZ":"Deckabl\u00f6sungsschutz"},"Attributes_2":{"AUSSENBEREICH":"Au\u00dfenbereich","INNENBEREICH":"Innenbereich"}},"___attributes":{"FASSA":{"FASSA_SISTEMA_CONSOLIDAMENTO_E_RINFORZO_STRUTTURALE":{"Attributes_1":["Deckabl\u00f6sungsschutz"],"Attributes_2":["Au\u00dfenbereich","Innenbereich"]}}},"elastic_market_index":"it","structured_data":{"@context":"https:\/\/schema.org","@type":"Product","name":"STAFFA PERIMETRALE","description":["Staffa in acciaio zincato da abbinare allo specifico PIATTELLO IT 60\/5H e al tassello FASSA ROTO MECHANIC FIX"],"url":"https:\/\/www.fassabortolo.it\/de\/produkte\/konsolidierungs-und-strukturverstarkungssystem\/verbinder\/staffa-perimetrale","identifier":"PROD_STAFFA_PERIMETRALE","sku":"PROD_STAFFA_PERIMETRALE","image":"https:\/\/www.fassabortolo.it\/wp-content\/uploads\/media\/assets\/STAFFA_PERIMETRALE.png","brand":{"@type":"Brand","name":"Fassa Bortolo"},"manufacturer":{"@type":"Organization","name":"Fassa Bortolo","url":"https:\/\/www.fassabortolo.it"},"additionalProperty":[{"@type":"PropertyValue","name":"Attributes_1","value":"Deckabl\u00f6sungsschutz"},{"@type":"PropertyValue","name":"Attributes_2","value":"Au\u00dfenbereich"},{"@type":"PropertyValue","name":"Attributes_2","value":"Innenbereich"}],"category":[{"@type":"ProductCollection","name":"VERBINDER","identifier":"FASSA_LINEA_CONNETTORI_SISTEMA_CONSOLIDAMENTO"},{"@type":"Collection","name":"KONSOLIDIERUNGS- UND STRUKTURVERST\u00c4RKUNGSSYSTEM","identifier":"FASSA_SISTEMA_CONSOLIDAMENTO_E_RINFORZO_STRUTTURALE"}],"inLanguage":"de"},"_links":{"self":[{"href":"https:\/\/www.fassabortolo.it\/de\/wp-json\/wp\/v2\/product\/3498252","targetHints":{"allow":["GET"]}}],"collection":[{"href":"https:\/\/www.fassabortolo.it\/de\/wp-json\/wp\/v2\/product"}],"about":[{"href":"https:\/\/www.fassabortolo.it\/de\/wp-json\/wp\/v2\/types\/product"}],"wp:attachment":[{"href":"https:\/\/www.fassabortolo.it\/de\/wp-json\/wp\/v2\/media?parent=3498252"}],"curies":[{"name":"wp","href":"https:\/\/api.w.org\/{rel}","templated":true}]}}