{"id":3498253,"date":"2026-01-20T15:13:37","date_gmt":"2026-01-20T14:13:37","guid":{"rendered":"http:\/\/10.6.201.155\/?post_type=product&#038;p=52937"},"modified":"2026-05-15T01:36:16","modified_gmt":"2026-05-14T23:36:16","slug":"stabilisator","status":"publish","type":"product","link":"https:\/\/www.fassabortolo.it\/de\/produkte\/system-grubenmaterial-und-mikronisierte-materialien\/steinbruchmaterial-kalkstein\/stabilisator","title":{"rendered":"STABILISATOR"},"content":{"rendered":"","protected":false},"featured_media":0,"template":"","class_list":["post-3498253","product","type-product","status-publish","hentry"],"acf":[],"fimg":{"url":"https:\/\/www.fassabortolo.it\/wp-content\/uploads\/media\/assets\/STABILIZZATO.jpg","alt":"STABILISATOR"},"product_description":["Durch das Zertr\u00fcmmern karbonatischen Mischgesteins erhaltener St\u00fcckkalk."],"ekr_hierarchy_settings":{"it":{"FASSA_LINEA_CALCARE_SISTEMA_MATERIALI":{"ekr_position":7}},"ch":{"FASSA_LINEA_CALCARE_SISTEMA_MATERIALI":{"ekr_position":1}},"lu":{"FASSA_LINEA_CALCARE_SISTEMA_MATERIALI":{"ekr_position":1}}},"lang":{"language_code":"de","locale":"de_DE","text_direction":false,"display_name":"Deutsch","native_name":"Tedesco","different_language":false},"systems":[{"id":3497514,"name":"System GRUBENMATERIAL UND MIKRONISIERTE MATERIALIEN","permalink":"https:\/\/www.fassabortolo.it\/de\/produkte\/system-grubenmaterial-und-mikronisierte-materialien\/","slug":"system-grubenmaterial-und-mikronisierte-materialien","ekr_pallet_code":"FASSA_SISTEMA_MATERIALI_DI_CAVA_E_MICRONIZZATI"}],"product_pallet_code":"PROD_STABILIZZATO","lines":[{"id":3497445,"name":"STEINBRUCHMATERIAL: KALKSTEIN","permalink":"https:\/\/www.fassabortolo.it\/de\/produkte\/\/steinbruchmaterial-kalkstein\/","slug":"steinbruchmaterial-kalkstein","system_codes":["FASSA_SISTEMA_MATERIALI_DI_CAVA_E_MICRONIZZATI"],"ekr_pallet_code":"FASSA_LINEA_CALCARE_SISTEMA_MATERIALI"}],"use":["Der STABILISATOR ist das Material f\u00fcr vollendete Unterb\u00f6den und Sch\u00fcttungen. &nbsp; Aufgrund des Korngr\u00f6\u00dfenbestands, des aufmerksamen Siebvorgangs und der hohen chemisch-mechanischen Best\u00e4ndigkeit, eignet sich das Produkt zur Anfertigung von Unterb\u00f6den und Sch\u00fcttungen mit hoher Tragf\u00e4higkeit.","Ausgezeichnet geeignet f\u00fcr Stra\u00dfenbauarbeiten und den Bau von Pl\u00e4tzen, von H\u00e4fen und Flugh\u00e4fen."],"supply":["Das Losematerial wird mechanisch auf Kastenfahrzeuge verladen."],"attributes":null,"___attributes":null,"elastic_market_index":"it","structured_data":{"@context":"https:\/\/schema.org","@type":"Product","name":"STABILISATOR","description":["Durch das Zertr\u00fcmmern karbonatischen Mischgesteins erhaltener St\u00fcckkalk."],"url":"https:\/\/www.fassabortolo.it\/de\/produkte\/system-grubenmaterial-und-mikronisierte-materialien\/steinbruchmaterial-kalkstein\/stabilisator","identifier":"PROD_STABILIZZATO","sku":"PROD_STABILIZZATO","image":"https:\/\/www.fassabortolo.it\/wp-content\/uploads\/media\/assets\/STABILIZZATO.jpg","brand":{"@type":"Brand","name":"Fassa Bortolo"},"manufacturer":{"@type":"Organization","name":"Fassa Bortolo","url":"https:\/\/www.fassabortolo.it"},"additionalProperty":[{"@type":"PropertyValue","name":"Use Case 1","value":"Der STABILISATOR ist das Material f\u00fcr vollendete Unterb\u00f6den und Sch\u00fcttungen. &nbsp; Aufgrund des Korngr\u00f6\u00dfenbestands, des aufmerksamen Siebvorgangs und der hohen chemisch-mechanischen Best\u00e4ndigkeit, eignet sich das Produkt zur Anfertigung von Unterb\u00f6den und Sch\u00fcttungen mit hoher Tragf\u00e4higkeit."},{"@type":"PropertyValue","name":"Use Case 2","value":"Ausgezeichnet geeignet f\u00fcr Stra\u00dfenbauarbeiten und den Bau von Pl\u00e4tzen, von H\u00e4fen und Flugh\u00e4fen."},{"@type":"PropertyValue","name":"Supply Information","value":"Das Losematerial wird mechanisch auf Kastenfahrzeuge verladen."}],"category":[{"@type":"ProductCollection","name":"STEINBRUCHMATERIAL: KALKSTEIN","identifier":"FASSA_LINEA_CALCARE_SISTEMA_MATERIALI"},{"@type":"Collection","name":"System GRUBENMATERIAL UND MIKRONISIERTE MATERIALIEN","identifier":"FASSA_SISTEMA_MATERIALI_DI_CAVA_E_MICRONIZZATI"}],"inLanguage":"de"},"_links":{"self":[{"href":"https:\/\/www.fassabortolo.it\/de\/wp-json\/wp\/v2\/product\/3498253","targetHints":{"allow":["GET"]}}],"collection":[{"href":"https:\/\/www.fassabortolo.it\/de\/wp-json\/wp\/v2\/product"}],"about":[{"href":"https:\/\/www.fassabortolo.it\/de\/wp-json\/wp\/v2\/types\/product"}],"wp:attachment":[{"href":"https:\/\/www.fassabortolo.it\/de\/wp-json\/wp\/v2\/media?parent=3498253"}],"curies":[{"name":"wp","href":"https:\/\/api.w.org\/{rel}","templated":true}]}}