{"id":3498258,"date":"2026-01-20T15:13:43","date_gmt":"2026-01-20T14:13:43","guid":{"rendered":"http:\/\/10.6.201.155\/?post_type=product&#038;p=52961"},"modified":"2026-02-04T16:55:48","modified_gmt":"2026-02-04T15:55:48","slug":"schneidegerat-extm","status":"publish","type":"product","link":"https:\/\/www.fassabortolo.it\/de\/produkte\/sistema-isolamento-termico-fassatherm\/mechanische-ausrustungen\/schneidegerat-extm","title":{"rendered":"SCHNEIDEGER\u00c4T EXTM"},"content":{"rendered":"","protected":false},"featured_media":0,"template":"","class_list":["post-3498258","product","type-product","status-publish","hentry"],"acf":[],"fimg":{"url":"https:\/\/www.fassabortolo.it\/wp-content\/uploads\/media\/assets\/TAGLIERINA_EXTM.jpg","alt":"SCHNEIDEGER\u00c4T EXTM"},"product_description":["Schneideger\u00e4t f\u00fcr EPS-Platten"],"ekr_hierarchy_settings":{"it":{"FASSA_LINEA_ATTREZZATURE_MECCANICHE_SISTEMA_ISOLAMENTO":{"ekr_position":2}},"ch":{"FASSA_LINEA_ATTREZZATURE_MECCANICHE_SISTEMA_ISOLAMENTO":{"ekr_position":2}},"lu":{"FASSA_LINEA_ATTREZZATURE_MECCANICHE_SISTEMA_ISOLAMENTO":{"ekr_position":2}}},"lang":{"language_code":"de","locale":"de_DE","text_direction":false,"display_name":"Deutsch","native_name":"Tedesco","different_language":false},"systems":[{"id":3497519,"name":"W\u00c4RMED\u00c4MMVERBUNDSYSTEM FASSATHERM\u00ae","permalink":"https:\/\/www.fassabortolo.it\/de\/produkte\/sistema-isolamento-termico-fassatherm\/","slug":"sistema-isolamento-termico-fassatherm","ekr_pallet_code":"FASSA_SISTEMA_ISOLAMENTO_TERMICO_FASSATHERM"}],"product_pallet_code":"PROD_TAGLIERINA_EXTM","lines":[{"id":3497449,"name":"MECHANISCHE AUSR\u00dcSTUNGEN","permalink":"https:\/\/www.fassabortolo.it\/de\/produkte\/\/mechanische-ausrustungen\/","slug":"mechanische-ausrustungen","system_codes":["FASSA_SISTEMA_ISOLAMENTO_TERMICO_FASSATHERM"],"ekr_pallet_code":"FASSA_LINEA_ATTREZZATURE_MECCANICHE_SISTEMA_ISOLAMENTO"}],"use":null,"supply":null,"attributes":null,"___attributes":null,"elastic_market_index":"it","structured_data":{"@context":"https:\/\/schema.org","@type":"Product","name":"SCHNEIDEGER\u00c4T EXTM","description":["Schneideger\u00e4t f\u00fcr EPS-Platten"],"url":"https:\/\/www.fassabortolo.it\/de\/produkte\/sistema-isolamento-termico-fassatherm\/mechanische-ausrustungen\/schneidegerat-extm","identifier":"PROD_TAGLIERINA_EXTM","sku":"PROD_TAGLIERINA_EXTM","image":"https:\/\/www.fassabortolo.it\/wp-content\/uploads\/media\/assets\/TAGLIERINA_EXTM.jpg","brand":{"@type":"Brand","name":"Fassa Bortolo"},"manufacturer":{"@type":"Organization","name":"Fassa Bortolo","url":"https:\/\/www.fassabortolo.it"},"category":[{"@type":"ProductCollection","name":"MECHANISCHE AUSR\u00dcSTUNGEN","identifier":"FASSA_LINEA_ATTREZZATURE_MECCANICHE_SISTEMA_ISOLAMENTO"},{"@type":"Collection","name":"W\u00c4RMED\u00c4MMVERBUNDSYSTEM FASSATHERM\u00ae","identifier":"FASSA_SISTEMA_ISOLAMENTO_TERMICO_FASSATHERM"}],"inLanguage":"de"},"_links":{"self":[{"href":"https:\/\/www.fassabortolo.it\/de\/wp-json\/wp\/v2\/product\/3498258","targetHints":{"allow":["GET"]}}],"collection":[{"href":"https:\/\/www.fassabortolo.it\/de\/wp-json\/wp\/v2\/product"}],"about":[{"href":"https:\/\/www.fassabortolo.it\/de\/wp-json\/wp\/v2\/types\/product"}],"wp:attachment":[{"href":"https:\/\/www.fassabortolo.it\/de\/wp-json\/wp\/v2\/media?parent=3498258"}],"curies":[{"name":"wp","href":"https:\/\/api.w.org\/{rel}","templated":true}]}}