{"id":3498260,"date":"2026-01-20T15:13:44","date_gmt":"2026-01-20T14:13:44","guid":{"rendered":"http:\/\/10.6.201.155\/?post_type=product&#038;p=52969"},"modified":"2026-05-15T01:37:27","modified_gmt":"2026-05-14T23:37:27","slug":"s-650","status":"publish","type":"product","link":"https:\/\/www.fassabortolo.it\/de\/produkte\/saniersystem-fur-feuchte-mauerwerke\/produkte-auf-basis-von-luftkalk\/s-650","title":{"rendered":"S 650"},"content":{"rendered":"","protected":false},"featured_media":0,"template":"","class_list":["post-3498260","product","type-product","status-publish","hentry"],"acf":[],"fimg":{"url":"https:\/\/www.fassabortolo.it\/wp-content\/uploads\/media\/assets\/S_650.jpg","alt":"S 650"},"product_description":["Wei\u00dfer Bio-Haftbewurf zur Sanierung von feuchten Mauerwerken, f\u00fcr innen und au\u00dfen"],"ekr_hierarchy_settings":{"it":{"FASSA_LINEA_PRODOTTI_A_BASE_CALCE_AEREA_SISTEMA_INTONACATURA":{"ekr_position":10},"FASSA_LINEA_PRODOTTI_A_BASE_CALCE_AEREA_SISTEMA_RISANAMENTO":{"ekr_position":0}},"ch":{"FASSA_LINEA_PRODOTTI_A_BASE_CALCE_AEREA_SISTEMA_INTONACATURA":{"ekr_position":1},"FASSA_LINEA_PRODOTTI_A_BASE_CALCE_AEREA_SISTEMA_RISANAMENTO":{"ekr_position":1}},"es":{"FASSAES_LINEA_PRODOTTI_A_BASE_CALCE_AEREA_SISTEMA_INTONACATURA":{"ekr_position":1},"FASSAES_LINEA_PRODOTTI_A_BASE_CALCE_AEREA_SISTEMA_RISANAMENTO":{"ekr_position":1}},"lu":{"FASSA_LINEA_PRODOTTI_A_BASE_CALCE_AEREA_SISTEMA_INTONACATURA":{"ekr_position":1},"FASSA_LINEA_PRODOTTI_A_BASE_CALCE_AEREA_SISTEMA_RISANAMENTO":{"ekr_position":1}}},"lang":{"language_code":"de","locale":"de_DE","text_direction":false,"display_name":"Deutsch","native_name":"Tedesco","different_language":false},"systems":[{"id":3497515,"name":"SANIERSYSTEM F\u00dcR FEUCHTE MAUERWERKE","permalink":"https:\/\/www.fassabortolo.it\/de\/produkte\/saniersystem-fur-feuchte-mauerwerke\/","slug":"saniersystem-fur-feuchte-mauerwerke","ekr_pallet_code":"FASSA_SISTEMA_RISANAMENTO_MURATURE_UMIDE"},{"id":3497520,"name":"VERPUTZ- UND BAUSYSTEM","permalink":"https:\/\/www.fassabortolo.it\/de\/produkte\/verputz-und-bausystem\/","slug":"verputz-und-bausystem","ekr_pallet_code":"FASSA_SISTEMA_INTONACATURA_E_COSTRUZIONE"}],"product_pallet_code":"PROD_S_650","lines":[{"id":3497473,"name":"PRODUKTE AUF BASIS VON LUFTKALK","permalink":"https:\/\/www.fassabortolo.it\/de\/produkte\/\/produkte-auf-basis-von-luftkalk\/","slug":"produkte-auf-basis-von-luftkalk","system_codes":["FASSA_SISTEMA_RISANAMENTO_MURATURE_UMIDE"],"ekr_pallet_code":"FASSA_LINEA_PRODOTTI_A_BASE_CALCE_AEREA_SISTEMA_RISANAMENTO"},{"id":3497475,"name":"PRODUKTE AUF BASIS VON LUFTKALK","permalink":"https:\/\/www.fassabortolo.it\/de\/produkte\/\/produkte-auf-basis-von-luftkalk\/","slug":"produkte-auf-basis-von-luftkalk","system_codes":["FASSA_SISTEMA_INTONACATURA_E_COSTRUZIONE"],"ekr_pallet_code":"FASSA_LINEA_PRODOTTI_A_BASE_CALCE_AEREA_SISTEMA_INTONACATURA"}],"use":["S 650 wird verwendet als Haftbewurf bei der Sanierung von feuchten Mauerwerken, um die Haftung zwischen dem Mauerwerk und dem Sanierputz S 639 zu verbessern und dessen Entsalzungseffekt zu unterst\u00fctzen."],"supply":["In feuchtigkeitsgesch\u00fctzten Spezials\u00e4cken zu ca. 25 kg"],"attributes":{"Attributes_1":{"HAFTBEWURFE\/HAFTVERMITTLER":"Haftbewurfe\/Haftvermittler"},"Attributes_2":{"AUSSENBEREICH":"Au\u00dfenbereich","INNENBEREICH":"Innenbereich"}},"___attributes":{"FASSAES":{"FASSA_SISTEMA_RISANAMENTO_MURATURE_UMIDE":{"Attributes_1":["Haftbewurfe\/Haftvermittler"],"Attributes_2":["Au\u00dfenbereich","Innenbereich"]},"FASSA_SISTEMA_INTONACATURA_E_COSTRUZIONE":{"Attributes_1":["Haftbewurfe\/Haftvermittler"],"Attributes_2":["Au\u00dfenbereich","Innenbereich"]}},"FASSA":{"FASSA_SISTEMA_RISANAMENTO_MURATURE_UMIDE":{"Attributes_1":["Haftbewurfe\/Haftvermittler"],"Attributes_2":["Au\u00dfenbereich","Innenbereich"]},"FASSA_SISTEMA_INTONACATURA_E_COSTRUZIONE":{"Attributes_1":["Haftbewurfe\/Haftvermittler"],"Attributes_2":["Au\u00dfenbereich","Innenbereich"]}}},"elastic_market_index":"it","structured_data":{"@context":"https:\/\/schema.org","@type":"Product","name":"S 650","description":["Wei\u00dfer Bio-Haftbewurf zur Sanierung von feuchten Mauerwerken, f\u00fcr innen und au\u00dfen"],"url":"https:\/\/www.fassabortolo.it\/de\/produkte\/saniersystem-fur-feuchte-mauerwerke\/produkte-auf-basis-von-luftkalk\/s-650","identifier":"PROD_S_650","sku":"PROD_S_650","image":"https:\/\/www.fassabortolo.it\/wp-content\/uploads\/media\/assets\/S_650.jpg","brand":{"@type":"Brand","name":"Fassa Bortolo"},"manufacturer":{"@type":"Organization","name":"Fassa Bortolo","url":"https:\/\/www.fassabortolo.it"},"additionalProperty":[{"@type":"PropertyValue","name":"Use Case 1","value":"S 650 wird verwendet als Haftbewurf bei der Sanierung von feuchten Mauerwerken, um die Haftung zwischen dem Mauerwerk und dem Sanierputz S 639 zu verbessern und dessen Entsalzungseffekt zu unterst\u00fctzen."},{"@type":"PropertyValue","name":"Supply Information","value":"In feuchtigkeitsgesch\u00fctzten Spezials\u00e4cken zu ca. 25 kg"},{"@type":"PropertyValue","name":"Attributes_1","value":"Haftbewurfe\/Haftvermittler"},{"@type":"PropertyValue","name":"Attributes_2","value":"Au\u00dfenbereich"},{"@type":"PropertyValue","name":"Attributes_2","value":"Innenbereich"},{"@type":"PropertyValue","name":"Attributes_1","value":"Haftbewurfe\/Haftvermittler"},{"@type":"PropertyValue","name":"Attributes_2","value":"Au\u00dfenbereich"},{"@type":"PropertyValue","name":"Attributes_2","value":"Innenbereich"}],"category":[{"@type":"ProductCollection","name":"PRODUKTE AUF BASIS VON LUFTKALK","identifier":"FASSA_LINEA_PRODOTTI_A_BASE_CALCE_AEREA_SISTEMA_INTONACATURA"},{"@type":"ProductCollection","name":"PRODUKTE AUF BASIS VON LUFTKALK","identifier":"FASSA_LINEA_PRODOTTI_A_BASE_CALCE_AEREA_SISTEMA_RISANAMENTO"},{"@type":"Collection","name":"VERPUTZ- UND BAUSYSTEM","identifier":"FASSA_SISTEMA_INTONACATURA_E_COSTRUZIONE"},{"@type":"Collection","name":"SANIERSYSTEM F\u00dcR FEUCHTE MAUERWERKE","identifier":"FASSA_SISTEMA_RISANAMENTO_MURATURE_UMIDE"}],"inLanguage":"de"},"_links":{"self":[{"href":"https:\/\/www.fassabortolo.it\/de\/wp-json\/wp\/v2\/product\/3498260","targetHints":{"allow":["GET"]}}],"collection":[{"href":"https:\/\/www.fassabortolo.it\/de\/wp-json\/wp\/v2\/product"}],"about":[{"href":"https:\/\/www.fassabortolo.it\/de\/wp-json\/wp\/v2\/types\/product"}],"wp:attachment":[{"href":"https:\/\/www.fassabortolo.it\/de\/wp-json\/wp\/v2\/media?parent=3498260"}],"curies":[{"name":"wp","href":"https:\/\/api.w.org\/{rel}","templated":true}]}}