{"id":3498262,"date":"2026-01-20T15:13:42","date_gmt":"2026-01-20T14:13:42","guid":{"rendered":"http:\/\/10.6.201.155\/?post_type=product&#038;p=52976"},"modified":"2026-05-15T01:37:34","modified_gmt":"2026-05-14T23:37:34","slug":"s-641","status":"publish","type":"product","link":"https:\/\/www.fassabortolo.it\/de\/produkte\/saniersystem-fur-feuchte-mauerwerke\/traditionelle-produkte\/s-641","title":{"rendered":"S 641"},"content":{"rendered":"","protected":false},"featured_media":0,"template":"","class_list":["post-3498262","product","type-product","status-publish","hentry"],"acf":[],"fimg":{"url":"https:\/\/www.fassabortolo.it\/wp-content\/uploads\/media\/assets\/S_641.jpg","alt":"S 641"},"product_description":["Haftbewurf zur Sanierung von feuchten Mauerwerken, f\u00fcr innen und au\u00dfen"],"ekr_hierarchy_settings":{"it":{"FASSA_LINEA_PRODOTTI_TRADIZIONALI_SISTEMA_RISANAMENTO":{"ekr_position":0}},"ch":{"FASSA_LINEA_PRODOTTI_TRADIZIONALI_SISTEMA_RISANAMENTO":{"ekr_position":1}},"lu":{"FASSA_LINEA_PRODOTTI_TRADIZIONALI_SISTEMA_RISANAMENTO":{"ekr_position":1}}},"lang":{"language_code":"de","locale":"de_DE","text_direction":false,"display_name":"Deutsch","native_name":"Tedesco","different_language":false},"systems":[{"id":3497515,"name":"SANIERSYSTEM F\u00dcR FEUCHTE MAUERWERKE","permalink":"https:\/\/www.fassabortolo.it\/de\/produkte\/saniersystem-fur-feuchte-mauerwerke\/","slug":"saniersystem-fur-feuchte-mauerwerke","ekr_pallet_code":"FASSA_SISTEMA_RISANAMENTO_MURATURE_UMIDE"}],"product_pallet_code":"PROD_S_641","lines":[{"id":3497488,"name":"TRADITIONELLE PRODUKTE","permalink":"https:\/\/www.fassabortolo.it\/de\/produkte\/\/traditionelle-produkte\/","slug":"traditionelle-produkte","system_codes":["FASSA_SISTEMA_RISANAMENTO_MURATURE_UMIDE"],"ekr_pallet_code":"FASSA_LINEA_PRODOTTI_TRADIZIONALI_SISTEMA_RISANAMENTO"}],"use":["S 641 wird als Haftbewurf bei der Sanierung von feuchten Mauerwerken verwendet, es unterst\u00fctzt die Antisalz-Wirkung des Sanierputzes S 627. &nbsp; Dar\u00fcber hinaus beg\u00fcnstigt das Produkt die Haftung von Putzen auf Kalk-Zementbasis auf dem Mauerwerk."],"supply":["In feuchtigkeitsgesch\u00fctzten Spezials\u00e4cken zu ca. 25 kg"],"attributes":{"Attributes_1":{"HAFTBEWURFE\/HAFTVERMITTLER":"Haftbewurfe\/Haftvermittler"},"Attributes_2":{"AUSSENBEREICH":"Au\u00dfenbereich","INNENBEREICH":"Innenbereich"}},"___attributes":{"FASSA":{"FASSA_SISTEMA_RISANAMENTO_MURATURE_UMIDE":{"Attributes_1":["Haftbewurfe\/Haftvermittler"],"Attributes_2":["Au\u00dfenbereich","Innenbereich"]}}},"elastic_market_index":"it","structured_data":{"@context":"https:\/\/schema.org","@type":"Product","name":"S 641","description":["Haftbewurf zur Sanierung von feuchten Mauerwerken, f\u00fcr innen und au\u00dfen"],"url":"https:\/\/www.fassabortolo.it\/de\/produkte\/saniersystem-fur-feuchte-mauerwerke\/traditionelle-produkte\/s-641","identifier":"PROD_S_641","sku":"PROD_S_641","image":"https:\/\/www.fassabortolo.it\/wp-content\/uploads\/media\/assets\/S_641.jpg","brand":{"@type":"Brand","name":"Fassa Bortolo"},"manufacturer":{"@type":"Organization","name":"Fassa Bortolo","url":"https:\/\/www.fassabortolo.it"},"additionalProperty":[{"@type":"PropertyValue","name":"Use Case 1","value":"S 641 wird als Haftbewurf bei der Sanierung von feuchten Mauerwerken verwendet, es unterst\u00fctzt die Antisalz-Wirkung des Sanierputzes S 627. &nbsp; Dar\u00fcber hinaus beg\u00fcnstigt das Produkt die Haftung von Putzen auf Kalk-Zementbasis auf dem Mauerwerk."},{"@type":"PropertyValue","name":"Supply Information","value":"In feuchtigkeitsgesch\u00fctzten Spezials\u00e4cken zu ca. 25 kg"},{"@type":"PropertyValue","name":"Attributes_1","value":"Haftbewurfe\/Haftvermittler"},{"@type":"PropertyValue","name":"Attributes_2","value":"Au\u00dfenbereich"},{"@type":"PropertyValue","name":"Attributes_2","value":"Innenbereich"}],"category":[{"@type":"ProductCollection","name":"TRADITIONELLE PRODUKTE","identifier":"FASSA_LINEA_PRODOTTI_TRADIZIONALI_SISTEMA_RISANAMENTO"},{"@type":"Collection","name":"SANIERSYSTEM F\u00dcR FEUCHTE MAUERWERKE","identifier":"FASSA_SISTEMA_RISANAMENTO_MURATURE_UMIDE"}],"inLanguage":"de"},"_links":{"self":[{"href":"https:\/\/www.fassabortolo.it\/de\/wp-json\/wp\/v2\/product\/3498262","targetHints":{"allow":["GET"]}}],"collection":[{"href":"https:\/\/www.fassabortolo.it\/de\/wp-json\/wp\/v2\/product"}],"about":[{"href":"https:\/\/www.fassabortolo.it\/de\/wp-json\/wp\/v2\/types\/product"}],"wp:attachment":[{"href":"https:\/\/www.fassabortolo.it\/de\/wp-json\/wp\/v2\/media?parent=3498262"}],"curies":[{"name":"wp","href":"https:\/\/api.w.org\/{rel}","templated":true}]}}