{"id":3498263,"date":"2026-01-20T15:14:07","date_gmt":"2026-01-20T14:14:07","guid":{"rendered":"http:\/\/10.6.201.155\/?post_type=product&#038;p=52979"},"modified":"2026-05-15T01:38:09","modified_gmt":"2026-05-14T23:38:09","slug":"top-coating-pro","status":"publish","type":"product","link":"https:\/\/www.fassabortolo.it\/de\/produkte\/sistema-fassacolour\/protezione-passiva-dal-fuoco\/top-coating-pro","title":{"rendered":"TOP COATING PRO"},"content":{"rendered":"","protected":false},"featured_media":0,"template":"","class_list":["post-3498263","product","type-product","status-publish","hentry"],"acf":[],"fimg":{"url":"https:\/\/www.fassabortolo.it\/wp-content\/uploads\/media\/assets\/IMPA_1288_TOP_COATING_PRO.jpg","alt":"TOP COATING PRO"},"product_description":["Spezialschutzanstrich f\u00fcr Barrier"],"ekr_hierarchy_settings":{"it":{"FASSA_LINEA_PROTEZIONE_PASSIVA_DAL_FUOCO_SISTEMA_COLORE":{"ekr_position":6}},"ch":{"FASSA_LINEA_PROTEZIONE_PASSIVA_DAL_FUOCO_SISTEMA_COLORE":{"ekr_position":1}},"lu":{"FASSA_LINEA_PROTEZIONE_PASSIVA_DAL_FUOCO_SISTEMA_COLORE":{"ekr_position":1}}},"lang":{"language_code":"de","locale":"de_DE","text_direction":false,"display_name":"Deutsch","native_name":"Tedesco","different_language":false},"systems":[{"id":3497509,"name":"FASSACOLOUR\u00ae-System","permalink":"https:\/\/www.fassabortolo.it\/de\/produkte\/sistema-fassacolour\/","slug":"sistema-fassacolour","ekr_pallet_code":"FASSA_SISTEMA_COLORE_FASSACOLOUR"}],"product_pallet_code":"PROD_TOP_COATING_PRO","lines":[{"id":3498561,"name":"PROTEZIONE PASSIVA DAL FUOCO","permalink":"https:\/\/www.fassabortolo.it\/de\/produkte\/\/protezione-passiva-dal-fuoco\/","slug":"protezione-passiva-dal-fuoco","system_codes":["FASSA_SISTEMA_COLORE_FASSACOLOUR"],"ekr_pallet_code":"FASSA_LINEA_PROTEZIONE_PASSIVA_DAL_FUOCO_SISTEMA_COLORE"}],"use":["Glanzschichtiger, synthetischer, modifizierter Chlorkautschuklack, gut flexibel und wasser- und sto\u00dfbest\u00e4ndig, besonders geeignet als Beschichtung f\u00fcr den Schutz des Intumeszierenden Anstrichs BARRIER 87-1151. Geeignet zur \u00dcberdeckung von Bauwerken aus Stahl, aus landwirtschaftlichen Maschinen, aus Industriebauteilen, die pr\u00e4ventiv mit einer Grundierung behandelt worden sind.","Kann mit dem Farbmischsystem ADVANCE HT eingef\u00e4rbt werden, wobei die eingegebenen Farbformeln gewissenhaft zu befolgen sind."],"supply":["Confezione da 16,5 kg"],"attributes":{"Attributes_1":{"SMALTI BASE SOLVENTE":"Smalti base solvente"},"Attributes_2":{"AUSSENBEREICH":"Au\u00dfenbereich","INNENBEREICH":"Innenbereich"}},"___attributes":{"FASSA":{"FASSA_SISTEMA_COLORE_FASSACOLOUR":{"Attributes_1":["Smalti base solvente"],"Attributes_2":["Au\u00dfenbereich","Innenbereich"]}}},"elastic_market_index":"it","structured_data":{"@context":"https:\/\/schema.org","@type":"Product","name":"TOP COATING PRO","description":["Spezialschutzanstrich f\u00fcr Barrier"],"url":"https:\/\/www.fassabortolo.it\/de\/produkte\/sistema-fassacolour\/protezione-passiva-dal-fuoco\/top-coating-pro","identifier":"PROD_TOP_COATING_PRO","sku":"PROD_TOP_COATING_PRO","image":"https:\/\/www.fassabortolo.it\/wp-content\/uploads\/media\/assets\/IMPA_1288_TOP_COATING_PRO.jpg","brand":{"@type":"Brand","name":"Fassa Bortolo"},"manufacturer":{"@type":"Organization","name":"Fassa Bortolo","url":"https:\/\/www.fassabortolo.it"},"additionalProperty":[{"@type":"PropertyValue","name":"Use Case 1","value":"Glanzschichtiger, synthetischer, modifizierter Chlorkautschuklack, gut flexibel und wasser- und sto\u00dfbest\u00e4ndig, besonders geeignet als Beschichtung f\u00fcr den Schutz des Intumeszierenden Anstrichs BARRIER 87-1151. Geeignet zur \u00dcberdeckung von Bauwerken aus Stahl, aus landwirtschaftlichen Maschinen, aus Industriebauteilen, die pr\u00e4ventiv mit einer Grundierung behandelt worden sind."},{"@type":"PropertyValue","name":"Use Case 2","value":"Kann mit dem Farbmischsystem ADVANCE HT eingef\u00e4rbt werden, wobei die eingegebenen Farbformeln gewissenhaft zu befolgen sind."},{"@type":"PropertyValue","name":"Supply Information","value":"Confezione da 16,5 kg"},{"@type":"PropertyValue","name":"Attributes_1","value":"Smalti base solvente"},{"@type":"PropertyValue","name":"Attributes_2","value":"Au\u00dfenbereich"},{"@type":"PropertyValue","name":"Attributes_2","value":"Innenbereich"}],"category":[{"@type":"ProductCollection","name":"PROTEZIONE PASSIVA DAL FUOCO","identifier":"FASSA_LINEA_PROTEZIONE_PASSIVA_DAL_FUOCO_SISTEMA_COLORE"},{"@type":"Collection","name":"FASSACOLOUR\u00ae-System","identifier":"FASSA_SISTEMA_COLORE_FASSACOLOUR"}],"inLanguage":"de"},"_links":{"self":[{"href":"https:\/\/www.fassabortolo.it\/de\/wp-json\/wp\/v2\/product\/3498263","targetHints":{"allow":["GET"]}}],"collection":[{"href":"https:\/\/www.fassabortolo.it\/de\/wp-json\/wp\/v2\/product"}],"about":[{"href":"https:\/\/www.fassabortolo.it\/de\/wp-json\/wp\/v2\/types\/product"}],"wp:attachment":[{"href":"https:\/\/www.fassabortolo.it\/de\/wp-json\/wp\/v2\/media?parent=3498263"}],"curies":[{"name":"wp","href":"https:\/\/api.w.org\/{rel}","templated":true}]}}