{"id":3498268,"date":"2026-01-20T15:14:00","date_gmt":"2026-01-20T14:14:00","guid":{"rendered":"http:\/\/10.6.201.155\/?post_type=product&#038;p=52999"},"modified":"2026-05-15T01:36:23","modified_gmt":"2026-05-14T23:36:23","slug":"s-627","status":"publish","type":"product","link":"https:\/\/www.fassabortolo.it\/de\/produkte\/saniersystem-fur-feuchte-mauerwerke\/traditionelle-produkte\/s-627","title":{"rendered":"S 627"},"content":{"rendered":"","protected":false},"featured_media":0,"template":"","class_list":["post-3498268","product","type-product","status-publish","hentry"],"acf":[],"fimg":{"url":"https:\/\/www.fassabortolo.it\/wp-content\/uploads\/media\/assets\/S_627.jpg","alt":"S 627"},"product_description":["Makropor\u00f6ser Putz zur Sanierung von feuchten Mauerwerken f\u00fcr innen und au\u00dfen"],"ekr_hierarchy_settings":{"it":{"FASSA_LINEA_PRODOTTI_TRADIZIONALI_SISTEMA_RISANAMENTO":{"ekr_position":1}},"ch":{"FASSA_LINEA_PRODOTTI_TRADIZIONALI_SISTEMA_RISANAMENTO":{"ekr_position":2}},"lu":{"FASSA_LINEA_PRODOTTI_TRADIZIONALI_SISTEMA_RISANAMENTO":{"ekr_position":2}}},"lang":{"language_code":"de","locale":"de_DE","text_direction":false,"display_name":"Deutsch","native_name":"Tedesco","different_language":false},"systems":[{"id":3497515,"name":"SANIERSYSTEM F\u00dcR FEUCHTE MAUERWERKE","permalink":"https:\/\/www.fassabortolo.it\/de\/produkte\/saniersystem-fur-feuchte-mauerwerke\/","slug":"saniersystem-fur-feuchte-mauerwerke","ekr_pallet_code":"FASSA_SISTEMA_RISANAMENTO_MURATURE_UMIDE"}],"product_pallet_code":"PROD_S_627","lines":[{"id":3497488,"name":"TRADITIONELLE PRODUKTE","permalink":"https:\/\/www.fassabortolo.it\/de\/produkte\/\/traditionelle-produkte\/","slug":"traditionelle-produkte","system_codes":["FASSA_SISTEMA_RISANAMENTO_MURATURE_UMIDE"],"ekr_pallet_code":"FASSA_LINEA_PRODOTTI_TRADIZIONALI_SISTEMA_RISANAMENTO"}],"use":["S 627 wird als von Hand oder maschinell aufzutragender Grundputz zur Sanierung von feuchten Mauerwerken verwendet."],"supply":["In feuchtigkeitsgesch\u00fctzten Spezials\u00e4cken zu ca. 25 kg"],"attributes":{"Attributes_1":{"GRUNDPUTZE":"Grundputze"},"Attributes_2":{"AUSSENBEREICH":"Au\u00dfenbereich","INNENBEREICH":"Innenbereich"}},"___attributes":{"FASSA":{"FASSA_SISTEMA_RISANAMENTO_MURATURE_UMIDE":{"Attributes_1":["Grundputze"],"Attributes_2":["Au\u00dfenbereich","Innenbereich"]}}},"elastic_market_index":"it","structured_data":{"@context":"https:\/\/schema.org","@type":"Product","name":"S 627","description":["Makropor\u00f6ser Putz zur Sanierung von feuchten Mauerwerken f\u00fcr innen und au\u00dfen"],"url":"https:\/\/www.fassabortolo.it\/de\/produkte\/saniersystem-fur-feuchte-mauerwerke\/traditionelle-produkte\/s-627","identifier":"PROD_S_627","sku":"PROD_S_627","image":"https:\/\/www.fassabortolo.it\/wp-content\/uploads\/media\/assets\/S_627.jpg","brand":{"@type":"Brand","name":"Fassa Bortolo"},"manufacturer":{"@type":"Organization","name":"Fassa Bortolo","url":"https:\/\/www.fassabortolo.it"},"additionalProperty":[{"@type":"PropertyValue","name":"Use Case 1","value":"S 627 wird als von Hand oder maschinell aufzutragender Grundputz zur Sanierung von feuchten Mauerwerken verwendet."},{"@type":"PropertyValue","name":"Supply Information","value":"In feuchtigkeitsgesch\u00fctzten Spezials\u00e4cken zu ca. 25 kg"},{"@type":"PropertyValue","name":"Attributes_1","value":"Grundputze"},{"@type":"PropertyValue","name":"Attributes_2","value":"Au\u00dfenbereich"},{"@type":"PropertyValue","name":"Attributes_2","value":"Innenbereich"}],"category":[{"@type":"ProductCollection","name":"TRADITIONELLE PRODUKTE","identifier":"FASSA_LINEA_PRODOTTI_TRADIZIONALI_SISTEMA_RISANAMENTO"},{"@type":"Collection","name":"SANIERSYSTEM F\u00dcR FEUCHTE MAUERWERKE","identifier":"FASSA_SISTEMA_RISANAMENTO_MURATURE_UMIDE"}],"inLanguage":"de"},"_links":{"self":[{"href":"https:\/\/www.fassabortolo.it\/de\/wp-json\/wp\/v2\/product\/3498268","targetHints":{"allow":["GET"]}}],"collection":[{"href":"https:\/\/www.fassabortolo.it\/de\/wp-json\/wp\/v2\/product"}],"about":[{"href":"https:\/\/www.fassabortolo.it\/de\/wp-json\/wp\/v2\/types\/product"}],"wp:attachment":[{"href":"https:\/\/www.fassabortolo.it\/de\/wp-json\/wp\/v2\/media?parent=3498268"}],"curies":[{"name":"wp","href":"https:\/\/api.w.org\/{rel}","templated":true}]}}