{"id":3498272,"date":"2026-01-20T15:14:04","date_gmt":"2026-01-20T14:14:04","guid":{"rendered":"http:\/\/10.6.201.155\/?post_type=product&#038;p=53013"},"modified":"2026-05-15T01:38:07","modified_gmt":"2026-05-14T23:38:07","slug":"vite-ra-p-piattello-it-60-5-h","status":"publish","type":"product","link":"https:\/\/www.fassabortolo.it\/de\/produkte\/konsolidierungs-und-strukturverstarkungssystem\/verbinder\/vite-ra-p-piattello-it-60-5-h","title":{"rendered":"VITE RA-P + PIATTELLO IT 60\/5 H"},"content":{"rendered":"","protected":false},"featured_media":0,"template":"","class_list":["post-3498272","product","type-product","status-publish","hentry"],"acf":[],"fimg":{"url":"https:\/\/www.fassabortolo.it\/wp-content\/uploads\/media\/assets\/VITE_RA_P_PIATTELLO_IT60_5H.jpg","alt":"VITE RA-P + PIATTELLO IT 60\/5 H"},"product_description":["Turboschraube aus verzinktem Stahl mit ebenem Befestigungsteller zum Ansetzen nicht-struktureller Elemente"],"ekr_hierarchy_settings":{"it":{"FASSA_LINEA_CONNETTORI_SISTEMA_CONSOLIDAMENTO":{"ekr_position":7}},"ch":{"FASSA_LINEA_CONNETTORI_SISTEMA_CONSOLIDAMENTO":{"ekr_position":1}},"lu":{"FASSA_LINEA_CONNETTORI_SISTEMA_CONSOLIDAMENTO":{"ekr_position":1}}},"lang":{"language_code":"de","locale":"de_DE","text_direction":false,"display_name":"Deutsch","native_name":"Tedesco","different_language":false},"systems":[{"id":3497508,"name":"KONSOLIDIERUNGS- UND STRUKTURVERST\u00c4RKUNGSSYSTEM","permalink":"https:\/\/www.fassabortolo.it\/de\/produkte\/konsolidierungs-und-strukturverstarkungssystem\/","slug":"konsolidierungs-und-strukturverstarkungssystem","ekr_pallet_code":"FASSA_SISTEMA_CONSOLIDAMENTO_E_RINFORZO_STRUTTURALE"}],"product_pallet_code":"PROD_VITE_RA_P_PIATTELLO_IT60_5H","lines":[{"id":3497455,"name":"VERBINDER","permalink":"https:\/\/www.fassabortolo.it\/de\/produkte\/\/verbinder\/","slug":"verbinder","system_codes":["FASSA_SISTEMA_CONSOLIDAMENTO_E_RINFORZO_STRUTTURALE"],"ekr_pallet_code":"FASSA_LINEA_CONNETTORI_SISTEMA_CONSOLIDAMENTO"}],"use":["VITE RA-P und PIATTELLO IT 60\/5 H werden zum Ansetzen von nicht-strukturellen Elementen der Linie FASSAPROTECTION verwendet, um den Anschluss von Fasergeweben zu Betonbauteilen herzustellen. &nbsp; Im Besonderen finden sie Verwendung f\u00fcr:","Deckenabl\u00f6sungsschutz FASSAPROTECTION SOLAIO","Kippschutz FASSAPROTECTION SOLAIO"],"supply":["VITE RA-P &nbsp; Kartonschacheln zu jeweils 100 St.","PIATTELLO IT 60\/5H &nbsp; Kartonschacheln zu jeweils 100 St."],"attributes":{"Attributes_1":{"KIPPSCHUTZ":"Kippschutz","DECKABL\u00d6SUNGSSCHUTZ":"Deckabl\u00f6sungsschutz"},"Attributes_2":{"AUSSENBEREICH":"Au\u00dfenbereich","INNENBEREICH":"Innenbereich"}},"___attributes":{"FASSA":{"FASSA_SISTEMA_CONSOLIDAMENTO_E_RINFORZO_STRUTTURALE":{"Attributes_1":["Kippschutz","Deckabl\u00f6sungsschutz"],"Attributes_2":["Au\u00dfenbereich","Innenbereich"]}}},"elastic_market_index":"it","structured_data":{"@context":"https:\/\/schema.org","@type":"Product","name":"VITE RA-P + PIATTELLO IT 60\/5 H","description":["Turboschraube aus verzinktem Stahl mit ebenem Befestigungsteller zum Ansetzen nicht-struktureller Elemente"],"url":"https:\/\/www.fassabortolo.it\/de\/produkte\/konsolidierungs-und-strukturverstarkungssystem\/verbinder\/vite-ra-p-piattello-it-60-5-h","identifier":"PROD_VITE_RA_P_PIATTELLO_IT60_5H","sku":"PROD_VITE_RA_P_PIATTELLO_IT60_5H","image":"https:\/\/www.fassabortolo.it\/wp-content\/uploads\/media\/assets\/VITE_RA_P_PIATTELLO_IT60_5H.jpg","brand":{"@type":"Brand","name":"Fassa Bortolo"},"manufacturer":{"@type":"Organization","name":"Fassa Bortolo","url":"https:\/\/www.fassabortolo.it"},"additionalProperty":[{"@type":"PropertyValue","name":"Use Case 1","value":"VITE RA-P und PIATTELLO IT 60\/5 H werden zum Ansetzen von nicht-strukturellen Elementen der Linie FASSAPROTECTION verwendet, um den Anschluss von Fasergeweben zu Betonbauteilen herzustellen. &nbsp; Im Besonderen finden sie Verwendung f\u00fcr:"},{"@type":"PropertyValue","name":"Use Case 2","value":"Deckenabl\u00f6sungsschutz FASSAPROTECTION SOLAIO"},{"@type":"PropertyValue","name":"Use Case 3","value":"Kippschutz FASSAPROTECTION SOLAIO"},{"@type":"PropertyValue","name":"Supply Information","value":"VITE RA-P &nbsp; Kartonschacheln zu jeweils 100 St."},{"@type":"PropertyValue","name":"Supply Information","value":"PIATTELLO IT 60\/5H &nbsp; Kartonschacheln zu jeweils 100 St."},{"@type":"PropertyValue","name":"Attributes_1","value":"Kippschutz"},{"@type":"PropertyValue","name":"Attributes_1","value":"Deckabl\u00f6sungsschutz"},{"@type":"PropertyValue","name":"Attributes_2","value":"Au\u00dfenbereich"},{"@type":"PropertyValue","name":"Attributes_2","value":"Innenbereich"}],"category":[{"@type":"ProductCollection","name":"VERBINDER","identifier":"FASSA_LINEA_CONNETTORI_SISTEMA_CONSOLIDAMENTO"},{"@type":"Collection","name":"KONSOLIDIERUNGS- UND STRUKTURVERST\u00c4RKUNGSSYSTEM","identifier":"FASSA_SISTEMA_CONSOLIDAMENTO_E_RINFORZO_STRUTTURALE"}],"inLanguage":"de"},"_links":{"self":[{"href":"https:\/\/www.fassabortolo.it\/de\/wp-json\/wp\/v2\/product\/3498272","targetHints":{"allow":["GET"]}}],"collection":[{"href":"https:\/\/www.fassabortolo.it\/de\/wp-json\/wp\/v2\/product"}],"about":[{"href":"https:\/\/www.fassabortolo.it\/de\/wp-json\/wp\/v2\/types\/product"}],"wp:attachment":[{"href":"https:\/\/www.fassabortolo.it\/de\/wp-json\/wp\/v2\/media?parent=3498272"}],"curies":[{"name":"wp","href":"https:\/\/api.w.org\/{rel}","templated":true}]}}