{"id":3498273,"date":"2026-01-20T15:14:05","date_gmt":"2026-01-20T14:14:05","guid":{"rendered":"http:\/\/10.6.201.155\/?post_type=product&#038;p=53017"},"modified":"2026-02-04T16:55:47","modified_gmt":"2026-02-04T15:55:47","slug":"wascheimer-fur-fliesenlegerschwamme","status":"publish","type":"product","link":"https:\/\/www.fassabortolo.it\/de\/produkte\/verlegesystem-fur-boden-und-wandbelage\/fassafill-fugenversiegler\/wascheimer-fur-fliesenlegerschwamme","title":{"rendered":"WASCHEIMER F\u00dcR FLIESENLEGERSCHW\u00c4MME"},"content":{"rendered":"","protected":false},"featured_media":0,"template":"","class_list":["post-3498273","product","type-product","status-publish","hentry"],"acf":[],"fimg":{"url":"https:\/\/www.fassabortolo.it\/wp-content\/uploads\/media\/assets\/Vaschetta_lavaggio_Spugne.jpg","alt":"WASCHEIMER F\u00dcR FLIESENLEGERSCHW\u00c4MME"},"product_description":["Wascheimer f\u00fcr Fliesenlegerschw\u00e4mme"],"ekr_hierarchy_settings":{"it":{"FASSA_LINEA_FASSAFILL_SIGILLANTI_PER_FUGHE_SISTEMA_POSA":{"ekr_position":24}},"ch":{"FASSA_LINEA_FASSAFILL_SIGILLANTI_PER_FUGHE_SISTEMA_POSA":{"ekr_position":1}},"lu":{"FASSA_LINEA_FASSAFILL_SIGILLANTI_PER_FUGHE_SISTEMA_POSA":{"ekr_position":1}}},"lang":{"language_code":"de","locale":"de_DE","text_direction":false,"display_name":"Deutsch","native_name":"Tedesco","different_language":false},"systems":[{"id":3497517,"name":"VERLEGESYSTEM F\u00dcR BODEN- UND WANDBEL\u00c4GE","permalink":"https:\/\/www.fassabortolo.it\/de\/produkte\/verlegesystem-fur-boden-und-wandbelage\/","slug":"verlegesystem-fur-boden-und-wandbelage","ekr_pallet_code":"FASSA_SISTEMA_POSA_PAVIMENTI_E_RIVESTIMENTI"}],"product_pallet_code":"PROD_VASCHETTA_LAVAGGIO_PER_SPUGNE","lines":[{"id":3497451,"name":"FASSAFILL &#8211; FUGENVERSIEGLER","permalink":"https:\/\/www.fassabortolo.it\/de\/produkte\/\/fassafill-fugenversiegler\/","slug":"fassafill-fugenversiegler","system_codes":["FASSA_SISTEMA_POSA_PAVIMENTI_E_RIVESTIMENTI"],"ekr_pallet_code":"FASSA_LINEA_FASSAFILL_SIGILLANTI_PER_FUGHE_SISTEMA_POSA"}],"use":null,"supply":null,"attributes":{"Attributes_1":{"ZUBEH\u00d6RTEILE":"Zubeh\u00f6rteile"},"Attributes_2":{"AUSSENBEREICH":"Au\u00dfenbereich","INNENBEREICH":"Innenbereich"}},"___attributes":{"FASSA":{"FASSA_SISTEMA_POSA_PAVIMENTI_E_RIVESTIMENTI":{"Attributes_1":["Zubeh\u00f6rteile"],"Attributes_2":["Au\u00dfenbereich","Innenbereich"]}}},"elastic_market_index":"it","structured_data":{"@context":"https:\/\/schema.org","@type":"Product","name":"WASCHEIMER F\u00dcR FLIESENLEGERSCHW\u00c4MME","description":["Wascheimer f\u00fcr Fliesenlegerschw\u00e4mme"],"url":"https:\/\/www.fassabortolo.it\/de\/produkte\/verlegesystem-fur-boden-und-wandbelage\/fassafill-fugenversiegler\/wascheimer-fur-fliesenlegerschwamme","identifier":"PROD_VASCHETTA_LAVAGGIO_PER_SPUGNE","sku":"PROD_VASCHETTA_LAVAGGIO_PER_SPUGNE","image":"https:\/\/www.fassabortolo.it\/wp-content\/uploads\/media\/assets\/Vaschetta_lavaggio_Spugne.jpg","brand":{"@type":"Brand","name":"Fassa Bortolo"},"manufacturer":{"@type":"Organization","name":"Fassa Bortolo","url":"https:\/\/www.fassabortolo.it"},"additionalProperty":[{"@type":"PropertyValue","name":"Attributes_1","value":"Zubeh\u00f6rteile"},{"@type":"PropertyValue","name":"Attributes_2","value":"Au\u00dfenbereich"},{"@type":"PropertyValue","name":"Attributes_2","value":"Innenbereich"}],"category":[{"@type":"ProductCollection","name":"FASSAFILL &#8211; FUGENVERSIEGLER","identifier":"FASSA_LINEA_FASSAFILL_SIGILLANTI_PER_FUGHE_SISTEMA_POSA"},{"@type":"Collection","name":"VERLEGESYSTEM F\u00dcR BODEN- UND WANDBEL\u00c4GE","identifier":"FASSA_SISTEMA_POSA_PAVIMENTI_E_RIVESTIMENTI"}],"inLanguage":"de"},"_links":{"self":[{"href":"https:\/\/www.fassabortolo.it\/de\/wp-json\/wp\/v2\/product\/3498273","targetHints":{"allow":["GET"]}}],"collection":[{"href":"https:\/\/www.fassabortolo.it\/de\/wp-json\/wp\/v2\/product"}],"about":[{"href":"https:\/\/www.fassabortolo.it\/de\/wp-json\/wp\/v2\/types\/product"}],"wp:attachment":[{"href":"https:\/\/www.fassabortolo.it\/de\/wp-json\/wp\/v2\/media?parent=3498273"}],"curies":[{"name":"wp","href":"https:\/\/api.w.org\/{rel}","templated":true}]}}