{"id":3498285,"date":"2026-01-20T15:14:20","date_gmt":"2026-01-20T14:14:20","guid":{"rendered":"http:\/\/10.6.201.155\/?post_type=product&#038;p=53061"},"modified":"2026-05-15T01:37:05","modified_gmt":"2026-05-14T23:37:05","slug":"zf-12-ab","status":"publish","type":"product","link":"https:\/\/www.fassabortolo.it\/de\/produkte\/verputz-und-bausystem\/produkte-auf-gipsbasis\/zf-12-ab","title":{"rendered":"ZF 12 &#8211; AB"},"content":{"rendered":"","protected":false},"featured_media":0,"template":"","class_list":["post-3498285","product","type-product","status-publish","hentry"],"acf":[],"fimg":{"url":"https:\/\/www.fassabortolo.it\/wp-content\/uploads\/media\/assets\/ZF_12_AB.jpg","alt":"ZF 12 &#8211; AB"},"product_description":["Grundputz auf Gisp- und Kalkbasis f\u00fcr innen"],"ekr_hierarchy_settings":{"it":{"FASSA_LINEA_PRODOTTI_A_BASE_GESSO_SISTEMA_INTONACATURA":{"ekr_position":3}},"lu":{"FASSA_LINEA_PRODOTTI_A_BASE_GESSO_SISTEMA_INTONACATURA":{"ekr_position":6}}},"lang":{"language_code":"de","locale":"de_DE","text_direction":false,"display_name":"Deutsch","native_name":"Tedesco","different_language":false},"systems":[{"id":3497520,"name":"VERPUTZ- UND BAUSYSTEM","permalink":"https:\/\/www.fassabortolo.it\/de\/produkte\/verputz-und-bausystem\/","slug":"verputz-und-bausystem","ekr_pallet_code":"FASSA_SISTEMA_INTONACATURA_E_COSTRUZIONE"}],"product_pallet_code":"PROD_ZF_12_AB","lines":[{"id":3497478,"name":"PRODUKTE AUF GIPSBASIS","permalink":"https:\/\/www.fassabortolo.it\/de\/produkte\/\/produkte-auf-gipsbasis\/","slug":"produkte-auf-gipsbasis","system_codes":["FASSA_SISTEMA_INTONACATURA_E_COSTRUZIONE"],"ekr_pallet_code":"FASSA_LINEA_PRODOTTI_A_BASE_GESSO_SISTEMA_INTONACATURA"}],"use":["ZF 12 - AB &nbsp; wird verwendet als Grundputz im Innenbereich auf Ziegelmauerwerken, auf Betonblockziegeln, Rohbeton usw..","Bei besonderen Untergr\u00fcnden sind die jeweiligen Herstelleranleitungen zu beachten.","In feuchten R\u00e4umlichkeiten (B\u00e4der, K\u00fcche, Garagen) ist das Auftragen von ZF 12 -AB zu vermeiden; hier empfiehlt sich die Verwendung von Putzen auf Kalk-Zementbasis."],"supply":["Lose im Silo","In feuchtigkeitsgesch\u00fctzten Spezials\u00e4cken zu ca. 25 kg"],"attributes":null,"___attributes":null,"elastic_market_index":"it","structured_data":{"@context":"https:\/\/schema.org","@type":"Product","name":"ZF 12 &#8211; AB","description":["Grundputz auf Gisp- und Kalkbasis f\u00fcr innen"],"url":"https:\/\/www.fassabortolo.it\/de\/produkte\/verputz-und-bausystem\/produkte-auf-gipsbasis\/zf-12-ab","identifier":"PROD_ZF_12_AB","sku":"PROD_ZF_12_AB","image":"https:\/\/www.fassabortolo.it\/wp-content\/uploads\/media\/assets\/ZF_12_AB.jpg","brand":{"@type":"Brand","name":"Fassa Bortolo"},"manufacturer":{"@type":"Organization","name":"Fassa Bortolo","url":"https:\/\/www.fassabortolo.it"},"additionalProperty":[{"@type":"PropertyValue","name":"Use Case 1","value":"ZF 12 - AB &nbsp; wird verwendet als Grundputz im Innenbereich auf Ziegelmauerwerken, auf Betonblockziegeln, Rohbeton usw.."},{"@type":"PropertyValue","name":"Use Case 2","value":"Bei besonderen Untergr\u00fcnden sind die jeweiligen Herstelleranleitungen zu beachten."},{"@type":"PropertyValue","name":"Use Case 3","value":"In feuchten R\u00e4umlichkeiten (B\u00e4der, K\u00fcche, Garagen) ist das Auftragen von ZF 12 -AB zu vermeiden; hier empfiehlt sich die Verwendung von Putzen auf Kalk-Zementbasis."},{"@type":"PropertyValue","name":"Supply Information","value":"Lose im Silo"},{"@type":"PropertyValue","name":"Supply Information","value":"In feuchtigkeitsgesch\u00fctzten Spezials\u00e4cken zu ca. 25 kg"}],"category":[{"@type":"ProductCollection","name":"PRODUKTE AUF GIPSBASIS","identifier":"FASSA_LINEA_PRODOTTI_A_BASE_GESSO_SISTEMA_INTONACATURA"},{"@type":"Collection","name":"VERPUTZ- UND BAUSYSTEM","identifier":"FASSA_SISTEMA_INTONACATURA_E_COSTRUZIONE"}],"inLanguage":"de"},"_links":{"self":[{"href":"https:\/\/www.fassabortolo.it\/de\/wp-json\/wp\/v2\/product\/3498285","targetHints":{"allow":["GET"]}}],"collection":[{"href":"https:\/\/www.fassabortolo.it\/de\/wp-json\/wp\/v2\/product"}],"about":[{"href":"https:\/\/www.fassabortolo.it\/de\/wp-json\/wp\/v2\/types\/product"}],"wp:attachment":[{"href":"https:\/\/www.fassabortolo.it\/de\/wp-json\/wp\/v2\/media?parent=3498285"}],"curies":[{"name":"wp","href":"https:\/\/api.w.org\/{rel}","templated":true}]}}