{"id":3498288,"date":"2026-01-20T15:14:30","date_gmt":"2026-01-20T14:14:30","guid":{"rendered":"http:\/\/10.6.201.155\/?post_type=product&#038;p=53074"},"modified":"2026-05-15T01:37:07","modified_gmt":"2026-05-14T23:37:07","slug":"zm-136","status":"publish","type":"product","link":"https:\/\/www.fassabortolo.it\/de\/produkte\/verputz-und-bausystem\/produkte-auf-gipsbasis\/zm-136","title":{"rendered":"ZM 136"},"content":{"rendered":"","protected":false},"featured_media":0,"template":"","class_list":["post-3498288","product","type-product","status-publish","hentry"],"acf":[],"fimg":{"url":"https:\/\/www.fassabortolo.it\/wp-content\/uploads\/media\/assets\/ZM_136.jpg","alt":"ZM 136"},"product_description":["Putz und Gl\u00e4tte auf Gipsbasis f\u00fcr innen"],"ekr_hierarchy_settings":{"it":{"FASSA_LINEA_PRODOTTI_A_BASE_GESSO_SISTEMA_INTONACATURA":{"ekr_position":7}},"ch":{"FASSA_LINEA_PRODOTTI_A_BASE_GESSO_SISTEMA_INTONACATURA":{"ekr_position":4}},"lu":{"FASSA_LINEA_PRODOTTI_A_BASE_GESSO_SISTEMA_INTONACATURA":{"ekr_position":4}}},"lang":{"language_code":"de","locale":"de_DE","text_direction":false,"display_name":"Deutsch","native_name":"Tedesco","different_language":false},"systems":[{"id":3497520,"name":"VERPUTZ- UND BAUSYSTEM","permalink":"https:\/\/www.fassabortolo.it\/de\/produkte\/verputz-und-bausystem\/","slug":"verputz-und-bausystem","ekr_pallet_code":"FASSA_SISTEMA_INTONACATURA_E_COSTRUZIONE"}],"product_pallet_code":"PROD_ZM_136","lines":[{"id":3497478,"name":"PRODUKTE AUF GIPSBASIS","permalink":"https:\/\/www.fassabortolo.it\/de\/produkte\/\/produkte-auf-gipsbasis\/","slug":"produkte-auf-gipsbasis","system_codes":["FASSA_SISTEMA_INTONACATURA_E_COSTRUZIONE"],"ekr_pallet_code":"FASSA_LINEA_PRODOTTI_A_BASE_GESSO_SISTEMA_INTONACATURA"}],"use":["ZM 136 wird verwendet als Gl\u00e4ttputz auf Innenputzen. &nbsp; Kann ferner auch als Einschichtputz auf verschiedenen Arten von Mauerwerk verwendet werden. &nbsp; In feuchten R\u00e4umlichkeiten (B\u00e4der, K\u00fcchen, Garagen) ist die Verwendung von ZM 136 zu vermeiden; hierbei empfiehlt sich die Verwendung von Putzen auf Kalk-Zementbasis."],"supply":["In feuchtigkeitsgesch\u00fctzten Spezials\u00e4cken zu ca. 25 kg"],"attributes":{"Attributes_1":{"DECKPUTZE\/SPACHELUNGEN":"Deckputze\/Spachelungen","MEHRZWECKPRODUKTE":"Mehrzweckprodukte"},"Attributes_2":{"INNENBEREICH":"Innenbereich"}},"___attributes":{"FASSA":{"FASSA_SISTEMA_INTONACATURA_E_COSTRUZIONE":{"Attributes_1":["Deckputze\/Spachelungen","Mehrzweckprodukte"],"Attributes_2":["Innenbereich"]}}},"elastic_market_index":"it","structured_data":{"@context":"https:\/\/schema.org","@type":"Product","name":"ZM 136","description":["Putz und Gl\u00e4tte auf Gipsbasis f\u00fcr innen"],"url":"https:\/\/www.fassabortolo.it\/de\/produkte\/verputz-und-bausystem\/produkte-auf-gipsbasis\/zm-136","identifier":"PROD_ZM_136","sku":"PROD_ZM_136","image":"https:\/\/www.fassabortolo.it\/wp-content\/uploads\/media\/assets\/ZM_136.jpg","brand":{"@type":"Brand","name":"Fassa Bortolo"},"manufacturer":{"@type":"Organization","name":"Fassa Bortolo","url":"https:\/\/www.fassabortolo.it"},"additionalProperty":[{"@type":"PropertyValue","name":"Use Case 1","value":"ZM 136 wird verwendet als Gl\u00e4ttputz auf Innenputzen. &nbsp; Kann ferner auch als Einschichtputz auf verschiedenen Arten von Mauerwerk verwendet werden. &nbsp; In feuchten R\u00e4umlichkeiten (B\u00e4der, K\u00fcchen, Garagen) ist die Verwendung von ZM 136 zu vermeiden; hierbei empfiehlt sich die Verwendung von Putzen auf Kalk-Zementbasis."},{"@type":"PropertyValue","name":"Supply Information","value":"In feuchtigkeitsgesch\u00fctzten Spezials\u00e4cken zu ca. 25 kg"},{"@type":"PropertyValue","name":"Attributes_1","value":"Deckputze\/Spachelungen"},{"@type":"PropertyValue","name":"Attributes_1","value":"Mehrzweckprodukte"},{"@type":"PropertyValue","name":"Attributes_2","value":"Innenbereich"}],"category":[{"@type":"ProductCollection","name":"PRODUKTE AUF GIPSBASIS","identifier":"FASSA_LINEA_PRODOTTI_A_BASE_GESSO_SISTEMA_INTONACATURA"},{"@type":"Collection","name":"VERPUTZ- UND BAUSYSTEM","identifier":"FASSA_SISTEMA_INTONACATURA_E_COSTRUZIONE"}],"inLanguage":"de"},"_links":{"self":[{"href":"https:\/\/www.fassabortolo.it\/de\/wp-json\/wp\/v2\/product\/3498288","targetHints":{"allow":["GET"]}}],"collection":[{"href":"https:\/\/www.fassabortolo.it\/de\/wp-json\/wp\/v2\/product"}],"about":[{"href":"https:\/\/www.fassabortolo.it\/de\/wp-json\/wp\/v2\/types\/product"}],"wp:attachment":[{"href":"https:\/\/www.fassabortolo.it\/de\/wp-json\/wp\/v2\/media?parent=3498288"}],"curies":[{"name":"wp","href":"https:\/\/api.w.org\/{rel}","templated":true}]}}