{"id":3498294,"date":"2026-01-20T15:14:36","date_gmt":"2026-01-20T14:14:36","guid":{"rendered":"http:\/\/10.6.201.155\/?post_type=product&#038;p=53099"},"modified":"2026-05-15T01:37:18","modified_gmt":"2026-05-14T23:37:18","slug":"zb-23","status":"publish","type":"product","link":"https:\/\/www.fassabortolo.it\/de\/produkte\/verputz-und-bausystem\/produkte-auf-gipsbasis\/zb-23","title":{"rendered":"ZB 23"},"content":{"rendered":"","protected":false},"featured_media":0,"template":"","class_list":["post-3498294","product","type-product","status-publish","hentry"],"acf":[],"fimg":{"url":"https:\/\/www.fassabortolo.it\/wp-content\/uploads\/media\/assets\/ZB_23.jpg","alt":"ZB 23"},"product_description":["Grundputz auf Calciumsulfatbasis f\u00fcr innen"],"ekr_hierarchy_settings":{"it":{"FASSA_LINEA_PRODOTTI_A_BASE_GESSO_SISTEMA_INTONACATURA":{"ekr_position":6}},"lu":{"FASSA_LINEA_PRODOTTI_A_BASE_GESSO_SISTEMA_INTONACATURA":{"ekr_position":8}}},"lang":{"language_code":"de","locale":"de_DE","text_direction":false,"display_name":"Deutsch","native_name":"Tedesco","different_language":false},"systems":[{"id":3497520,"name":"VERPUTZ- UND BAUSYSTEM","permalink":"https:\/\/www.fassabortolo.it\/de\/produkte\/verputz-und-bausystem\/","slug":"verputz-und-bausystem","ekr_pallet_code":"FASSA_SISTEMA_INTONACATURA_E_COSTRUZIONE"}],"product_pallet_code":"PROD_ZB_23","lines":[{"id":3497478,"name":"PRODUKTE AUF GIPSBASIS","permalink":"https:\/\/www.fassabortolo.it\/de\/produkte\/\/produkte-auf-gipsbasis\/","slug":"produkte-auf-gipsbasis","system_codes":["FASSA_SISTEMA_INTONACATURA_E_COSTRUZIONE"],"ekr_pallet_code":"FASSA_LINEA_PRODOTTI_A_BASE_GESSO_SISTEMA_INTONACATURA"}],"use":["ZB 23 &nbsp; wird verwendet als Grundputz im Innenbereich auf Ziegelmauerwerken, auf Betonblockziegeln, Rohbeton usw..","Bei besonderen Untergr\u00fcnden sind die jeweiligen Herstelleranleitungen zu beachten.","Von der Verwendung in feuchten R\u00e4umen ist abzuraten."],"supply":["Lose im Silo","In feuchtigkeitsgesch\u00fctzten Spezials\u00e4cken zu ca. 25 kg"],"attributes":{"Attributes_1":{"GRUNDPUTZE":"Grundputze"},"Attributes_2":{"INNENBEREICH":"Innenbereich"}},"___attributes":{"FASSA":{"FASSA_SISTEMA_INTONACATURA_E_COSTRUZIONE":{"Attributes_1":["Grundputze"],"Attributes_2":["Innenbereich"]}}},"elastic_market_index":"it","structured_data":{"@context":"https:\/\/schema.org","@type":"Product","name":"ZB 23","description":["Grundputz auf Calciumsulfatbasis f\u00fcr innen"],"url":"https:\/\/www.fassabortolo.it\/de\/produkte\/verputz-und-bausystem\/produkte-auf-gipsbasis\/zb-23","identifier":"PROD_ZB_23","sku":"PROD_ZB_23","image":"https:\/\/www.fassabortolo.it\/wp-content\/uploads\/media\/assets\/ZB_23.jpg","brand":{"@type":"Brand","name":"Fassa Bortolo"},"manufacturer":{"@type":"Organization","name":"Fassa Bortolo","url":"https:\/\/www.fassabortolo.it"},"additionalProperty":[{"@type":"PropertyValue","name":"Use Case 1","value":"ZB 23 &nbsp; wird verwendet als Grundputz im Innenbereich auf Ziegelmauerwerken, auf Betonblockziegeln, Rohbeton usw.."},{"@type":"PropertyValue","name":"Use Case 2","value":"Bei besonderen Untergr\u00fcnden sind die jeweiligen Herstelleranleitungen zu beachten."},{"@type":"PropertyValue","name":"Use Case 3","value":"Von der Verwendung in feuchten R\u00e4umen ist abzuraten."},{"@type":"PropertyValue","name":"Supply Information","value":"Lose im Silo"},{"@type":"PropertyValue","name":"Supply Information","value":"In feuchtigkeitsgesch\u00fctzten Spezials\u00e4cken zu ca. 25 kg"},{"@type":"PropertyValue","name":"Attributes_1","value":"Grundputze"},{"@type":"PropertyValue","name":"Attributes_2","value":"Innenbereich"}],"category":[{"@type":"ProductCollection","name":"PRODUKTE AUF GIPSBASIS","identifier":"FASSA_LINEA_PRODOTTI_A_BASE_GESSO_SISTEMA_INTONACATURA"},{"@type":"Collection","name":"VERPUTZ- UND BAUSYSTEM","identifier":"FASSA_SISTEMA_INTONACATURA_E_COSTRUZIONE"}],"inLanguage":"de"},"_links":{"self":[{"href":"https:\/\/www.fassabortolo.it\/de\/wp-json\/wp\/v2\/product\/3498294","targetHints":{"allow":["GET"]}}],"collection":[{"href":"https:\/\/www.fassabortolo.it\/de\/wp-json\/wp\/v2\/product"}],"about":[{"href":"https:\/\/www.fassabortolo.it\/de\/wp-json\/wp\/v2\/types\/product"}],"wp:attachment":[{"href":"https:\/\/www.fassabortolo.it\/de\/wp-json\/wp\/v2\/media?parent=3498294"}],"curies":[{"name":"wp","href":"https:\/\/api.w.org\/{rel}","templated":true}]}}