{"id":3498416,"date":"2026-01-23T12:00:19","date_gmt":"2026-01-23T11:00:19","guid":{"rendered":"http:\/\/10.6.201.155\/?post_type=product&#038;p=53593"},"modified":"2026-05-15T01:08:14","modified_gmt":"2026-05-14T23:08:14","slug":"az-59-flex","status":"publish","type":"product","link":"https:\/\/www.fassabortolo.it\/de\/produkte\/verlegesystem-fur-boden-und-wandbelage\/fassacol-klebstoffe\/az-59-flex","title":{"rendered":"AZ 59 FLEX"},"content":{"rendered":"","protected":false},"featured_media":0,"template":"","class_list":["post-3498416","product","type-product","status-publish","hentry"],"acf":[],"fimg":{"url":"https:\/\/www.fassabortolo.it\/wp-content\/uploads\/media\/assets\/AZ_59_FLEX.jpg","alt":"AZ 59 FLEX"},"product_description":["Einkomponenten-Kleber mit guter Elastizit\u00e4t in wei\u00df und grau, f\u00fcr Boden- und Wandbel\u00e4ge im Au\u00dfen- und Innenbereich"],"ekr_hierarchy_settings":{"it":{"FASSA_LINEA_FASSACOL_ADESIVI_SISTEMA_POSA":{"ekr_position":3}},"lu":{"FASSA_LINEA_FASSACOL_ADESIVI_SISTEMA_POSA":{"ekr_position":8}}},"lang":{"language_code":"de","locale":"de_DE","text_direction":false,"display_name":"Deutsch","native_name":"Tedesco","different_language":false},"systems":[{"id":3497517,"name":"VERLEGESYSTEM F\u00dcR BODEN- UND WANDBEL\u00c4GE","permalink":"https:\/\/www.fassabortolo.it\/de\/produkte\/verlegesystem-fur-boden-und-wandbelage\/","slug":"verlegesystem-fur-boden-und-wandbelage","ekr_pallet_code":"FASSA_SISTEMA_POSA_PAVIMENTI_E_RIVESTIMENTI"}],"product_pallet_code":"PROD_AZ_59_FLEX","lines":[{"id":3497452,"name":"FASSACOL &#8211; KLEBSTOFFE","permalink":"https:\/\/www.fassabortolo.it\/de\/produkte\/\/fassacol-klebstoffe\/","slug":"fassacol-klebstoffe","system_codes":["FASSA_SISTEMA_POSA_PAVIMENTI_E_RIVESTIMENTI"],"ekr_pallet_code":"FASSA_LINEA_FASSACOL_ADESIVI_SISTEMA_POSA"}],"use":["AZ 59 FLEX wird innen und au\u00dfen, auf Wand- und Bodenfl\u00e4chen verwendet. &nbsp; Dieser Kleber wird zum Verkleben von Keramikfliesen, Keramikmosaik, Klinker, Steingut, Feinsteinzeug, Cotto, von Kunststeinen auf zement\u00f6ser Basis, von fleckunempfindlichen und feuchtigkeitsbest\u00e4ndigen Natursteinen verwendet. &nbsp; \u00dcntergr\u00fcnde k\u00f6nnen sein: Grundputze auf Kalk-, Zement-, Gipsbasis sowie Putzm\u00f6rtel, gut ausgeh\u00e4rtete und trockene Estriche auf Zement- oder Anhydritbasis, gut ausgeh\u00e4rtete Betonsohlen, Gipskarton, zement\u00f6se Dichtbahnen und bestehende Fu\u00dfb\u00f6den. &nbsp; Geeignet zur Anbringung auf Putzgr\u00fcnden und Estrichen mit einem Heiz-\/K\u00fchlsystem, auf W\u00e4rmed\u00e4mmverbundsystemen und in Schwimmbecken.","<\/br> Dank der ausgezeichneten Kompatibilit\u00e4t der Materialien ist das Produkt in h\u00f6chstem Ma\u00dfe auf Estrichen vom Typ SA 500, E 439, FASSAFLOOR LA 8.30, FASSAFLOOR SV 472 PRO, SR 450, LEGEO MIX oder FASSAFLOOR THERM, auf mit dem Bindemittel FASSACEM angefertigten Estrichen, auf den Dichtstoffen der Linie AQUAZIP sowie auf Bauplatten des Gipskartonsystems GYPSOTECH geeignet."],"supply":["AZ 59 FLEX wei\u00df: &nbsp; in feuchtigkeitsgesch\u00fctzten Spezials\u00e4cken zu ca. 25 kg und S\u00e4ckchen zu ca. 5 kg in Kartonschachteln zu jeweils 5 St\u00fcck","AZ 59 FLEX grau: &nbsp; in feuchtigkeitsgesch\u00fctzten Spezials\u00e4cken zu ca. 25 kg"],"attributes":{"Attributes_1":{"ZEMENTGEBUNDENE KLEBSTOFFE MIT NORMALEM ABBINDEN":"Zementgebundene Klebstoffe mit normalem Abbinden"},"Attributes_2":{"AUSSENBEREICH":"Au\u00dfenbereich","INNENBEREICH":"Innenbereich"}},"___attributes":{"FASSA":{"FASSA_SISTEMA_POSA_PAVIMENTI_E_RIVESTIMENTI":{"Attributes_1":["Zementgebundene Klebstoffe mit normalem Abbinden"],"Attributes_2":["Au\u00dfenbereich","Innenbereich"]}}},"elastic_market_index":"it","structured_data":{"@context":"https:\/\/schema.org","@type":"Product","name":"AZ 59 FLEX","description":["Einkomponenten-Kleber mit guter Elastizit\u00e4t in wei\u00df und grau, f\u00fcr Boden- und Wandbel\u00e4ge im Au\u00dfen- und Innenbereich"],"url":"https:\/\/www.fassabortolo.it\/de\/produkte\/verlegesystem-fur-boden-und-wandbelage\/fassacol-klebstoffe\/az-59-flex","identifier":"PROD_AZ_59_FLEX","sku":"PROD_AZ_59_FLEX","image":"https:\/\/www.fassabortolo.it\/wp-content\/uploads\/media\/assets\/AZ_59_FLEX.jpg","brand":{"@type":"Brand","name":"Fassa Bortolo"},"manufacturer":{"@type":"Organization","name":"Fassa Bortolo","url":"https:\/\/www.fassabortolo.it"},"additionalProperty":[{"@type":"PropertyValue","name":"Use Case 1","value":"AZ 59 FLEX wird innen und au\u00dfen, auf Wand- und Bodenfl\u00e4chen verwendet. &nbsp; Dieser Kleber wird zum Verkleben von Keramikfliesen, Keramikmosaik, Klinker, Steingut, Feinsteinzeug, Cotto, von Kunststeinen auf zement\u00f6ser Basis, von fleckunempfindlichen und feuchtigkeitsbest\u00e4ndigen Natursteinen verwendet. &nbsp; \u00dcntergr\u00fcnde k\u00f6nnen sein: Grundputze auf Kalk-, Zement-, Gipsbasis sowie Putzm\u00f6rtel, gut ausgeh\u00e4rtete und trockene Estriche auf Zement- oder Anhydritbasis, gut ausgeh\u00e4rtete Betonsohlen, Gipskarton, zement\u00f6se Dichtbahnen und bestehende Fu\u00dfb\u00f6den. &nbsp; Geeignet zur Anbringung auf Putzgr\u00fcnden und Estrichen mit einem Heiz-\/K\u00fchlsystem, auf W\u00e4rmed\u00e4mmverbundsystemen und in Schwimmbecken."},{"@type":"PropertyValue","name":"Use Case 2","value":"<\/br> Dank der ausgezeichneten Kompatibilit\u00e4t der Materialien ist das Produkt in h\u00f6chstem Ma\u00dfe auf Estrichen vom Typ SA 500, E 439, FASSAFLOOR LA 8.30, FASSAFLOOR SV 472 PRO, SR 450, LEGEO MIX oder FASSAFLOOR THERM, auf mit dem Bindemittel FASSACEM angefertigten Estrichen, auf den Dichtstoffen der Linie AQUAZIP sowie auf Bauplatten des Gipskartonsystems GYPSOTECH geeignet."},{"@type":"PropertyValue","name":"Supply Information","value":"AZ 59 FLEX wei\u00df: &nbsp; in feuchtigkeitsgesch\u00fctzten Spezials\u00e4cken zu ca. 25 kg und S\u00e4ckchen zu ca. 5 kg in Kartonschachteln zu jeweils 5 St\u00fcck"},{"@type":"PropertyValue","name":"Supply Information","value":"AZ 59 FLEX grau: &nbsp; in feuchtigkeitsgesch\u00fctzten Spezials\u00e4cken zu ca. 25 kg"},{"@type":"PropertyValue","name":"Attributes_1","value":"Zementgebundene Klebstoffe mit normalem Abbinden"},{"@type":"PropertyValue","name":"Attributes_2","value":"Au\u00dfenbereich"},{"@type":"PropertyValue","name":"Attributes_2","value":"Innenbereich"}],"category":[{"@type":"ProductCollection","name":"FASSACOL &#8211; KLEBSTOFFE","identifier":"FASSA_LINEA_FASSACOL_ADESIVI_SISTEMA_POSA"},{"@type":"Collection","name":"VERLEGESYSTEM F\u00dcR BODEN- UND WANDBEL\u00c4GE","identifier":"FASSA_SISTEMA_POSA_PAVIMENTI_E_RIVESTIMENTI"}],"inLanguage":"de"},"_links":{"self":[{"href":"https:\/\/www.fassabortolo.it\/de\/wp-json\/wp\/v2\/product\/3498416","targetHints":{"allow":["GET"]}}],"collection":[{"href":"https:\/\/www.fassabortolo.it\/de\/wp-json\/wp\/v2\/product"}],"about":[{"href":"https:\/\/www.fassabortolo.it\/de\/wp-json\/wp\/v2\/types\/product"}],"wp:attachment":[{"href":"https:\/\/www.fassabortolo.it\/de\/wp-json\/wp\/v2\/media?parent=3498416"}],"curies":[{"name":"wp","href":"https:\/\/api.w.org\/{rel}","templated":true}]}}