{"id":3498417,"date":"2026-01-23T11:48:45","date_gmt":"2026-01-23T10:48:45","guid":{"rendered":"http:\/\/10.6.201.155\/?post_type=product&#038;p=53598"},"modified":"2026-04-23T10:30:05","modified_gmt":"2026-04-23T08:30:05","slug":"ap-71-tech","status":"publish","type":"product","link":"https:\/\/www.fassabortolo.it\/de\/produkte\/verlegesystem-fur-boden-und-wandbelage\/fassacol-klebstoffe\/ap-71-tech","title":{"rendered":"AP 71 TECH"},"content":{"rendered":"","protected":false},"featured_media":0,"template":"","class_list":["post-3498417","product","type-product","status-publish","hentry"],"acf":[],"fimg":{"url":"https:\/\/www.fassabortolo.it\/wp-content\/uploads\/media\/assets\/AP_71_TECH.jpg","alt":"AP 71 TECH"},"product_description":["Einkomponenten-Klebstoff in Wei\u00df und Grau, abrutschfest und mit verl\u00e4ngerter Offenzeit, f\u00fcr Boden- und Wandbel\u00e4ge sowohl im Au\u00dfen- als auch im Innenbereich."],"ekr_hierarchy_settings":{"it":{"FASSA_LINEA_FASSACOL_ADESIVI_SISTEMA_POSA":{"ekr_position":6}},"lu":{"FASSA_LINEA_FASSACOL_ADESIVI_SISTEMA_POSA":{"ekr_position":11}}},"lang":{"language_code":"de","locale":"de_DE","text_direction":false,"display_name":"Deutsch","native_name":"Tedesco","different_language":false},"systems":[{"id":3497517,"name":"VERLEGESYSTEM F\u00dcR BODEN- UND WANDBEL\u00c4GE","permalink":"https:\/\/www.fassabortolo.it\/de\/produkte\/verlegesystem-fur-boden-und-wandbelage\/","slug":"verlegesystem-fur-boden-und-wandbelage","ekr_pallet_code":"FASSA_SISTEMA_POSA_PAVIMENTI_E_RIVESTIMENTI"}],"product_pallet_code":"PROD_AP_71_TECH","lines":[{"id":3497452,"name":"FASSACOL &#8211; KLEBSTOFFE","permalink":"https:\/\/www.fassabortolo.it\/de\/produkte\/\/fassacol-klebstoffe\/","slug":"fassacol-klebstoffe","system_codes":["FASSA_SISTEMA_POSA_PAVIMENTI_E_RIVESTIMENTI"],"ekr_pallet_code":"FASSA_LINEA_FASSACOL_ADESIVI_SISTEMA_POSA"}],"use":["AP 71 TECH wird innen und au\u00dfen, auf Wand- und Bodenfl\u00e4chen verwendet. &nbsp; Dieser Kleber wird zum Verkleben von Keramikfliesen, von saugf\u00e4higem Keramikmosaik, Klinker, Steinzeug, Feinsteinzeug, Cotto, von Verbundplatten auf Zementbasis und von nicht fleckempfindlichen und feuchtigkeitsbest\u00e4ndigen Natursteinen verwendet. &nbsp; \u00dcntergr\u00fcnde k\u00f6nnen sein: Grundputze auf Kalk-, Zement-, Gipsbasis sowie Putzm\u00f6rtel, gut ausgeh\u00e4rtete und trockene Estriche auf Zement- oder Anhydritbasis, gut ausgeh\u00e4rtete Betonsohlen, zement\u00f6se Dichtbahnen und bestehende Fu\u00dfb\u00f6den. &nbsp; Geeignet f\u00fcr die Verlegung auf Verputzen und Estrichen mit Heiz-\/K\u00fchlsystem.","<\/br> Dank der ausgezeichneten Kompatibilit\u00e4t der Materialien ist das Produkt in h\u00f6chstem Ma\u00dfe auf Estrichen vom Typ SA 500, FASSAFLOOR SV 472 PRO, SR 450, FASSAFLOOR THERM oder LEGEO MIX sowie auf mit dem Bindemittel FASSACEM angefertigten Estrichen und auf den Dichtstoffen der Linie AQUAZIP geeignet."],"supply":["In feuchtigkeitsgesch\u00fctzten Spezials\u00e4cken zu ca. 25 kg"],"attributes":{"Attributes_1":{"ZEMENTGEBUNDENE KLEBSTOFFE MIT NORMALEM ABBINDEN":"Zementgebundene Klebstoffe mit normalem Abbinden"},"Attributes_2":{"AUSSENBEREICH":"Au\u00dfenbereich","INNENBEREICH":"Innenbereich"}},"___attributes":{"FASSA":{"FASSA_SISTEMA_POSA_PAVIMENTI_E_RIVESTIMENTI":{"Attributes_1":["Zementgebundene Klebstoffe mit normalem Abbinden"],"Attributes_2":["Au\u00dfenbereich","Innenbereich"]}}},"elastic_market_index":"it","structured_data":{"@context":"https:\/\/schema.org","@type":"Product","name":"AP 71 TECH","description":["Einkomponenten-Klebstoff in Wei\u00df und Grau, abrutschfest und mit verl\u00e4ngerter Offenzeit, f\u00fcr Boden- und Wandbel\u00e4ge sowohl im Au\u00dfen- als auch im Innenbereich."],"url":"https:\/\/www.fassabortolo.it\/de\/produkte\/verlegesystem-fur-boden-und-wandbelage\/fassacol-klebstoffe\/ap-71-tech","identifier":"PROD_AP_71_TECH","sku":"PROD_AP_71_TECH","image":"https:\/\/www.fassabortolo.it\/wp-content\/uploads\/media\/assets\/AP_71_TECH.jpg","brand":{"@type":"Brand","name":"Fassa Bortolo"},"manufacturer":{"@type":"Organization","name":"Fassa Bortolo","url":"https:\/\/www.fassabortolo.it"},"additionalProperty":[{"@type":"PropertyValue","name":"Use Case 1","value":"AP 71 TECH wird innen und au\u00dfen, auf Wand- und Bodenfl\u00e4chen verwendet. &nbsp; Dieser Kleber wird zum Verkleben von Keramikfliesen, von saugf\u00e4higem Keramikmosaik, Klinker, Steinzeug, Feinsteinzeug, Cotto, von Verbundplatten auf Zementbasis und von nicht fleckempfindlichen und feuchtigkeitsbest\u00e4ndigen Natursteinen verwendet. &nbsp; \u00dcntergr\u00fcnde k\u00f6nnen sein: Grundputze auf Kalk-, Zement-, Gipsbasis sowie Putzm\u00f6rtel, gut ausgeh\u00e4rtete und trockene Estriche auf Zement- oder Anhydritbasis, gut ausgeh\u00e4rtete Betonsohlen, zement\u00f6se Dichtbahnen und bestehende Fu\u00dfb\u00f6den. &nbsp; Geeignet f\u00fcr die Verlegung auf Verputzen und Estrichen mit Heiz-\/K\u00fchlsystem."},{"@type":"PropertyValue","name":"Use Case 2","value":"<\/br> Dank der ausgezeichneten Kompatibilit\u00e4t der Materialien ist das Produkt in h\u00f6chstem Ma\u00dfe auf Estrichen vom Typ SA 500, FASSAFLOOR SV 472 PRO, SR 450, FASSAFLOOR THERM oder LEGEO MIX sowie auf mit dem Bindemittel FASSACEM angefertigten Estrichen und auf den Dichtstoffen der Linie AQUAZIP geeignet."},{"@type":"PropertyValue","name":"Supply Information","value":"In feuchtigkeitsgesch\u00fctzten Spezials\u00e4cken zu ca. 25 kg"},{"@type":"PropertyValue","name":"Attributes_1","value":"Zementgebundene Klebstoffe mit normalem Abbinden"},{"@type":"PropertyValue","name":"Attributes_2","value":"Au\u00dfenbereich"},{"@type":"PropertyValue","name":"Attributes_2","value":"Innenbereich"}],"category":[{"@type":"ProductCollection","name":"FASSACOL &#8211; KLEBSTOFFE","identifier":"FASSA_LINEA_FASSACOL_ADESIVI_SISTEMA_POSA"},{"@type":"Collection","name":"VERLEGESYSTEM F\u00dcR BODEN- UND WANDBEL\u00c4GE","identifier":"FASSA_SISTEMA_POSA_PAVIMENTI_E_RIVESTIMENTI"}],"inLanguage":"de"},"_links":{"self":[{"href":"https:\/\/www.fassabortolo.it\/de\/wp-json\/wp\/v2\/product\/3498417","targetHints":{"allow":["GET"]}}],"collection":[{"href":"https:\/\/www.fassabortolo.it\/de\/wp-json\/wp\/v2\/product"}],"about":[{"href":"https:\/\/www.fassabortolo.it\/de\/wp-json\/wp\/v2\/types\/product"}],"wp:attachment":[{"href":"https:\/\/www.fassabortolo.it\/de\/wp-json\/wp\/v2\/media?parent=3498417"}],"curies":[{"name":"wp","href":"https:\/\/api.w.org\/{rel}","templated":true}]}}