{"id":3498418,"date":"2026-01-23T11:51:23","date_gmt":"2026-01-23T10:51:23","guid":{"rendered":"http:\/\/10.6.201.155\/?post_type=product&#038;p=53599"},"modified":"2026-05-15T01:08:15","modified_gmt":"2026-05-14T23:08:15","slug":"at-99-maxyflex","status":"publish","type":"product","link":"https:\/\/www.fassabortolo.it\/de\/produkte\/verlegesystem-fur-boden-und-wandbelage\/fassacol-klebstoffe\/at-99-maxyflex","title":{"rendered":"AT 99 MAXYFLEX"},"content":{"rendered":"","protected":false},"featured_media":0,"template":"","class_list":["post-3498418","product","type-product","status-publish","hentry"],"acf":[],"fimg":{"url":"https:\/\/www.fassabortolo.it\/wp-content\/uploads\/media\/assets\/AT_99_MAXYFLEX.png","alt":"AT 99 MAXYFLEX"},"product_description":["Einkomponentiger Superkleber mit hoher Elastizit\u00e4t in Extrawei\u00df und Grau f\u00fcr Boden- und Wandbel\u00e4ge im Au\u00dfen- und Innenbereich mit variabler Konsistenz je nach Anmachwasser"],"ekr_hierarchy_settings":{"it":{"FASSA_LINEA_FASSACOL_ADESIVI_SISTEMA_POSA":{"ekr_position":2}},"lu":{"FASSA_LINEA_FASSACOL_ADESIVI_SISTEMA_POSA":{"ekr_position":10}}},"lang":{"language_code":"de","locale":"de_DE","text_direction":false,"display_name":"Deutsch","native_name":"Tedesco","different_language":false},"systems":[{"id":3497517,"name":"VERLEGESYSTEM F\u00dcR BODEN- UND WANDBEL\u00c4GE","permalink":"https:\/\/www.fassabortolo.it\/de\/produkte\/verlegesystem-fur-boden-und-wandbelage\/","slug":"verlegesystem-fur-boden-und-wandbelage","ekr_pallet_code":"FASSA_SISTEMA_POSA_PAVIMENTI_E_RIVESTIMENTI"}],"product_pallet_code":"PROD_AT_99_MAXYFLEX","lines":[{"id":3497452,"name":"FASSACOL &#8211; KLEBSTOFFE","permalink":"https:\/\/www.fassabortolo.it\/de\/produkte\/\/fassacol-klebstoffe\/","slug":"fassacol-klebstoffe","system_codes":["FASSA_SISTEMA_POSA_PAVIMENTI_E_RIVESTIMENTI"],"ekr_pallet_code":"FASSA_LINEA_FASSACOL_ADESIVI_SISTEMA_POSA"}],"use":["AT 99 MAXYFLEX ist ein Hochleistungskleber, der sich dank seiner Vielseitigkeit besonders zur Verlegung von Bel\u00e4gen jeder Gr\u00f6\u00dfe eignet, von teils auch d\u00fcnnschichtigen Gro\u00dfformaten bis hin zu Mosaik. &nbsp; AT99 MAYFLEX mit normalem Wasser angemacht (zirka 29\u00a0% bei Grau, zirka 27\u00a0% bei Extrawei\u00df) ist ein Kleber der Klasse C2TE S1. &nbsp; Wird das Produkt mit einer gr\u00f6\u00dferen Wassermenge angemacht, werden hohe Leistungen aufrechterhalten und die Einstufung erfolgt in die Klasse C2E S1, jedoch erh\u00f6ht sich die Benetzungskraft, sodass es f\u00fcr die Bodenverlegung genutzt werden kann, wodurch doppeltes Aufstreichen vermieden wird. &nbsp; Ideal zur Verklebung von Materialien wie Keramikfliesen, Keramik- oder Glasmosaik, Klinker, Steinzeug, Feinsteinzeug, laminiertes Feinsteinzeug, Cotto, Zementverbundplatten, nicht fleckempfindliche und feuchtigkeitsbest\u00e4ndige Natursteine. &nbsp; \u00dcntergr\u00fcnde k\u00f6nnen sein: Grundputze auf Kalk-, Zement-, Gipsbasis sowie Putzm\u00f6rtel, gut ausgeh\u00e4rtete und trockene Estriche auf Zement- oder Anhydritbasis, gut ausgeh\u00e4rtete Betonsohlen, Gipskarton, zement\u00f6se Dichtbahnen und bestehende Fu\u00dfb\u00f6den. &nbsp; Geeignet zur Anwendung auf Putzgr\u00fcnden und Estrichen mit Heiz-\/K\u00fchlanlage, auf W\u00e4rmed\u00e4mmverbundsystemen, in Schwimmbecken und in einem Umfeld mit starken mechanischen Beanspruchungen und Vibrationen.","<\/br> Dank der ausgezeichneten Kompatibilit\u00e4t der Materialien ist das Produkt in h\u00f6chstem Ma\u00dfe auf Estrichen vom Typ SA 500, E 439, FASSAFLOOR LA 8.30, FASSAFLOOR SV 472 PRO, SR 450, LEGEO MIX oder FASSAFLOOR THERM, auf mit dem Bindemittel FASSACEM angefertigten Estrichen, auf den Dichtstoffen der Linie AQUAZIP sowie auf Bauplatten des Gipskartonsystems GYPSOTECH geeignet."],"supply":["In feuchtigkeitsgesch\u00fctzten Spezials\u00e4cken zu ca. 25 kg"],"attributes":{"Attributes_1":{"ZEMENTGEBUNDENE KLEBSTOFFE MIT NORMALEM ABBINDEN":"Zementgebundene Klebstoffe mit normalem Abbinden"},"Attributes_2":{"AUSSENBEREICH":"Au\u00dfenbereich","INNENBEREICH":"Innenbereich"}},"___attributes":{"FASSA":{"FASSA_SISTEMA_POSA_PAVIMENTI_E_RIVESTIMENTI":{"Attributes_1":["Zementgebundene Klebstoffe mit normalem Abbinden"],"Attributes_2":["Au\u00dfenbereich","Innenbereich"]}}},"elastic_market_index":"it","structured_data":{"@context":"https:\/\/schema.org","@type":"Product","name":"AT 99 MAXYFLEX","description":["Einkomponentiger Superkleber mit hoher Elastizit\u00e4t in Extrawei\u00df und Grau f\u00fcr Boden- und Wandbel\u00e4ge im Au\u00dfen- und Innenbereich mit variabler Konsistenz je nach Anmachwasser"],"url":"https:\/\/www.fassabortolo.it\/de\/produkte\/verlegesystem-fur-boden-und-wandbelage\/fassacol-klebstoffe\/at-99-maxyflex","identifier":"PROD_AT_99_MAXYFLEX","sku":"PROD_AT_99_MAXYFLEX","image":"https:\/\/www.fassabortolo.it\/wp-content\/uploads\/media\/assets\/AT_99_MAXYFLEX.png","brand":{"@type":"Brand","name":"Fassa Bortolo"},"manufacturer":{"@type":"Organization","name":"Fassa Bortolo","url":"https:\/\/www.fassabortolo.it"},"additionalProperty":[{"@type":"PropertyValue","name":"Use Case 1","value":"AT 99 MAXYFLEX ist ein Hochleistungskleber, der sich dank seiner Vielseitigkeit besonders zur Verlegung von Bel\u00e4gen jeder Gr\u00f6\u00dfe eignet, von teils auch d\u00fcnnschichtigen Gro\u00dfformaten bis hin zu Mosaik. &nbsp; AT99 MAYFLEX mit normalem Wasser angemacht (zirka 29\u00a0% bei Grau, zirka 27\u00a0% bei Extrawei\u00df) ist ein Kleber der Klasse C2TE S1. &nbsp; Wird das Produkt mit einer gr\u00f6\u00dferen Wassermenge angemacht, werden hohe Leistungen aufrechterhalten und die Einstufung erfolgt in die Klasse C2E S1, jedoch erh\u00f6ht sich die Benetzungskraft, sodass es f\u00fcr die Bodenverlegung genutzt werden kann, wodurch doppeltes Aufstreichen vermieden wird. &nbsp; Ideal zur Verklebung von Materialien wie Keramikfliesen, Keramik- oder Glasmosaik, Klinker, Steinzeug, Feinsteinzeug, laminiertes Feinsteinzeug, Cotto, Zementverbundplatten, nicht fleckempfindliche und feuchtigkeitsbest\u00e4ndige Natursteine. &nbsp; \u00dcntergr\u00fcnde k\u00f6nnen sein: Grundputze auf Kalk-, Zement-, Gipsbasis sowie Putzm\u00f6rtel, gut ausgeh\u00e4rtete und trockene Estriche auf Zement- oder Anhydritbasis, gut ausgeh\u00e4rtete Betonsohlen, Gipskarton, zement\u00f6se Dichtbahnen und bestehende Fu\u00dfb\u00f6den. &nbsp; Geeignet zur Anwendung auf Putzgr\u00fcnden und Estrichen mit Heiz-\/K\u00fchlanlage, auf W\u00e4rmed\u00e4mmverbundsystemen, in Schwimmbecken und in einem Umfeld mit starken mechanischen Beanspruchungen und Vibrationen."},{"@type":"PropertyValue","name":"Use Case 2","value":"<\/br> Dank der ausgezeichneten Kompatibilit\u00e4t der Materialien ist das Produkt in h\u00f6chstem Ma\u00dfe auf Estrichen vom Typ SA 500, E 439, FASSAFLOOR LA 8.30, FASSAFLOOR SV 472 PRO, SR 450, LEGEO MIX oder FASSAFLOOR THERM, auf mit dem Bindemittel FASSACEM angefertigten Estrichen, auf den Dichtstoffen der Linie AQUAZIP sowie auf Bauplatten des Gipskartonsystems GYPSOTECH geeignet."},{"@type":"PropertyValue","name":"Supply Information","value":"In feuchtigkeitsgesch\u00fctzten Spezials\u00e4cken zu ca. 25 kg"},{"@type":"PropertyValue","name":"Attributes_1","value":"Zementgebundene Klebstoffe mit normalem Abbinden"},{"@type":"PropertyValue","name":"Attributes_2","value":"Au\u00dfenbereich"},{"@type":"PropertyValue","name":"Attributes_2","value":"Innenbereich"}],"category":[{"@type":"ProductCollection","name":"FASSACOL &#8211; KLEBSTOFFE","identifier":"FASSA_LINEA_FASSACOL_ADESIVI_SISTEMA_POSA"},{"@type":"Collection","name":"VERLEGESYSTEM F\u00dcR BODEN- UND WANDBEL\u00c4GE","identifier":"FASSA_SISTEMA_POSA_PAVIMENTI_E_RIVESTIMENTI"}],"inLanguage":"de"},"_links":{"self":[{"href":"https:\/\/www.fassabortolo.it\/de\/wp-json\/wp\/v2\/product\/3498418","targetHints":{"allow":["GET"]}}],"collection":[{"href":"https:\/\/www.fassabortolo.it\/de\/wp-json\/wp\/v2\/product"}],"about":[{"href":"https:\/\/www.fassabortolo.it\/de\/wp-json\/wp\/v2\/types\/product"}],"wp:attachment":[{"href":"https:\/\/www.fassabortolo.it\/de\/wp-json\/wp\/v2\/media?parent=3498418"}],"curies":[{"name":"wp","href":"https:\/\/api.w.org\/{rel}","templated":true}]}}