{"id":3498428,"date":"2026-01-23T11:59:38","date_gmt":"2026-01-23T10:59:38","guid":{"rendered":"http:\/\/10.6.201.155\/?post_type=product&#038;p=53634"},"modified":"2026-04-23T10:32:23","modified_gmt":"2026-04-23T08:32:23","slug":"desideri-minerale","status":"publish","type":"product","link":"https:\/\/www.fassabortolo.it\/de\/produkte\/sistema-fassacolour\/dekorprodukte\/desideri-minerale","title":{"rendered":"DESIDERI MINERALE"},"content":{"rendered":"","protected":false},"featured_media":0,"template":"","class_list":["post-3498428","product","type-product","status-publish","hentry"],"acf":[],"fimg":{"url":"https:\/\/www.fassabortolo.it\/wp-content\/uploads\/media\/assets\/Sfide_d'arte_DESIDERI.jpg","alt":"DESIDERI MINERALE"},"product_description":["Matter, rauer Dekoranstrich mit samtigen Farbverl\u00e4ufen"],"ekr_hierarchy_settings":{"it":{"FASSA_LINEA_DECORATIVI_SISTEMA_COLORE":{"ekr_position":7}},"es":{"FASSAES_LINEA_DECORATIVI_SISTEMA_COLORE":{"ekr_position":10}},"lu":{"FASSA_LINEA_DECORATIVI_SISTEMA_COLORE":{"ekr_position":18}}},"lang":{"language_code":"de","locale":"de_DE","text_direction":false,"display_name":"Deutsch","native_name":"Tedesco","different_language":false},"systems":[{"id":3497509,"name":"FASSACOLOUR\u00ae-System","permalink":"https:\/\/www.fassabortolo.it\/de\/produkte\/sistema-fassacolour\/","slug":"sistema-fassacolour","ekr_pallet_code":"FASSA_SISTEMA_COLORE_FASSACOLOUR"}],"product_pallet_code":"PROD_DESIDERI_MINERALE","lines":[{"id":3497454,"name":"DEKORPRODUKTE","permalink":"https:\/\/www.fassabortolo.it\/de\/produkte\/\/dekorprodukte\/","slug":"dekorprodukte","system_codes":["FASSA_SISTEMA_COLORE_FASSACOLOUR"],"ekr_pallet_code":"FASSA_LINEA_DECORATIVI_SISTEMA_COLORE"}],"use":["DESIDERI MINERALE kann auf Deckputze und Spachtelungen (auf der Basis von Hydraulikbinder, Kalk oder Gips), auf Gipskarton und auf bereits gestrichene Oberfl\u00e4chen aufgebracht werden. &nbsp; Diese Untergr\u00fcnde m\u00fcssen konsistent, ordentlich feingearbeitet und entsprechend ausgeglichen sein. &nbsp; Auf Oberfl\u00e4chen mit waschfesten Farbanstrichen organischer Natur ist pr\u00e4ventiv die Haftung zur Auftragung des Produkts DESIDERI MINERALE zu \u00fcberpr\u00fcfen."],"supply":["Abpackungen zu 5 l und Kartonschachteln mit jeweils 6 St. zu 1 l. &nbsp; Je nach Bestimmungsland k\u00f6nnten einige Verkaufsformate nicht erh\u00e4ltlich sein","Mit dem Farbmischger\u00e4t ColorLife realisierbare Farbt\u00f6ne. &nbsp; Speziell f\u00fcr ein Produkt vorgesehene Farbtonmappe"],"attributes":{"Attributes_1":[],"Attributes_2":{"INNENBEREICH":"Innenbereich"}},"___attributes":{"FASSAES":{"FASSA_SISTEMA_COLORE_FASSACOLOUR":{"Attributes_2":["Innenbereich"]}},"FASSA":{"FASSA_SISTEMA_COLORE_FASSACOLOUR":{"Attributes_2":["Innenbereich"]}}},"elastic_market_index":"it","structured_data":{"@context":"https:\/\/schema.org","@type":"Product","name":"DESIDERI MINERALE","description":["Matter, rauer Dekoranstrich mit samtigen Farbverl\u00e4ufen"],"url":"https:\/\/www.fassabortolo.it\/de\/produkte\/sistema-fassacolour\/dekorprodukte\/desideri-minerale","identifier":"PROD_DESIDERI_MINERALE","sku":"PROD_DESIDERI_MINERALE","image":"https:\/\/www.fassabortolo.it\/wp-content\/uploads\/media\/assets\/Sfide_d'arte_DESIDERI.jpg","brand":{"@type":"Brand","name":"Fassa Bortolo"},"manufacturer":{"@type":"Organization","name":"Fassa Bortolo","url":"https:\/\/www.fassabortolo.it"},"additionalProperty":[{"@type":"PropertyValue","name":"Use Case 1","value":"DESIDERI MINERALE kann auf Deckputze und Spachtelungen (auf der Basis von Hydraulikbinder, Kalk oder Gips), auf Gipskarton und auf bereits gestrichene Oberfl\u00e4chen aufgebracht werden. &nbsp; Diese Untergr\u00fcnde m\u00fcssen konsistent, ordentlich feingearbeitet und entsprechend ausgeglichen sein. &nbsp; Auf Oberfl\u00e4chen mit waschfesten Farbanstrichen organischer Natur ist pr\u00e4ventiv die Haftung zur Auftragung des Produkts DESIDERI MINERALE zu \u00fcberpr\u00fcfen."},{"@type":"PropertyValue","name":"Supply Information","value":"Abpackungen zu 5 l und Kartonschachteln mit jeweils 6 St. zu 1 l. &nbsp; Je nach Bestimmungsland k\u00f6nnten einige Verkaufsformate nicht erh\u00e4ltlich sein"},{"@type":"PropertyValue","name":"Supply Information","value":"Mit dem Farbmischger\u00e4t ColorLife realisierbare Farbt\u00f6ne. &nbsp; Speziell f\u00fcr ein Produkt vorgesehene Farbtonmappe"},{"@type":"PropertyValue","name":"Attributes_2","value":"Innenbereich"}],"category":[{"@type":"ProductCollection","name":"DEKORPRODUKTE","identifier":"FASSA_LINEA_DECORATIVI_SISTEMA_COLORE"},{"@type":"Collection","name":"FASSACOLOUR\u00ae-System","identifier":"FASSA_SISTEMA_COLORE_FASSACOLOUR"}],"inLanguage":"de"},"_links":{"self":[{"href":"https:\/\/www.fassabortolo.it\/de\/wp-json\/wp\/v2\/product\/3498428","targetHints":{"allow":["GET"]}}],"collection":[{"href":"https:\/\/www.fassabortolo.it\/de\/wp-json\/wp\/v2\/product"}],"about":[{"href":"https:\/\/www.fassabortolo.it\/de\/wp-json\/wp\/v2\/types\/product"}],"wp:attachment":[{"href":"https:\/\/www.fassabortolo.it\/de\/wp-json\/wp\/v2\/media?parent=3498428"}],"curies":[{"name":"wp","href":"https:\/\/api.w.org\/{rel}","templated":true}]}}