{"id":3498429,"date":"2026-01-23T12:04:39","date_gmt":"2026-01-23T11:04:39","guid":{"rendered":"http:\/\/10.6.201.155\/?post_type=product&#038;p=53642"},"modified":"2026-05-15T01:11:08","modified_gmt":"2026-05-14T23:11:08","slug":"desideri-protettivo","status":"publish","type":"product","link":"https:\/\/www.fassabortolo.it\/de\/produkte\/sistema-fassacolour\/dekorprodukte\/desideri-protettivo","title":{"rendered":"DESIDERI PROTETTIVO"},"content":{"rendered":"","protected":false},"featured_media":0,"template":"","class_list":["post-3498429","product","type-product","status-publish","hentry"],"acf":[],"fimg":{"url":"https:\/\/www.fassabortolo.it\/wp-content\/uploads\/media\/assets\/Sfide_d'arte_DESIDERI_Protettivo.jpg","alt":"DESIDERI PROTETTIVO"},"product_description":["Transparentes Schutzmittel f\u00fcr Dekorprodukte"],"ekr_hierarchy_settings":{"it":{"FASSA_LINEA_DECORATIVI_SISTEMA_COLORE":{"ekr_position":11}},"es":{"FASSAES_LINEA_DECORATIVI_SISTEMA_COLORE":{"ekr_position":8}},"lu":{"FASSA_LINEA_DECORATIVI_SISTEMA_COLORE":{"ekr_position":16}}},"lang":{"language_code":"de","locale":"de_DE","text_direction":false,"display_name":"Deutsch","native_name":"Tedesco","different_language":false},"systems":[{"id":3497509,"name":"FASSACOLOUR\u00ae-System","permalink":"https:\/\/www.fassabortolo.it\/de\/produkte\/sistema-fassacolour\/","slug":"sistema-fassacolour","ekr_pallet_code":"FASSA_SISTEMA_COLORE_FASSACOLOUR"}],"product_pallet_code":"PROD_DESIDERI_PROTETTIVO","lines":[{"id":3497454,"name":"DEKORPRODUKTE","permalink":"https:\/\/www.fassabortolo.it\/de\/produkte\/\/dekorprodukte\/","slug":"dekorprodukte","system_codes":["FASSA_SISTEMA_COLORE_FASSACOLOUR"],"ekr_pallet_code":"FASSA_LINEA_DECORATIVI_SISTEMA_COLORE"}],"use":["DESIDERI PROTETTIVO verleiht den mit RICORDI MATERIA und mit Dekorprodukten der Linie DESIDERI veredelten Oberfl\u00e4chen mehr Schutz und Best\u00e4ndigkeit, ohne dabei den urspr\u00fcnglichen \u00c4sthetikeffekt besonders zu beeintr\u00e4chtigen."],"supply":["Kartonschachteln zu 6 St\u00fcck zu jeweils 1 l","Farbe: &nbsp; transparent"],"attributes":{"Attributes_1":[],"Attributes_2":{"INNENBEREICH":"Innenbereich"}},"___attributes":{"FASSAES":{"FASSA_SISTEMA_COLORE_FASSACOLOUR":{"Attributes_2":["Innenbereich"]}},"FASSA":{"FASSA_SISTEMA_COLORE_FASSACOLOUR":{"Attributes_2":["Innenbereich"]}}},"elastic_market_index":"it","structured_data":{"@context":"https:\/\/schema.org","@type":"Product","name":"DESIDERI PROTETTIVO","description":["Transparentes Schutzmittel f\u00fcr Dekorprodukte"],"url":"https:\/\/www.fassabortolo.it\/de\/produkte\/sistema-fassacolour\/dekorprodukte\/desideri-protettivo","identifier":"PROD_DESIDERI_PROTETTIVO","sku":"PROD_DESIDERI_PROTETTIVO","image":"https:\/\/www.fassabortolo.it\/wp-content\/uploads\/media\/assets\/Sfide_d'arte_DESIDERI_Protettivo.jpg","brand":{"@type":"Brand","name":"Fassa Bortolo"},"manufacturer":{"@type":"Organization","name":"Fassa Bortolo","url":"https:\/\/www.fassabortolo.it"},"additionalProperty":[{"@type":"PropertyValue","name":"Use Case 1","value":"DESIDERI PROTETTIVO verleiht den mit RICORDI MATERIA und mit Dekorprodukten der Linie DESIDERI veredelten Oberfl\u00e4chen mehr Schutz und Best\u00e4ndigkeit, ohne dabei den urspr\u00fcnglichen \u00c4sthetikeffekt besonders zu beeintr\u00e4chtigen."},{"@type":"PropertyValue","name":"Supply Information","value":"Kartonschachteln zu 6 St\u00fcck zu jeweils 1 l"},{"@type":"PropertyValue","name":"Supply Information","value":"Farbe: &nbsp; transparent"},{"@type":"PropertyValue","name":"Attributes_2","value":"Innenbereich"}],"category":[{"@type":"ProductCollection","name":"DEKORPRODUKTE","identifier":"FASSA_LINEA_DECORATIVI_SISTEMA_COLORE"},{"@type":"Collection","name":"FASSACOLOUR\u00ae-System","identifier":"FASSA_SISTEMA_COLORE_FASSACOLOUR"}],"inLanguage":"de"},"_links":{"self":[{"href":"https:\/\/www.fassabortolo.it\/de\/wp-json\/wp\/v2\/product\/3498429","targetHints":{"allow":["GET"]}}],"collection":[{"href":"https:\/\/www.fassabortolo.it\/de\/wp-json\/wp\/v2\/product"}],"about":[{"href":"https:\/\/www.fassabortolo.it\/de\/wp-json\/wp\/v2\/types\/product"}],"wp:attachment":[{"href":"https:\/\/www.fassabortolo.it\/de\/wp-json\/wp\/v2\/media?parent=3498429"}],"curies":[{"name":"wp","href":"https:\/\/api.w.org\/{rel}","templated":true}]}}