{"id":3498431,"date":"2026-01-23T11:59:01","date_gmt":"2026-01-23T10:59:01","guid":{"rendered":"http:\/\/10.6.201.155\/?post_type=product&#038;p=53650"},"modified":"2026-04-23T10:32:28","modified_gmt":"2026-04-23T08:32:28","slug":"evoc-satin","status":"publish","type":"product","link":"https:\/\/www.fassabortolo.it\/de\/produkte\/sistema-fassacolour\/impragnierstoffe-und-lacke\/evoc-satin","title":{"rendered":"EVOC SATIN"},"content":{"rendered":"","protected":false},"featured_media":0,"template":"","class_list":["post-3498431","product","type-product","status-publish","hentry"],"acf":[],"fimg":{"url":"https:\/\/www.fassabortolo.it\/wp-content\/uploads\/media\/assets\/EVOC_SATIN.jpg","alt":"EVOC SATIN"},"product_description":["Wasserbasierter matter Wandlack f\u00fcr den Innenbereich"],"ekr_hierarchy_settings":{"it":{"FASSA_LINEA_IMPREGNANTI_E_SMALTI_SISTEMA_COLORE":{"ekr_position":9}},"lu":{"FASSA_LINEA_IMPREGNANTI_E_SMALTI_SISTEMA_COLORE":{"ekr_position":9}}},"lang":{"language_code":"de","locale":"de_DE","text_direction":false,"display_name":"Deutsch","native_name":"Tedesco","different_language":false},"systems":[{"id":3497509,"name":"FASSACOLOUR\u00ae-System","permalink":"https:\/\/www.fassabortolo.it\/de\/produkte\/sistema-fassacolour\/","slug":"sistema-fassacolour","ekr_pallet_code":"FASSA_SISTEMA_COLORE_FASSACOLOUR"}],"product_pallet_code":"PROD_EVOC_SATIN","lines":[{"id":3497459,"name":"IMPR\u00c4GNIERSTOFFE UND LACKE","permalink":"https:\/\/www.fassabortolo.it\/de\/produkte\/\/impragnierstoffe-und-lacke\/","slug":"impragnierstoffe-und-lacke","system_codes":["FASSA_SISTEMA_COLORE_FASSACOLOUR"],"ekr_pallet_code":"FASSA_LINEA_IMPREGNANTI_E_SMALTI_SISTEMA_COLORE"}],"use":["EVOC SATIN ist ein wasserverd\u00fcnnbarer Wandlack mit niedrigsten VOC-Emissionen, getestet gem\u00e4\u00df Norm UNI 11021. &nbsp; Besonders geeignet zum Streichen von W\u00e4nden und Decken in allgemeinen Innenbereichen und in \u00f6ffentlichen R\u00e4umlichkeiten, inklusive in jenen mit kontrollierter Hygiene und hoher Belastung durch Personenverkehr, die den Auflagen des HACCP-Protokolls zu entsprechen haben. &nbsp; EVOC SATIN ist als Schutz- und Dekorprodukt zu verwenden, in wei\u00df oder farbig, auf entsprechend vorbereiteten Oberputzen auf Kalk-, Kalk\/Zement-, Gipsbasis und auf Gipskarton."],"supply":["Abpackungen zu ca. 10 l und 2,5 l. &nbsp; Je nach Bestimmungsland k\u00f6nnten einige Verkaufsformate nicht erh\u00e4ltlich sein","Mit dem Farbmischsystem ColorLife realisierbare Farbt\u00f6ne"],"attributes":{"Attributes_1":{"WASSERBASIERTE WANDLACKE":"Wasserbasierte Wandlacke","WASSERBASIERTE ANSTRICHE MIT SCHUTZFILM":"Wasserbasierte Anstriche mit Schutzfilm"},"Attributes_2":{"INNENBEREICH":"Innenbereich"}},"___attributes":{"FASSAES":{"FASSA_SISTEMA_COLORE_FASSACOLOUR":{"Attributes_1":["Wasserbasierte Wandlacke"],"Attributes_2":["Innenbereich"]}},"FASSA":{"FASSA_SISTEMA_COLORE_FASSACOLOUR":{"Attributes_1":["Wasserbasierte Wandlacke","Wasserbasierte Anstriche mit Schutzfilm"],"Attributes_2":["Innenbereich"]}}},"elastic_market_index":"it","structured_data":{"@context":"https:\/\/schema.org","@type":"Product","name":"EVOC SATIN","description":["Wasserbasierter matter Wandlack f\u00fcr den Innenbereich"],"url":"https:\/\/www.fassabortolo.it\/de\/produkte\/sistema-fassacolour\/impragnierstoffe-und-lacke\/evoc-satin","identifier":"PROD_EVOC_SATIN","sku":"PROD_EVOC_SATIN","image":"https:\/\/www.fassabortolo.it\/wp-content\/uploads\/media\/assets\/EVOC_SATIN.jpg","brand":{"@type":"Brand","name":"Fassa Bortolo"},"manufacturer":{"@type":"Organization","name":"Fassa Bortolo","url":"https:\/\/www.fassabortolo.it"},"additionalProperty":[{"@type":"PropertyValue","name":"Use Case 1","value":"EVOC SATIN ist ein wasserverd\u00fcnnbarer Wandlack mit niedrigsten VOC-Emissionen, getestet gem\u00e4\u00df Norm UNI 11021. &nbsp; Besonders geeignet zum Streichen von W\u00e4nden und Decken in allgemeinen Innenbereichen und in \u00f6ffentlichen R\u00e4umlichkeiten, inklusive in jenen mit kontrollierter Hygiene und hoher Belastung durch Personenverkehr, die den Auflagen des HACCP-Protokolls zu entsprechen haben. &nbsp; EVOC SATIN ist als Schutz- und Dekorprodukt zu verwenden, in wei\u00df oder farbig, auf entsprechend vorbereiteten Oberputzen auf Kalk-, Kalk\/Zement-, Gipsbasis und auf Gipskarton."},{"@type":"PropertyValue","name":"Supply Information","value":"Abpackungen zu ca. 10 l und 2,5 l. &nbsp; Je nach Bestimmungsland k\u00f6nnten einige Verkaufsformate nicht erh\u00e4ltlich sein"},{"@type":"PropertyValue","name":"Supply Information","value":"Mit dem Farbmischsystem ColorLife realisierbare Farbt\u00f6ne"},{"@type":"PropertyValue","name":"Attributes_1","value":"Wasserbasierte Wandlacke"},{"@type":"PropertyValue","name":"Attributes_1","value":"Wasserbasierte Anstriche mit Schutzfilm"},{"@type":"PropertyValue","name":"Attributes_2","value":"Innenbereich"}],"category":[{"@type":"ProductCollection","name":"IMPR\u00c4GNIERSTOFFE UND LACKE","identifier":"FASSA_LINEA_IMPREGNANTI_E_SMALTI_SISTEMA_COLORE"},{"@type":"Collection","name":"FASSACOLOUR\u00ae-System","identifier":"FASSA_SISTEMA_COLORE_FASSACOLOUR"}],"inLanguage":"de"},"_links":{"self":[{"href":"https:\/\/www.fassabortolo.it\/de\/wp-json\/wp\/v2\/product\/3498431","targetHints":{"allow":["GET"]}}],"collection":[{"href":"https:\/\/www.fassabortolo.it\/de\/wp-json\/wp\/v2\/product"}],"about":[{"href":"https:\/\/www.fassabortolo.it\/de\/wp-json\/wp\/v2\/types\/product"}],"wp:attachment":[{"href":"https:\/\/www.fassabortolo.it\/de\/wp-json\/wp\/v2\/media?parent=3498431"}],"curies":[{"name":"wp","href":"https:\/\/api.w.org\/{rel}","templated":true}]}}