{"id":3498435,"date":"2026-01-23T11:57:48","date_gmt":"2026-01-23T10:57:48","guid":{"rendered":"http:\/\/10.6.201.155\/?post_type=product&#038;p=53667"},"modified":"2026-04-23T10:32:11","modified_gmt":"2026-04-23T08:32:11","slug":"c-285-beton-e","status":"publish","type":"product","link":"https:\/\/www.fassabortolo.it\/de\/produkte\/betoninstandsetzungs-system\/betonschutzmittel\/c-285-beton-e","title":{"rendered":"C 285 BETON-E"},"content":{"rendered":"","protected":false},"featured_media":0,"template":"","class_list":["post-3498435","product","type-product","status-publish","hentry"],"acf":[],"fimg":{"url":"https:\/\/www.fassabortolo.it\/wp-content\/uploads\/media\/assets\/C_285_Beton_E.png","alt":"C 285 BETON-E"},"product_description":["Elastomerischer Betonschutzanstrich"],"ekr_hierarchy_settings":{"it":{"FASSA_LINEA_PROTETTIVI_PER_CALCESTRUZZO_SISTEMA_RIPRISTINO":{"ekr_position":0},"FASSA_LINEA_PITTURE_SISTEMA_COLORE":{"ekr_position":18}},"ch":{"FASSA_LINEA_PROTETTIVI_PER_CALCESTRUZZO_SISTEMA_RIPRISTINO":{"ekr_position":0},"FASSA_LINEA_PITTURE_SISTEMA_COLORE":{"ekr_position":0}},"es":{"FASSAES_LINEA_PROTETTIVI_PER_CALCESTRUZZO_SISTEMA_RIPRISTINO":{"ekr_position":0},"FASSAES_LINEA_PITTURE_SISTEMA_COLORE":{"ekr_position":17}},"lu":{"FASSA_LINEA_PROTETTIVI_PER_CALCESTRUZZO_SISTEMA_RIPRISTINO":{"ekr_position":0},"FASSA_LINEA_PITTURE_SISTEMA_COLORE":{"ekr_position":0}}},"lang":{"language_code":"de","locale":"de_DE","text_direction":false,"display_name":"Deutsch","native_name":"Tedesco","different_language":false},"systems":[{"id":3497516,"name":"BETONINSTANDSETZUNGS-SYSTEM","permalink":"https:\/\/www.fassabortolo.it\/de\/produkte\/betoninstandsetzungs-system\/","slug":"betoninstandsetzungs-system","ekr_pallet_code":"FASSA_SISTEMA_RIPRISTINO_DEL_CALCESTRUZZO"},{"id":3497509,"name":"FASSACOLOUR\u00ae-System","permalink":"https:\/\/www.fassabortolo.it\/de\/produkte\/sistema-fassacolour\/","slug":"sistema-fassacolour","ekr_pallet_code":"FASSA_SISTEMA_COLORE_FASSACOLOUR"}],"product_pallet_code":"PROD_C_285_BETON_E","lines":[{"id":3497484,"name":"BETONSCHUTZMITTEL","permalink":"https:\/\/www.fassabortolo.it\/de\/produkte\/\/betonschutzmittel\/","slug":"betonschutzmittel","system_codes":["FASSA_SISTEMA_RIPRISTINO_DEL_CALCESTRUZZO"],"ekr_pallet_code":"FASSA_LINEA_PROTETTIVI_PER_CALCESTRUZZO_SISTEMA_RIPRISTINO"},{"id":3497479,"name":"FARBANSTRICHE","permalink":"https:\/\/www.fassabortolo.it\/de\/produkte\/\/farbanstriche\/","slug":"farbanstriche","system_codes":["FASSA_SISTEMA_COLORE_FASSACOLOUR"],"ekr_pallet_code":"FASSA_LINEA_PITTURE_SISTEMA_COLORE"}],"use":["C 285 BETON-E ist ein einkomponentiger Anstrich auf Wasserbasis, der in Verbindung mit nat\u00fcrlichem Licht eine Filmschicht an der Oberfl\u00e4che bildet; er findet Verwendung als Schutz- und Dekorbeschichtung auf Betonbauwerken und sch\u00fctzt selbige vor der Carbonatisierung, kann jedoch auch zur Beschichtung von Putzgr\u00fcnden auf Kalk-Zementbasis verwendet werden, wenn diese Mikrorisse aufweisen (maximales Ausma\u00df 0,3 mm). &nbsp; C 285 BETON-E verf\u00fcgt nach der Trocknung \u00fcber eine ausgezeichnete Best\u00e4ndigkeit gegen\u00fcber der Alterung, dem Frost und gegen\u00fcber Auftausalzen; entspricht der EN1504-2:2005 (Oberfl\u00e4chenschutzsysteme f\u00fcr Beton) in der Klasse Beschichtungen ( C ) gem\u00e4\u00df den Prinzipen 1.3 (Schutz gegen das Eindringen von Stoffen, PI), 2.2 (Regulierung des Wasserhaushalts des Betons, MC), 8.2 (Erh\u00f6hung des Widerstands, IR) Konformit\u00e4tsnachweissystem 2+, Prospekt ZA.2."],"supply":["Abpackungen zu 14 l und Kartonschachteln zu jeweils 6 St\u00fcck zu 1 l.Je nach Bestimmungsort sind einige Verkaufsformate eventuell nicht verf\u00fcgbar.","Mit dem Farbmischsystem ColorLife realisierbare Farbt\u00f6ne"],"attributes":{"Attributes_1":{"WASSERBASIERTE CARBONATISIERUNGSSCHUTZ-ANSTRICHE":"Wasserbasierte Carbonatisierungsschutz-Anstriche","WASSERBASIERTE ANSTRICHE MIT SCHUTZFILM":"Wasserbasierte Anstriche mit Schutzfilm"},"Attributes_2":{"AUSSENBEREICH":"Au\u00dfenbereich"}},"___attributes":{"FASSAES":{"FASSA_SISTEMA_RIPRISTINO_DEL_CALCESTRUZZO":{"Attributes_2":["Au\u00dfenbereich"]},"FASSA_SISTEMA_COLORE_FASSACOLOUR":{"Attributes_1":["Wasserbasierte Carbonatisierungsschutz-Anstriche","Wasserbasierte Anstriche mit Schutzfilm"],"Attributes_2":["Au\u00dfenbereich"]}},"FASSA":{"FASSA_SISTEMA_RIPRISTINO_DEL_CALCESTRUZZO":{"Attributes_2":["Au\u00dfenbereich"]},"FASSA_SISTEMA_COLORE_FASSACOLOUR":{"Attributes_1":["Wasserbasierte Carbonatisierungsschutz-Anstriche","Wasserbasierte Anstriche mit Schutzfilm"],"Attributes_2":["Au\u00dfenbereich"]}}},"elastic_market_index":"it","structured_data":{"@context":"https:\/\/schema.org","@type":"Product","name":"C 285 BETON-E","description":["Elastomerischer Betonschutzanstrich"],"url":"https:\/\/www.fassabortolo.it\/de\/produkte\/betoninstandsetzungs-system\/betonschutzmittel\/c-285-beton-e","identifier":"PROD_C_285_BETON_E","sku":"PROD_C_285_BETON_E","image":"https:\/\/www.fassabortolo.it\/wp-content\/uploads\/media\/assets\/C_285_Beton_E.png","brand":{"@type":"Brand","name":"Fassa Bortolo"},"manufacturer":{"@type":"Organization","name":"Fassa Bortolo","url":"https:\/\/www.fassabortolo.it"},"additionalProperty":[{"@type":"PropertyValue","name":"Use Case 1","value":"C 285 BETON-E ist ein einkomponentiger Anstrich auf Wasserbasis, der in Verbindung mit nat\u00fcrlichem Licht eine Filmschicht an der Oberfl\u00e4che bildet; er findet Verwendung als Schutz- und Dekorbeschichtung auf Betonbauwerken und sch\u00fctzt selbige vor der Carbonatisierung, kann jedoch auch zur Beschichtung von Putzgr\u00fcnden auf Kalk-Zementbasis verwendet werden, wenn diese Mikrorisse aufweisen (maximales Ausma\u00df 0,3 mm). &nbsp; C 285 BETON-E verf\u00fcgt nach der Trocknung \u00fcber eine ausgezeichnete Best\u00e4ndigkeit gegen\u00fcber der Alterung, dem Frost und gegen\u00fcber Auftausalzen; entspricht der EN1504-2:2005 (Oberfl\u00e4chenschutzsysteme f\u00fcr Beton) in der Klasse Beschichtungen ( C ) gem\u00e4\u00df den Prinzipen 1.3 (Schutz gegen das Eindringen von Stoffen, PI), 2.2 (Regulierung des Wasserhaushalts des Betons, MC), 8.2 (Erh\u00f6hung des Widerstands, IR) Konformit\u00e4tsnachweissystem 2+, Prospekt ZA.2."},{"@type":"PropertyValue","name":"Supply Information","value":"Abpackungen zu 14 l und Kartonschachteln zu jeweils 6 St\u00fcck zu 1 l.Je nach Bestimmungsort sind einige Verkaufsformate eventuell nicht verf\u00fcgbar."},{"@type":"PropertyValue","name":"Supply Information","value":"Mit dem Farbmischsystem ColorLife realisierbare Farbt\u00f6ne"},{"@type":"PropertyValue","name":"Attributes_2","value":"Au\u00dfenbereich"},{"@type":"PropertyValue","name":"Attributes_1","value":"Wasserbasierte Carbonatisierungsschutz-Anstriche"},{"@type":"PropertyValue","name":"Attributes_1","value":"Wasserbasierte Anstriche mit Schutzfilm"},{"@type":"PropertyValue","name":"Attributes_2","value":"Au\u00dfenbereich"}],"category":[{"@type":"ProductCollection","name":"BETONSCHUTZMITTEL","identifier":"FASSA_LINEA_PROTETTIVI_PER_CALCESTRUZZO_SISTEMA_RIPRISTINO"},{"@type":"ProductCollection","name":"FARBANSTRICHE","identifier":"FASSA_LINEA_PITTURE_SISTEMA_COLORE"},{"@type":"Collection","name":"BETONINSTANDSETZUNGS-SYSTEM","identifier":"FASSA_SISTEMA_RIPRISTINO_DEL_CALCESTRUZZO"},{"@type":"Collection","name":"FASSACOLOUR\u00ae-System","identifier":"FASSA_SISTEMA_COLORE_FASSACOLOUR"}],"inLanguage":"de"},"_links":{"self":[{"href":"https:\/\/www.fassabortolo.it\/de\/wp-json\/wp\/v2\/product\/3498435","targetHints":{"allow":["GET"]}}],"collection":[{"href":"https:\/\/www.fassabortolo.it\/de\/wp-json\/wp\/v2\/product"}],"about":[{"href":"https:\/\/www.fassabortolo.it\/de\/wp-json\/wp\/v2\/types\/product"}],"wp:attachment":[{"href":"https:\/\/www.fassabortolo.it\/de\/wp-json\/wp\/v2\/media?parent=3498435"}],"curies":[{"name":"wp","href":"https:\/\/api.w.org\/{rel}","templated":true}]}}