{"id":3498441,"date":"2026-01-23T11:58:24","date_gmt":"2026-01-23T10:58:24","guid":{"rendered":"http:\/\/10.6.201.155\/?post_type=product&#038;p=53691"},"modified":"2026-04-23T10:32:48","modified_gmt":"2026-04-23T08:32:48","slug":"eos-001","status":"publish","type":"product","link":"https:\/\/www.fassabortolo.it\/de\/produkte\/sistema-fassacolour\/farbanstriche\/eos-001","title":{"rendered":"EOS 001"},"content":{"rendered":"","protected":false},"featured_media":0,"template":"","class_list":["post-3498441","product","type-product","status-publish","hentry"],"acf":[],"fimg":{"url":"https:\/\/www.fassabortolo.it\/wp-content\/uploads\/media\/assets\/EOS_001.jpg","alt":"EOS 001"},"product_description":["Idropittura altamente traspirante a bassissimo VOC"],"ekr_hierarchy_settings":{"it":{"FASSA_LINEA_PITTURE_SISTEMA_COLORE":{"ekr_position":1}},"lu":{"FASSA_LINEA_PITTURE_SISTEMA_COLORE":{"ekr_position":22}}},"lang":{"language_code":"de","locale":"de_DE","text_direction":false,"display_name":"Deutsch","native_name":"Tedesco","different_language":false},"systems":[{"id":3497509,"name":"FASSACOLOUR\u00ae-System","permalink":"https:\/\/www.fassabortolo.it\/de\/produkte\/sistema-fassacolour\/","slug":"sistema-fassacolour","ekr_pallet_code":"FASSA_SISTEMA_COLORE_FASSACOLOUR"}],"product_pallet_code":"PROD_EOS_001","lines":[{"id":3497479,"name":"FARBANSTRICHE","permalink":"https:\/\/www.fassabortolo.it\/de\/produkte\/\/farbanstriche\/","slug":"farbanstriche","system_codes":["FASSA_SISTEMA_COLORE_FASSACOLOUR"],"ekr_pallet_code":"FASSA_LINEA_PITTURE_SISTEMA_COLORE"}],"use":["EOS 001 wird als Innenanstrich auf feingearbeiteten Wandfl\u00e4chen aller Art verwendet, auch auf makropor\u00f6sen auf der Basis von: Kalk oder Kalk\/Zement rohverputzt, \"Malta fina\", Gips, Gipskarton usw.. &nbsp; Erh\u00e4ltlich in wei\u00df oder farbig, verleiht den W\u00e4nden hervorragende Homogenit\u00e4t, Deckverm\u00f6gen und eine gef\u00e4llige \u00c4sthetik. &nbsp; Einfach zu verarbeiten, dank der h\u00f6chst diffusionsoffenen Formulierung optimal geeignet f\u00fcr stark genutzte R\u00e4ume. &nbsp; EOS 001 ist w\u00e4hrend des Auftragens und auch danach geruchlos, daher k\u00f6nnen die Lokale umgehend und ohne besondere Durchl\u00fcftung genutzt werden. &nbsp; Die Formulierung mit geringem Anteil an fl\u00fcchtigen organischen Verbindungen erf\u00fcllt die Bed\u00fcrfnisse auch jener Kunden, die gr\u00f6\u00dften Wert auf Gesundheit und Umwelt legen."],"supply":["Confezioni da 12 l e 4 l. In base al paese di destinazione alcuni formati di vendita potrebbero non essere disponibili","Mit dem Farbmischsystem ColorLife realisierbare Farbt\u00f6ne"],"attributes":{"Attributes_1":{"DIFFUSIONSOFFENE WASSERBASIERTE ANSTRICHE":"Diffusionsoffene wasserbasierte Anstriche","Prodotti BIO":"Bioprodukte"},"Attributes_2":{"INNENBEREICH":"Innenbereich"}},"___attributes":{"FASSA":{"FASSA_SISTEMA_COLORE_FASSACOLOUR":{"Attributes_1":["Diffusionsoffene wasserbasierte Anstriche","Bioprodukte"],"Attributes_2":["Innenbereich"]}}},"elastic_market_index":"it","structured_data":{"@context":"https:\/\/schema.org","@type":"Product","name":"EOS 001","description":["Idropittura altamente traspirante a bassissimo VOC"],"url":"https:\/\/www.fassabortolo.it\/de\/produkte\/sistema-fassacolour\/farbanstriche\/eos-001","identifier":"PROD_EOS_001","sku":"PROD_EOS_001","image":"https:\/\/www.fassabortolo.it\/wp-content\/uploads\/media\/assets\/EOS_001.jpg","brand":{"@type":"Brand","name":"Fassa Bortolo"},"manufacturer":{"@type":"Organization","name":"Fassa Bortolo","url":"https:\/\/www.fassabortolo.it"},"additionalProperty":[{"@type":"PropertyValue","name":"Use Case 1","value":"EOS 001 wird als Innenanstrich auf feingearbeiteten Wandfl\u00e4chen aller Art verwendet, auch auf makropor\u00f6sen auf der Basis von: Kalk oder Kalk\/Zement rohverputzt, \"Malta fina\", Gips, Gipskarton usw.. &nbsp; Erh\u00e4ltlich in wei\u00df oder farbig, verleiht den W\u00e4nden hervorragende Homogenit\u00e4t, Deckverm\u00f6gen und eine gef\u00e4llige \u00c4sthetik. &nbsp; Einfach zu verarbeiten, dank der h\u00f6chst diffusionsoffenen Formulierung optimal geeignet f\u00fcr stark genutzte R\u00e4ume. &nbsp; EOS 001 ist w\u00e4hrend des Auftragens und auch danach geruchlos, daher k\u00f6nnen die Lokale umgehend und ohne besondere Durchl\u00fcftung genutzt werden. &nbsp; Die Formulierung mit geringem Anteil an fl\u00fcchtigen organischen Verbindungen erf\u00fcllt die Bed\u00fcrfnisse auch jener Kunden, die gr\u00f6\u00dften Wert auf Gesundheit und Umwelt legen."},{"@type":"PropertyValue","name":"Supply Information","value":"Confezioni da 12 l e 4 l. In base al paese di destinazione alcuni formati di vendita potrebbero non essere disponibili"},{"@type":"PropertyValue","name":"Supply Information","value":"Mit dem Farbmischsystem ColorLife realisierbare Farbt\u00f6ne"},{"@type":"PropertyValue","name":"Attributes_1","value":"Diffusionsoffene wasserbasierte Anstriche"},{"@type":"PropertyValue","name":"Attributes_1","value":"Bioprodukte"},{"@type":"PropertyValue","name":"Attributes_2","value":"Innenbereich"}],"category":[{"@type":"ProductCollection","name":"FARBANSTRICHE","identifier":"FASSA_LINEA_PITTURE_SISTEMA_COLORE"},{"@type":"Collection","name":"FASSACOLOUR\u00ae-System","identifier":"FASSA_SISTEMA_COLORE_FASSACOLOUR"}],"inLanguage":"de"},"_links":{"self":[{"href":"https:\/\/www.fassabortolo.it\/de\/wp-json\/wp\/v2\/product\/3498441","targetHints":{"allow":["GET"]}}],"collection":[{"href":"https:\/\/www.fassabortolo.it\/de\/wp-json\/wp\/v2\/product"}],"about":[{"href":"https:\/\/www.fassabortolo.it\/de\/wp-json\/wp\/v2\/types\/product"}],"wp:attachment":[{"href":"https:\/\/www.fassabortolo.it\/de\/wp-json\/wp\/v2\/media?parent=3498441"}],"curies":[{"name":"wp","href":"https:\/\/api.w.org\/{rel}","templated":true}]}}