{"id":3498444,"date":"2026-01-23T12:07:35","date_gmt":"2026-01-23T11:07:35","guid":{"rendered":"http:\/\/10.6.201.155\/?post_type=product&#038;p=53706"},"modified":"2026-05-15T01:14:40","modified_gmt":"2026-05-14T23:14:40","slug":"fassadvance-protection","status":"publish","type":"product","link":"https:\/\/www.fassabortolo.it\/de\/produkte\/betoninstandsetzungs-system\/betonschutzmittel\/fassadvance-protection","title":{"rendered":"FASSADVANCE PROTECTION"},"content":{"rendered":"","protected":false},"featured_media":0,"template":"","class_list":["post-3498444","product","type-product","status-publish","hentry"],"acf":[],"fimg":{"url":"https:\/\/www.fassabortolo.it\/wp-content\/uploads\/media\/assets\/FASSADVANCE_PROTECTION.jpg","alt":"FASSADVANCE PROTECTION"},"product_description":["Fassadenanstrich mit hoher Schutzwirkung"],"ekr_hierarchy_settings":{"it":{"FASSA_LINEA_PROTETTIVI_PER_CALCESTRUZZO_SISTEMA_RIPRISTINO":{"ekr_position":2},"FASSA_LINEA_PITTURE_SISTEMA_COLORE":{"ekr_position":19}},"ch":{"FASSA_LINEA_PROTETTIVI_PER_CALCESTRUZZO_SISTEMA_RIPRISTINO":{"ekr_position":2}},"es":{"FASSAES_LINEA_PROTETTIVI_PER_CALCESTRUZZO_SISTEMA_RIPRISTINO":{"ekr_position":2},"FASSAES_LINEA_PITTURE_SISTEMA_COLORE":{"ekr_position":16}},"lu":{"FASSA_LINEA_PROTETTIVI_PER_CALCESTRUZZO_SISTEMA_RIPRISTINO":{"ekr_position":2},"FASSA_LINEA_PITTURE_SISTEMA_COLORE":{"ekr_position":21}}},"lang":{"language_code":"de","locale":"de_DE","text_direction":false,"display_name":"Deutsch","native_name":"Tedesco","different_language":false},"systems":[{"id":3497516,"name":"BETONINSTANDSETZUNGS-SYSTEM","permalink":"https:\/\/www.fassabortolo.it\/de\/produkte\/betoninstandsetzungs-system\/","slug":"betoninstandsetzungs-system","ekr_pallet_code":"FASSA_SISTEMA_RIPRISTINO_DEL_CALCESTRUZZO"},{"id":3497509,"name":"FASSACOLOUR\u00ae-System","permalink":"https:\/\/www.fassabortolo.it\/de\/produkte\/sistema-fassacolour\/","slug":"sistema-fassacolour","ekr_pallet_code":"FASSA_SISTEMA_COLORE_FASSACOLOUR"}],"product_pallet_code":"PROD_FASSADVANCE_PROTECTION","lines":[{"id":3497484,"name":"BETONSCHUTZMITTEL","permalink":"https:\/\/www.fassabortolo.it\/de\/produkte\/\/betonschutzmittel\/","slug":"betonschutzmittel","system_codes":["FASSA_SISTEMA_RIPRISTINO_DEL_CALCESTRUZZO"],"ekr_pallet_code":"FASSA_LINEA_PROTETTIVI_PER_CALCESTRUZZO_SISTEMA_RIPRISTINO"},{"id":3497479,"name":"FARBANSTRICHE","permalink":"https:\/\/www.fassabortolo.it\/de\/produkte\/\/farbanstriche\/","slug":"farbanstriche","system_codes":["FASSA_SISTEMA_COLORE_FASSACOLOUR"],"ekr_pallet_code":"FASSA_LINEA_PITTURE_SISTEMA_COLORE"}],"use":["FASSADVANCE PROTECTION ist ein f\u00fcllender Au\u00dfenanstrich, besonders geeignet zum Schutz und zur Dekorierung von perfekt ausgeh\u00e4rteten Deckputzen auf Kalk- und Kalk-\/Zementbasis, sowohl von frischen oder bereits gestrichenen Putzgr\u00fcnden, sofern in gesundem Zustand, konsistent und frei von kapillar aufsteigender Feuchtigkeit. &nbsp; Dank seiner Zusammensetzung, die die Alterungsbest\u00e4ndigkeit des Farbfilms sowie die Farbbest\u00e4ndigkeit steigert, eignet sich das Produkt auch f\u00fcr dunkle Farbt\u00f6ne an Fassaden. &nbsp; Nach vollst\u00e4ndiger Filmbildung verf\u00fcgt das Produkt \u00fcber hohe Wasserabweisung, wodurch ein besserer Wasserabfluss an der Wandfl\u00e4che erm\u00f6glicht und somit eine verbesserte Schutzwirkung am Geb\u00e4ude erzielt wird.","Wird dar\u00fcber hinaus auch als wasserbasierter Dekoranstrich f\u00fcr Beton verwendet, und zwar mit Schutzwirkung gegen das Eindringen von CO<sub>2<\/sub> im Einklang mit der Norm EN 1504-2 (Produkte und Systeme f\u00fcr den Schutz von Betontragwerken) betreffend Oberfl\u00e4chenschutzsysteme (C) gem\u00e4\u00df den Prinzipien 1.3 (Schutz gegen das Eindringen von Stoffen, PI), 2.2 (Regulierung des Wasserhaushalts des Betons, MC), 8.2 (Erh\u00f6hung des elektrischen Widerstands durch Begrenzung des Feuchtegehalts, IR) Kriterium f\u00fcr die Systembest\u00e4tigung 2+, Tabelle ZA.2."],"supply":["Abpackungen zu 14 l und Kartonschachteln zu jeweils 6 St\u00fcck zu 1 l. &nbsp; Je nach Bestimmungsland k\u00f6nnten einige Verkaufsformate nicht erh\u00e4ltlich sein","Mit dem Farbmischger\u00e4t ColorLife realisierbare Farbt\u00f6ne. &nbsp; Speziell f\u00fcr ein Produkt vorgesehene Farbtonmappe."],"attributes":{"Attributes_1":{"WASSERBASIERTE CARBONATISIERUNGSSCHUTZ-ANSTRICHE":"Wasserbasierte Carbonatisierungsschutz-Anstriche","WASSERBASIERTE ANSTRICHE MIT SCHUTZFILM":"Wasserbasierte Anstriche mit Schutzfilm"},"Attributes_2":{"AUSSENBEREICH":"Au\u00dfenbereich"}},"___attributes":{"FASSAES":{"FASSA_SISTEMA_RIPRISTINO_DEL_CALCESTRUZZO":{"Attributes_2":["Au\u00dfenbereich"]},"FASSA_SISTEMA_COLORE_FASSACOLOUR":{"Attributes_1":["Wasserbasierte Carbonatisierungsschutz-Anstriche","Wasserbasierte Anstriche mit Schutzfilm"],"Attributes_2":["Au\u00dfenbereich"]}},"FASSA":{"FASSA_SISTEMA_RIPRISTINO_DEL_CALCESTRUZZO":{"Attributes_2":["Au\u00dfenbereich"]},"FASSA_SISTEMA_COLORE_FASSACOLOUR":{"Attributes_1":["Wasserbasierte Carbonatisierungsschutz-Anstriche","Wasserbasierte Anstriche mit Schutzfilm"],"Attributes_2":["Au\u00dfenbereich"]}}},"elastic_market_index":"it","structured_data":{"@context":"https:\/\/schema.org","@type":"Product","name":"FASSADVANCE PROTECTION","description":["Fassadenanstrich mit hoher Schutzwirkung"],"url":"https:\/\/www.fassabortolo.it\/de\/produkte\/betoninstandsetzungs-system\/betonschutzmittel\/fassadvance-protection","identifier":"PROD_FASSADVANCE_PROTECTION","sku":"PROD_FASSADVANCE_PROTECTION","image":"https:\/\/www.fassabortolo.it\/wp-content\/uploads\/media\/assets\/FASSADVANCE_PROTECTION.jpg","brand":{"@type":"Brand","name":"Fassa Bortolo"},"manufacturer":{"@type":"Organization","name":"Fassa Bortolo","url":"https:\/\/www.fassabortolo.it"},"additionalProperty":[{"@type":"PropertyValue","name":"Use Case 1","value":"FASSADVANCE PROTECTION ist ein f\u00fcllender Au\u00dfenanstrich, besonders geeignet zum Schutz und zur Dekorierung von perfekt ausgeh\u00e4rteten Deckputzen auf Kalk- und Kalk-\/Zementbasis, sowohl von frischen oder bereits gestrichenen Putzgr\u00fcnden, sofern in gesundem Zustand, konsistent und frei von kapillar aufsteigender Feuchtigkeit. &nbsp; Dank seiner Zusammensetzung, die die Alterungsbest\u00e4ndigkeit des Farbfilms sowie die Farbbest\u00e4ndigkeit steigert, eignet sich das Produkt auch f\u00fcr dunkle Farbt\u00f6ne an Fassaden. &nbsp; Nach vollst\u00e4ndiger Filmbildung verf\u00fcgt das Produkt \u00fcber hohe Wasserabweisung, wodurch ein besserer Wasserabfluss an der Wandfl\u00e4che erm\u00f6glicht und somit eine verbesserte Schutzwirkung am Geb\u00e4ude erzielt wird."},{"@type":"PropertyValue","name":"Use Case 2","value":"Wird dar\u00fcber hinaus auch als wasserbasierter Dekoranstrich f\u00fcr Beton verwendet, und zwar mit Schutzwirkung gegen das Eindringen von CO<sub>2<\/sub> im Einklang mit der Norm EN 1504-2 (Produkte und Systeme f\u00fcr den Schutz von Betontragwerken) betreffend Oberfl\u00e4chenschutzsysteme (C) gem\u00e4\u00df den Prinzipien 1.3 (Schutz gegen das Eindringen von Stoffen, PI), 2.2 (Regulierung des Wasserhaushalts des Betons, MC), 8.2 (Erh\u00f6hung des elektrischen Widerstands durch Begrenzung des Feuchtegehalts, IR) Kriterium f\u00fcr die Systembest\u00e4tigung 2+, Tabelle ZA.2."},{"@type":"PropertyValue","name":"Supply Information","value":"Abpackungen zu 14 l und Kartonschachteln zu jeweils 6 St\u00fcck zu 1 l. &nbsp; Je nach Bestimmungsland k\u00f6nnten einige Verkaufsformate nicht erh\u00e4ltlich sein"},{"@type":"PropertyValue","name":"Supply Information","value":"Mit dem Farbmischger\u00e4t ColorLife realisierbare Farbt\u00f6ne. &nbsp; Speziell f\u00fcr ein Produkt vorgesehene Farbtonmappe."},{"@type":"PropertyValue","name":"Attributes_2","value":"Au\u00dfenbereich"},{"@type":"PropertyValue","name":"Attributes_1","value":"Wasserbasierte Carbonatisierungsschutz-Anstriche"},{"@type":"PropertyValue","name":"Attributes_1","value":"Wasserbasierte Anstriche mit Schutzfilm"},{"@type":"PropertyValue","name":"Attributes_2","value":"Au\u00dfenbereich"}],"category":[{"@type":"ProductCollection","name":"BETONSCHUTZMITTEL","identifier":"FASSA_LINEA_PROTETTIVI_PER_CALCESTRUZZO_SISTEMA_RIPRISTINO"},{"@type":"ProductCollection","name":"FARBANSTRICHE","identifier":"FASSA_LINEA_PITTURE_SISTEMA_COLORE"},{"@type":"Collection","name":"BETONINSTANDSETZUNGS-SYSTEM","identifier":"FASSA_SISTEMA_RIPRISTINO_DEL_CALCESTRUZZO"},{"@type":"Collection","name":"FASSACOLOUR\u00ae-System","identifier":"FASSA_SISTEMA_COLORE_FASSACOLOUR"}],"inLanguage":"de"},"_links":{"self":[{"href":"https:\/\/www.fassabortolo.it\/de\/wp-json\/wp\/v2\/product\/3498444","targetHints":{"allow":["GET"]}}],"collection":[{"href":"https:\/\/www.fassabortolo.it\/de\/wp-json\/wp\/v2\/product"}],"about":[{"href":"https:\/\/www.fassabortolo.it\/de\/wp-json\/wp\/v2\/types\/product"}],"wp:attachment":[{"href":"https:\/\/www.fassabortolo.it\/de\/wp-json\/wp\/v2\/media?parent=3498444"}],"curies":[{"name":"wp","href":"https:\/\/api.w.org\/{rel}","templated":true}]}}