{"id":3498447,"date":"2026-01-23T12:13:16","date_gmt":"2026-01-23T11:13:16","guid":{"rendered":"http:\/\/10.6.201.155\/?post_type=product&#038;p=53717"},"modified":"2026-05-15T01:18:18","modified_gmt":"2026-05-14T23:18:18","slug":"fassa-cover-up","status":"publish","type":"product","link":"https:\/\/www.fassabortolo.it\/de\/produkte\/sistema-fassacolour\/farbanstriche\/fassa-cover-up","title":{"rendered":"FASSA COVER-UP"},"content":{"rendered":"","protected":false},"featured_media":0,"template":"","class_list":["post-3498447","product","type-product","status-publish","hentry"],"acf":[],"fimg":{"url":"https:\/\/www.fassabortolo.it\/wp-content\/uploads\/media\/assets\/FASSA_COVER_UP.jpg","alt":"FASSA COVER-UP"},"product_description":["Diffusionsoffener Innenanstrich auf Wasserbasis"],"ekr_hierarchy_settings":{"it":{"FASSA_LINEA_PITTURE_SISTEMA_COLORE":{"ekr_position":15}},"lu":{"FASSA_LINEA_PITTURE_SISTEMA_COLORE":{"ekr_position":20}}},"lang":{"language_code":"de","locale":"de_DE","text_direction":false,"display_name":"Deutsch","native_name":"Tedesco","different_language":false},"systems":[{"id":3497509,"name":"FASSACOLOUR\u00ae-System","permalink":"https:\/\/www.fassabortolo.it\/de\/produkte\/sistema-fassacolour\/","slug":"sistema-fassacolour","ekr_pallet_code":"FASSA_SISTEMA_COLORE_FASSACOLOUR"}],"product_pallet_code":"PROD_FASSA_COVER_UP","lines":[{"id":3497479,"name":"FARBANSTRICHE","permalink":"https:\/\/www.fassabortolo.it\/de\/produkte\/\/farbanstriche\/","slug":"farbanstriche","system_codes":["FASSA_SISTEMA_COLORE_FASSACOLOUR"],"ekr_pallet_code":"FASSA_LINEA_PITTURE_SISTEMA_COLORE"}],"use":["FASSA COVER-UP wird als diffusionsoffener, anwenderfreundlicher und matter Innenanstrich verwendet und eignet sich f\u00fcr rohverputzte Wandgr\u00fcnde aller Art (Kalk oder Kalk-Zement), f\u00fcr \"Malta Fina\", Gips, Gipskarton usw. &nbsp; Dank seiner Deckkraft verleiht das Produkt den W\u00e4nden Homogenit\u00e4t und einen hohen Wei\u00dfgrad."],"supply":["Abpackungen zu 14 l","Farbe: wei\u00df"],"attributes":{"Attributes_1":{"WASSERBASIERTE HOCHDECKENDE ANSTRICHE":"Wasserbasierte hochdeckende Anstriche"},"Attributes_2":{"INNENBEREICH":"Innenbereich"}},"___attributes":{"FASSA":{"FASSA_SISTEMA_COLORE_FASSACOLOUR":{"Attributes_1":["Wasserbasierte hochdeckende Anstriche"],"Attributes_2":["Innenbereich"]}}},"elastic_market_index":"it","structured_data":{"@context":"https:\/\/schema.org","@type":"Product","name":"FASSA COVER-UP","description":["Diffusionsoffener Innenanstrich auf Wasserbasis"],"url":"https:\/\/www.fassabortolo.it\/de\/produkte\/sistema-fassacolour\/farbanstriche\/fassa-cover-up","identifier":"PROD_FASSA_COVER_UP","sku":"PROD_FASSA_COVER_UP","image":"https:\/\/www.fassabortolo.it\/wp-content\/uploads\/media\/assets\/FASSA_COVER_UP.jpg","brand":{"@type":"Brand","name":"Fassa Bortolo"},"manufacturer":{"@type":"Organization","name":"Fassa Bortolo","url":"https:\/\/www.fassabortolo.it"},"additionalProperty":[{"@type":"PropertyValue","name":"Use Case 1","value":"FASSA COVER-UP wird als diffusionsoffener, anwenderfreundlicher und matter Innenanstrich verwendet und eignet sich f\u00fcr rohverputzte Wandgr\u00fcnde aller Art (Kalk oder Kalk-Zement), f\u00fcr \"Malta Fina\", Gips, Gipskarton usw. &nbsp; Dank seiner Deckkraft verleiht das Produkt den W\u00e4nden Homogenit\u00e4t und einen hohen Wei\u00dfgrad."},{"@type":"PropertyValue","name":"Supply Information","value":"Abpackungen zu 14 l"},{"@type":"PropertyValue","name":"Supply Information","value":"Farbe: wei\u00df"},{"@type":"PropertyValue","name":"Attributes_1","value":"Wasserbasierte hochdeckende Anstriche"},{"@type":"PropertyValue","name":"Attributes_2","value":"Innenbereich"}],"category":[{"@type":"ProductCollection","name":"FARBANSTRICHE","identifier":"FASSA_LINEA_PITTURE_SISTEMA_COLORE"},{"@type":"Collection","name":"FASSACOLOUR\u00ae-System","identifier":"FASSA_SISTEMA_COLORE_FASSACOLOUR"}],"inLanguage":"de"},"_links":{"self":[{"href":"https:\/\/www.fassabortolo.it\/de\/wp-json\/wp\/v2\/product\/3498447","targetHints":{"allow":["GET"]}}],"collection":[{"href":"https:\/\/www.fassabortolo.it\/de\/wp-json\/wp\/v2\/product"}],"about":[{"href":"https:\/\/www.fassabortolo.it\/de\/wp-json\/wp\/v2\/types\/product"}],"wp:attachment":[{"href":"https:\/\/www.fassabortolo.it\/de\/wp-json\/wp\/v2\/media?parent=3498447"}],"curies":[{"name":"wp","href":"https:\/\/api.w.org\/{rel}","templated":true}]}}