{"id":3498448,"date":"2026-01-23T12:13:35","date_gmt":"2026-01-23T11:13:35","guid":{"rendered":"http:\/\/10.6.201.155\/?post_type=product&#038;p=53720"},"modified":"2026-04-23T10:34:19","modified_gmt":"2026-04-23T08:34:19","slug":"fassa-easy-2-0","status":"publish","type":"product","link":"https:\/\/www.fassabortolo.it\/de\/produkte\/sistema-fassacolour\/farbanstriche\/fassa-easy-2-0","title":{"rendered":"FASSA EASY 2.0"},"content":{"rendered":"","protected":false},"featured_media":0,"template":"","class_list":["post-3498448","product","type-product","status-publish","hentry"],"acf":[],"fimg":{"url":"https:\/\/www.fassabortolo.it\/wp-content\/uploads\/media\/assets\/Fassa_EASY_2.0.jpg","alt":"FASSA EASY 2.0"},"product_description":["Diffusionsoffener wasserbasierter Anstrich f\u00fcr den gewerblichen Gebrauch"],"ekr_hierarchy_settings":{"it":{"FASSA_LINEA_PITTURE_SISTEMA_COLORE":{"ekr_position":16}},"lu":{"FASSA_LINEA_PITTURE_SISTEMA_COLORE":{"ekr_position":19}}},"lang":{"language_code":"de","locale":"de_DE","text_direction":false,"display_name":"Deutsch","native_name":"Tedesco","different_language":false},"systems":[{"id":3497509,"name":"FASSACOLOUR\u00ae-System","permalink":"https:\/\/www.fassabortolo.it\/de\/produkte\/sistema-fassacolour\/","slug":"sistema-fassacolour","ekr_pallet_code":"FASSA_SISTEMA_COLORE_FASSACOLOUR"}],"product_pallet_code":"PROD_FASSA_EASY_20","lines":[{"id":3497479,"name":"FARBANSTRICHE","permalink":"https:\/\/www.fassabortolo.it\/de\/produkte\/\/farbanstriche\/","slug":"farbanstriche","system_codes":["FASSA_SISTEMA_COLORE_FASSACOLOUR"],"ekr_pallet_code":"FASSA_LINEA_PITTURE_SISTEMA_COLORE"}],"use":["FASSA EASY 2.0 kann als sehr matter Innenanstrich auf rohbeschichteten Wandfl\u00e4chen aller Art verwendet werden (Kalk oder Kalk\/Zement, \"Malta fina\", Gipskarton, Gips usw.). &nbsp; Dank geringstem Glanz erhalten die Wandfl\u00e4chen wieder ein samtiges und homogenes Aussehen.","Eignet sich besonders f\u00fcr den gewerblichen Gebrauch auf Gro\u00dffl\u00e4chen."],"supply":["Abpackungen zu 14 l","Farbe: wei\u00df"],"attributes":{"Attributes_1":{"DIFFUSIONSOFFENE WASSERBASIERTE ANSTRICHE":"Diffusionsoffene wasserbasierte Anstriche"},"Attributes_2":{"INNENBEREICH":"Innenbereich"}},"___attributes":{"FASSA":{"FASSA_SISTEMA_COLORE_FASSACOLOUR":{"Attributes_1":["Diffusionsoffene wasserbasierte Anstriche"],"Attributes_2":["Innenbereich"]}}},"elastic_market_index":"it","structured_data":{"@context":"https:\/\/schema.org","@type":"Product","name":"FASSA EASY 2.0","description":["Diffusionsoffener wasserbasierter Anstrich f\u00fcr den gewerblichen Gebrauch"],"url":"https:\/\/www.fassabortolo.it\/de\/produkte\/sistema-fassacolour\/farbanstriche\/fassa-easy-2-0","identifier":"PROD_FASSA_EASY_20","sku":"PROD_FASSA_EASY_20","image":"https:\/\/www.fassabortolo.it\/wp-content\/uploads\/media\/assets\/Fassa_EASY_2.0.jpg","brand":{"@type":"Brand","name":"Fassa Bortolo"},"manufacturer":{"@type":"Organization","name":"Fassa Bortolo","url":"https:\/\/www.fassabortolo.it"},"additionalProperty":[{"@type":"PropertyValue","name":"Use Case 1","value":"FASSA EASY 2.0 kann als sehr matter Innenanstrich auf rohbeschichteten Wandfl\u00e4chen aller Art verwendet werden (Kalk oder Kalk\/Zement, \"Malta fina\", Gipskarton, Gips usw.). &nbsp; Dank geringstem Glanz erhalten die Wandfl\u00e4chen wieder ein samtiges und homogenes Aussehen."},{"@type":"PropertyValue","name":"Use Case 2","value":"Eignet sich besonders f\u00fcr den gewerblichen Gebrauch auf Gro\u00dffl\u00e4chen."},{"@type":"PropertyValue","name":"Supply Information","value":"Abpackungen zu 14 l"},{"@type":"PropertyValue","name":"Supply Information","value":"Farbe: wei\u00df"},{"@type":"PropertyValue","name":"Attributes_1","value":"Diffusionsoffene wasserbasierte Anstriche"},{"@type":"PropertyValue","name":"Attributes_2","value":"Innenbereich"}],"category":[{"@type":"ProductCollection","name":"FARBANSTRICHE","identifier":"FASSA_LINEA_PITTURE_SISTEMA_COLORE"},{"@type":"Collection","name":"FASSACOLOUR\u00ae-System","identifier":"FASSA_SISTEMA_COLORE_FASSACOLOUR"}],"inLanguage":"de"},"_links":{"self":[{"href":"https:\/\/www.fassabortolo.it\/de\/wp-json\/wp\/v2\/product\/3498448","targetHints":{"allow":["GET"]}}],"collection":[{"href":"https:\/\/www.fassabortolo.it\/de\/wp-json\/wp\/v2\/product"}],"about":[{"href":"https:\/\/www.fassabortolo.it\/de\/wp-json\/wp\/v2\/types\/product"}],"wp:attachment":[{"href":"https:\/\/www.fassabortolo.it\/de\/wp-json\/wp\/v2\/media?parent=3498448"}],"curies":[{"name":"wp","href":"https:\/\/api.w.org\/{rel}","templated":true}]}}