{"id":3498451,"date":"2026-01-23T12:14:24","date_gmt":"2026-01-23T11:14:24","guid":{"rendered":"http:\/\/10.6.201.155\/?post_type=product&#038;p=53731"},"modified":"2026-05-15T01:18:50","modified_gmt":"2026-05-14T23:18:50","slug":"fassa-matt-pro","status":"publish","type":"product","link":"https:\/\/www.fassabortolo.it\/de\/produkte\/sistema-fassacolour\/farbanstriche\/fassa-matt-pro","title":{"rendered":"FASSA MATT PRO"},"content":{"rendered":"","protected":false},"featured_media":0,"template":"","class_list":["post-3498451","product","type-product","status-publish","hentry"],"acf":[],"fimg":{"url":"https:\/\/www.fassabortolo.it\/wp-content\/uploads\/media\/assets\/FASSA_MATT_PRO.jpg","alt":"FASSA MATT PRO"},"product_description":["Wasserbasierter Anstrich von starker Mattheit und hoher Diffusionsoffenheit"],"ekr_hierarchy_settings":{"it":{"FASSA_LINEA_PITTURE_SISTEMA_COLORE":{"ekr_position":17}},"lu":{"FASSA_LINEA_PITTURE_SISTEMA_COLORE":{"ekr_position":16}}},"lang":{"language_code":"de","locale":"de_DE","text_direction":false,"display_name":"Deutsch","native_name":"Tedesco","different_language":false},"systems":[{"id":3497509,"name":"FASSACOLOUR\u00ae-System","permalink":"https:\/\/www.fassabortolo.it\/de\/produkte\/sistema-fassacolour\/","slug":"sistema-fassacolour","ekr_pallet_code":"FASSA_SISTEMA_COLORE_FASSACOLOUR"}],"product_pallet_code":"PROD_FASSA_MATT_PRO","lines":[{"id":3497479,"name":"FARBANSTRICHE","permalink":"https:\/\/www.fassabortolo.it\/de\/produkte\/\/farbanstriche\/","slug":"farbanstriche","system_codes":["FASSA_SISTEMA_COLORE_FASSACOLOUR"],"ekr_pallet_code":"FASSA_LINEA_PITTURE_SISTEMA_COLORE"}],"use":["FASSA MATT PRO wird als matte, diffusionsoffene und anwenderfreundliche Anstrichfarbe f\u00fcr den Innenbereich verwendet, geeignet auf rohverputzten (auf Kalk- oder Kalk\/Zementbasis) und entsprechend vorbereiteten Wandfl\u00e4chen aller Art, auf \"Malta Fina\", auf Gips, auf Gipskarton usw.. &nbsp; Dank ihrer ausgepr\u00e4gten Mattheit, verleiht sie den W\u00e4nden homogene Anwendung, Deckkraft und einen guten Wei\u00dfton."],"supply":["Abpackungen zu 14 l und 5 l. &nbsp; Je nach Bestimmungsland k\u00f6nnten einige Verkaufsformate nicht erh\u00e4ltlich sein","Farbe: wei\u00df"],"attributes":{"Attributes_1":{"DIFFUSIONSOFFENE WASSERBASIERTE ANSTRICHE":"Diffusionsoffene wasserbasierte Anstriche"},"Attributes_2":{"INNENBEREICH":"Innenbereich"}},"___attributes":{"FASSA":{"FASSA_SISTEMA_COLORE_FASSACOLOUR":{"Attributes_1":["Diffusionsoffene wasserbasierte Anstriche"],"Attributes_2":["Innenbereich"]}}},"elastic_market_index":"it","structured_data":{"@context":"https:\/\/schema.org","@type":"Product","name":"FASSA MATT PRO","description":["Wasserbasierter Anstrich von starker Mattheit und hoher Diffusionsoffenheit"],"url":"https:\/\/www.fassabortolo.it\/de\/produkte\/sistema-fassacolour\/farbanstriche\/fassa-matt-pro","identifier":"PROD_FASSA_MATT_PRO","sku":"PROD_FASSA_MATT_PRO","image":"https:\/\/www.fassabortolo.it\/wp-content\/uploads\/media\/assets\/FASSA_MATT_PRO.jpg","brand":{"@type":"Brand","name":"Fassa Bortolo"},"manufacturer":{"@type":"Organization","name":"Fassa Bortolo","url":"https:\/\/www.fassabortolo.it"},"additionalProperty":[{"@type":"PropertyValue","name":"Use Case 1","value":"FASSA MATT PRO wird als matte, diffusionsoffene und anwenderfreundliche Anstrichfarbe f\u00fcr den Innenbereich verwendet, geeignet auf rohverputzten (auf Kalk- oder Kalk\/Zementbasis) und entsprechend vorbereiteten Wandfl\u00e4chen aller Art, auf \"Malta Fina\", auf Gips, auf Gipskarton usw.. &nbsp; Dank ihrer ausgepr\u00e4gten Mattheit, verleiht sie den W\u00e4nden homogene Anwendung, Deckkraft und einen guten Wei\u00dfton."},{"@type":"PropertyValue","name":"Supply Information","value":"Abpackungen zu 14 l und 5 l. &nbsp; Je nach Bestimmungsland k\u00f6nnten einige Verkaufsformate nicht erh\u00e4ltlich sein"},{"@type":"PropertyValue","name":"Supply Information","value":"Farbe: wei\u00df"},{"@type":"PropertyValue","name":"Attributes_1","value":"Diffusionsoffene wasserbasierte Anstriche"},{"@type":"PropertyValue","name":"Attributes_2","value":"Innenbereich"}],"category":[{"@type":"ProductCollection","name":"FARBANSTRICHE","identifier":"FASSA_LINEA_PITTURE_SISTEMA_COLORE"},{"@type":"Collection","name":"FASSACOLOUR\u00ae-System","identifier":"FASSA_SISTEMA_COLORE_FASSACOLOUR"}],"inLanguage":"de"},"_links":{"self":[{"href":"https:\/\/www.fassabortolo.it\/de\/wp-json\/wp\/v2\/product\/3498451","targetHints":{"allow":["GET"]}}],"collection":[{"href":"https:\/\/www.fassabortolo.it\/de\/wp-json\/wp\/v2\/product"}],"about":[{"href":"https:\/\/www.fassabortolo.it\/de\/wp-json\/wp\/v2\/types\/product"}],"wp:attachment":[{"href":"https:\/\/www.fassabortolo.it\/de\/wp-json\/wp\/v2\/media?parent=3498451"}],"curies":[{"name":"wp","href":"https:\/\/api.w.org\/{rel}","templated":true}]}}