{"id":3498453,"date":"2026-01-23T12:14:13","date_gmt":"2026-01-23T11:14:13","guid":{"rendered":"http:\/\/10.6.201.155\/?post_type=product&#038;p=53734"},"modified":"2026-05-15T01:18:32","modified_gmt":"2026-05-14T23:18:32","slug":"fassa-home-active","status":"publish","type":"product","link":"https:\/\/www.fassabortolo.it\/de\/produkte\/sistema-fassacolour\/farbanstriche\/fassa-home-active","title":{"rendered":"FASSA HOME ACTIVE"},"content":{"rendered":"","protected":false},"featured_media":0,"template":"","class_list":["post-3498453","product","type-product","status-publish","hentry"],"acf":[],"fimg":{"url":"https:\/\/www.fassabortolo.it\/wp-content\/uploads\/media\/assets\/Fassa_HOME_ACTIVE.jpg","alt":"FASSA HOME ACTIVE"},"product_description":["Diffusionsoffener wasserbasierter Anstrich mit Schutzfilm"],"ekr_hierarchy_settings":{"it":{"FASSA_LINEA_PITTURE_SISTEMA_COLORE":{"ekr_position":14}},"lu":{"FASSA_LINEA_PITTURE_SISTEMA_COLORE":{"ekr_position":17}}},"lang":{"language_code":"de","locale":"de_DE","text_direction":false,"display_name":"Deutsch","native_name":"Tedesco","different_language":false},"systems":[{"id":3497509,"name":"FASSACOLOUR\u00ae-System","permalink":"https:\/\/www.fassabortolo.it\/de\/produkte\/sistema-fassacolour\/","slug":"sistema-fassacolour","ekr_pallet_code":"FASSA_SISTEMA_COLORE_FASSACOLOUR"}],"product_pallet_code":"PROD_FASSA_HOME_ACTIVE","lines":[{"id":3497479,"name":"FARBANSTRICHE","permalink":"https:\/\/www.fassabortolo.it\/de\/produkte\/\/farbanstriche\/","slug":"farbanstriche","system_codes":["FASSA_SISTEMA_COLORE_FASSACOLOUR"],"ekr_pallet_code":"FASSA_LINEA_PITTURE_SISTEMA_COLORE"}],"use":["FASSA HOME ACTIVE findet Verwendung als Innenanstrich von mattem Aussehen, und zwar auf allen feinstrukturierten Wandfl\u00e4chen auch makropor\u00f6ser Natur auf Basis von: rohverputztem Kalk oder Kalk-Zement, Malta Fina, Gips, Gipskarton usw.."],"supply":["Abpackungen zu 14 l und 5 l. &nbsp; Je nach Bestimmungsland k\u00f6nnten einige Verkaufsformate nicht erh\u00e4ltlich sein.","Mit dem Farbmischsystem ColorLife realisierbare Farbt\u00f6ne"],"attributes":{"Attributes_1":{"DIFFUSIONSOFFENE WASSERBASIERTE ANSTRICHE":"Diffusionsoffene wasserbasierte Anstriche","WASSERBASIERTE ANSTRICHE MIT SCHUTZFILM":"Wasserbasierte Anstriche mit Schutzfilm"},"Attributes_2":{"INNENBEREICH":"Innenbereich"}},"___attributes":{"FASSA":{"FASSA_SISTEMA_COLORE_FASSACOLOUR":{"Attributes_1":["Diffusionsoffene wasserbasierte Anstriche","Wasserbasierte Anstriche mit Schutzfilm"],"Attributes_2":["Innenbereich"]}}},"elastic_market_index":"it","structured_data":{"@context":"https:\/\/schema.org","@type":"Product","name":"FASSA HOME ACTIVE","description":["Diffusionsoffener wasserbasierter Anstrich mit Schutzfilm"],"url":"https:\/\/www.fassabortolo.it\/de\/produkte\/sistema-fassacolour\/farbanstriche\/fassa-home-active","identifier":"PROD_FASSA_HOME_ACTIVE","sku":"PROD_FASSA_HOME_ACTIVE","image":"https:\/\/www.fassabortolo.it\/wp-content\/uploads\/media\/assets\/Fassa_HOME_ACTIVE.jpg","brand":{"@type":"Brand","name":"Fassa Bortolo"},"manufacturer":{"@type":"Organization","name":"Fassa Bortolo","url":"https:\/\/www.fassabortolo.it"},"additionalProperty":[{"@type":"PropertyValue","name":"Use Case 1","value":"FASSA HOME ACTIVE findet Verwendung als Innenanstrich von mattem Aussehen, und zwar auf allen feinstrukturierten Wandfl\u00e4chen auch makropor\u00f6ser Natur auf Basis von: rohverputztem Kalk oder Kalk-Zement, Malta Fina, Gips, Gipskarton usw.."},{"@type":"PropertyValue","name":"Supply Information","value":"Abpackungen zu 14 l und 5 l. &nbsp; Je nach Bestimmungsland k\u00f6nnten einige Verkaufsformate nicht erh\u00e4ltlich sein."},{"@type":"PropertyValue","name":"Supply Information","value":"Mit dem Farbmischsystem ColorLife realisierbare Farbt\u00f6ne"},{"@type":"PropertyValue","name":"Attributes_1","value":"Diffusionsoffene wasserbasierte Anstriche"},{"@type":"PropertyValue","name":"Attributes_1","value":"Wasserbasierte Anstriche mit Schutzfilm"},{"@type":"PropertyValue","name":"Attributes_2","value":"Innenbereich"}],"category":[{"@type":"ProductCollection","name":"FARBANSTRICHE","identifier":"FASSA_LINEA_PITTURE_SISTEMA_COLORE"},{"@type":"Collection","name":"FASSACOLOUR\u00ae-System","identifier":"FASSA_SISTEMA_COLORE_FASSACOLOUR"}],"inLanguage":"de"},"_links":{"self":[{"href":"https:\/\/www.fassabortolo.it\/de\/wp-json\/wp\/v2\/product\/3498453","targetHints":{"allow":["GET"]}}],"collection":[{"href":"https:\/\/www.fassabortolo.it\/de\/wp-json\/wp\/v2\/product"}],"about":[{"href":"https:\/\/www.fassabortolo.it\/de\/wp-json\/wp\/v2\/types\/product"}],"wp:attachment":[{"href":"https:\/\/www.fassabortolo.it\/de\/wp-json\/wp\/v2\/media?parent=3498453"}],"curies":[{"name":"wp","href":"https:\/\/api.w.org\/{rel}","templated":true}]}}