{"id":3498456,"date":"2026-01-23T12:18:48","date_gmt":"2026-01-23T11:18:48","guid":{"rendered":"http:\/\/10.6.201.155\/?post_type=product&#038;p=53754"},"modified":"2026-05-15T01:20:47","modified_gmt":"2026-05-14T23:20:47","slug":"fassil-paint","status":"publish","type":"product","link":"https:\/\/www.fassabortolo.it\/de\/produkte\/sistema-fassacolour\/farbanstriche\/fassil-paint","title":{"rendered":"FASSIL PAINT"},"content":{"rendered":"","protected":false},"featured_media":0,"template":"","class_list":["post-3498456","product","type-product","status-publish","hentry"],"acf":[],"fimg":{"url":"https:\/\/www.fassabortolo.it\/wp-content\/uploads\/media\/assets\/FASSIL_PAINT.jpg","alt":"FASSIL PAINT"},"product_description":["Mineralische Beschichtung auf Polysilikat-Basis, \u00e4u\u00dferst diffusionsoffen und mit matter Optik"],"ekr_hierarchy_settings":{"it":{"FASSA_LINEA_PITTURE_SISTEMA_COLORE":{"ekr_position":6}},"es":{"FASSAES_LINEA_PITTURE_SISTEMA_COLORE":{"ekr_position":14}},"lu":{"FASSA_LINEA_PITTURE_SISTEMA_COLORE":{"ekr_position":14}}},"lang":{"language_code":"de","locale":"de_DE","text_direction":false,"display_name":"Deutsch","native_name":"Tedesco","different_language":false},"systems":[{"id":3497509,"name":"FASSACOLOUR\u00ae-System","permalink":"https:\/\/www.fassabortolo.it\/de\/produkte\/sistema-fassacolour\/","slug":"sistema-fassacolour","ekr_pallet_code":"FASSA_SISTEMA_COLORE_FASSACOLOUR"}],"product_pallet_code":"PROD_FASSIL_PAINT","lines":[{"id":3497479,"name":"FARBANSTRICHE","permalink":"https:\/\/www.fassabortolo.it\/de\/produkte\/\/farbanstriche\/","slug":"farbanstriche","system_codes":["FASSA_SISTEMA_COLORE_FASSACOLOUR"],"ekr_pallet_code":"FASSA_LINEA_PITTURE_SISTEMA_COLORE"}],"use":["FASSIL PAINT &nbsp; wird dank eines besonderen Bindemittelsystems als anwenderfreundlicher Innenanstrich mit stark diffusionsoffener Wirkung und tiefer Mattheit verwendet, sowohl auf neuen und nie gestrichenen mineralischen Untergr\u00fcnden als auch auf Unterlagen mit vorherigem Farbanstrich organischer Natur, sofern gut anhaftend und nicht kreidend. FASSIL PAINT kann auch auf einer makropor\u00f6sen, rohverputzten (Kalk oder Kalk-Zement) Wandunterlage verwendet werden, auf \"Malta Fina\". auf Gips und Gipskarton sofern entsprechend vorbereitet, usw.. Dank seiner starken Mattheit verleiht der Anstrich den W\u00e4nden Homogeneit\u00e4t in der Anwendung, Deckkraft und einen guten Wei\u00dfgrad."],"supply":["Abpackungen zu 14 l, zu 5 l sowie Kartonschachteln mit jeweils 6 St\u00fcck zu 1 l. &nbsp; Je nach Bestimmungsland k\u00f6nnten einige Verkaufsformate nicht erh\u00e4ltlich sein","Mit dem Farbmischger\u00e4t ColorLife realisierbare Farbt\u00f6ne."],"attributes":{"Attributes_1":{"DIFFUSIONSOFFENE WASSERBASIERTE ANSTRICHE":"Diffusionsoffene wasserbasierte Anstriche"},"Attributes_2":{"INNENBEREICH":"Innenbereich"}},"___attributes":{"FASSAES":{"FASSA_SISTEMA_COLORE_FASSACOLOUR":{"Attributes_1":["Diffusionsoffene wasserbasierte Anstriche"],"Attributes_2":["Innenbereich"]}},"FASSA":{"FASSA_SISTEMA_COLORE_FASSACOLOUR":{"Attributes_1":["Diffusionsoffene wasserbasierte Anstriche"],"Attributes_2":["Innenbereich"]}}},"elastic_market_index":"it","structured_data":{"@context":"https:\/\/schema.org","@type":"Product","name":"FASSIL PAINT","description":["Mineralische Beschichtung auf Polysilikat-Basis, \u00e4u\u00dferst diffusionsoffen und mit matter Optik"],"url":"https:\/\/www.fassabortolo.it\/de\/produkte\/sistema-fassacolour\/farbanstriche\/fassil-paint","identifier":"PROD_FASSIL_PAINT","sku":"PROD_FASSIL_PAINT","image":"https:\/\/www.fassabortolo.it\/wp-content\/uploads\/media\/assets\/FASSIL_PAINT.jpg","brand":{"@type":"Brand","name":"Fassa Bortolo"},"manufacturer":{"@type":"Organization","name":"Fassa Bortolo","url":"https:\/\/www.fassabortolo.it"},"additionalProperty":[{"@type":"PropertyValue","name":"Use Case 1","value":"FASSIL PAINT &nbsp; wird dank eines besonderen Bindemittelsystems als anwenderfreundlicher Innenanstrich mit stark diffusionsoffener Wirkung und tiefer Mattheit verwendet, sowohl auf neuen und nie gestrichenen mineralischen Untergr\u00fcnden als auch auf Unterlagen mit vorherigem Farbanstrich organischer Natur, sofern gut anhaftend und nicht kreidend. FASSIL PAINT kann auch auf einer makropor\u00f6sen, rohverputzten (Kalk oder Kalk-Zement) Wandunterlage verwendet werden, auf \"Malta Fina\". auf Gips und Gipskarton sofern entsprechend vorbereitet, usw.. Dank seiner starken Mattheit verleiht der Anstrich den W\u00e4nden Homogeneit\u00e4t in der Anwendung, Deckkraft und einen guten Wei\u00dfgrad."},{"@type":"PropertyValue","name":"Supply Information","value":"Abpackungen zu 14 l, zu 5 l sowie Kartonschachteln mit jeweils 6 St\u00fcck zu 1 l. &nbsp; Je nach Bestimmungsland k\u00f6nnten einige Verkaufsformate nicht erh\u00e4ltlich sein"},{"@type":"PropertyValue","name":"Supply Information","value":"Mit dem Farbmischger\u00e4t ColorLife realisierbare Farbt\u00f6ne."},{"@type":"PropertyValue","name":"Attributes_1","value":"Diffusionsoffene wasserbasierte Anstriche"},{"@type":"PropertyValue","name":"Attributes_2","value":"Innenbereich"}],"category":[{"@type":"ProductCollection","name":"FARBANSTRICHE","identifier":"FASSA_LINEA_PITTURE_SISTEMA_COLORE"},{"@type":"Collection","name":"FASSACOLOUR\u00ae-System","identifier":"FASSA_SISTEMA_COLORE_FASSACOLOUR"}],"inLanguage":"de"},"_links":{"self":[{"href":"https:\/\/www.fassabortolo.it\/de\/wp-json\/wp\/v2\/product\/3498456","targetHints":{"allow":["GET"]}}],"collection":[{"href":"https:\/\/www.fassabortolo.it\/de\/wp-json\/wp\/v2\/product"}],"about":[{"href":"https:\/\/www.fassabortolo.it\/de\/wp-json\/wp\/v2\/types\/product"}],"wp:attachment":[{"href":"https:\/\/www.fassabortolo.it\/de\/wp-json\/wp\/v2\/media?parent=3498456"}],"curies":[{"name":"wp","href":"https:\/\/api.w.org\/{rel}","templated":true}]}}