{"id":3498459,"date":"2026-01-23T12:21:48","date_gmt":"2026-01-23T11:21:48","guid":{"rendered":"http:\/\/10.6.201.155\/?post_type=product&#038;p=53764"},"modified":"2026-05-15T01:21:14","modified_gmt":"2026-05-14T23:21:14","slug":"feel-touch-gloss","status":"publish","type":"product","link":"https:\/\/www.fassabortolo.it\/de\/produkte\/sistema-fassacolour\/impragnierstoffe-und-lacke\/feel-touch-gloss","title":{"rendered":"FEEL TOUCH GLOSS"},"content":{"rendered":"","protected":false},"featured_media":0,"template":"","class_list":["post-3498459","product","type-product","status-publish","hentry"],"acf":[],"fimg":{"url":"https:\/\/www.fassabortolo.it\/wp-content\/uploads\/media\/assets\/Feel_TOUCH_2-5.jpg","alt":"FEEL TOUCH GLOSS"},"product_description":["Gl\u00e4nzender wasserverd\u00fcnnbarer Acryllack"],"ekr_hierarchy_settings":{"it":{"FASSA_LINEA_IMPREGNANTI_E_SMALTI_SISTEMA_COLORE":{"ekr_position":5}},"es":{"FASSAES_LINEA_IMPREGNANTI_E_SMALTI_SISTEMA_COLORE":{"ekr_position":3}},"lu":{"FASSA_LINEA_IMPREGNANTI_E_SMALTI_SISTEMA_COLORE":{"ekr_position":8}}},"lang":{"language_code":"de","locale":"de_DE","text_direction":false,"display_name":"Deutsch","native_name":"Tedesco","different_language":false},"systems":[{"id":3497509,"name":"FASSACOLOUR\u00ae-System","permalink":"https:\/\/www.fassabortolo.it\/de\/produkte\/sistema-fassacolour\/","slug":"sistema-fassacolour","ekr_pallet_code":"FASSA_SISTEMA_COLORE_FASSACOLOUR"}],"product_pallet_code":"PROD_FEEL_TOUCH_GLOSS","lines":[{"id":3497459,"name":"IMPR\u00c4GNIERSTOFFE UND LACKE","permalink":"https:\/\/www.fassabortolo.it\/de\/produkte\/\/impragnierstoffe-und-lacke\/","slug":"impragnierstoffe-und-lacke","system_codes":["FASSA_SISTEMA_COLORE_FASSACOLOUR"],"ekr_pallet_code":"FASSA_LINEA_IMPREGNANTI_E_SMALTI_SISTEMA_COLORE"}],"use":["FEEL TOUCH GLOSS ist ein einfach aufzutragender, schnelltrocknender Lack und bildet einen vergilbungsfreien Film von guter Elastizit\u00e4t, verf\u00fcgt \u00fcber gute Blockfestigkeit, Licht- und Witterungsbest\u00e4ndigkeit.","Es handelt sich um einen Lack, der sich als hochqualitativer Anstrich sowohl im Innen- als auch im Au\u00dfenbereich eignet (siehe Kapitel Hinweise), und zwar auf einer Vielzahl von entsprechend vorbereiteten Oberfl\u00e4chen wie: Eisen, verzinktes Blech, Leichtlegierungen, Plastik und nicht in direktem Kontakt mit Wasser oder Erdreich stehendes Holz.","Dank der besonderen wasserbasierten Formulierung kann das Produkt ferner auf Wandfl\u00e4chen aufgetragen werden, und dies auch im Innenbereich."],"supply":["Kartonschachteln mit 2 St\u00fcck zu jeweils 2,5 l und Kartonschachteln mit 6 St\u00fcck zu jeweils 0,75 l. &nbsp; Je nach Bestimmungsland k\u00f6nnten einige Verkaufsformate nicht erh\u00e4ltlich sein","Mit dem Farbmischsystem ColorLife realisierbare Farbt\u00f6ne"],"attributes":{"Attributes_1":{"WEISSE\/PIGMENTIERTE GRUNDIERUNGEN":"Wei\u00dfe\/pigmentierte Grundierungen","WASSERBASIERTE WANDLACKE":"Wasserbasierte Wandlacke","WASSERBASIERTE LACKE F\u00dcR EISEN, HOLZ, PVC":"Wasserbasierte Lacke f\u00fcr Eisen, Holz, PVC"},"Attributes_2":{"AUSSENBEREICH":"Au\u00dfenbereich","INNENBEREICH":"Innenbereich"}},"___attributes":{"FASSAES":{"FASSA_SISTEMA_COLORE_FASSACOLOUR":{"Attributes_1":["Wei\u00dfe\/pigmentierte Grundierungen","Wasserbasierte Wandlacke","Wasserbasierte Lacke f\u00fcr Eisen, Holz, PVC"],"Attributes_2":["Au\u00dfenbereich","Innenbereich"]}},"FASSA":{"FASSA_SISTEMA_COLORE_FASSACOLOUR":{"Attributes_1":["Wei\u00dfe\/pigmentierte Grundierungen","Wasserbasierte Wandlacke","Wasserbasierte Lacke f\u00fcr Eisen, Holz, PVC"],"Attributes_2":["Au\u00dfenbereich","Innenbereich"]}}},"elastic_market_index":"it","structured_data":{"@context":"https:\/\/schema.org","@type":"Product","name":"FEEL TOUCH GLOSS","description":["Gl\u00e4nzender wasserverd\u00fcnnbarer Acryllack"],"url":"https:\/\/www.fassabortolo.it\/de\/produkte\/sistema-fassacolour\/impragnierstoffe-und-lacke\/feel-touch-gloss","identifier":"PROD_FEEL_TOUCH_GLOSS","sku":"PROD_FEEL_TOUCH_GLOSS","image":"https:\/\/www.fassabortolo.it\/wp-content\/uploads\/media\/assets\/Feel_TOUCH_2-5.jpg","brand":{"@type":"Brand","name":"Fassa Bortolo"},"manufacturer":{"@type":"Organization","name":"Fassa Bortolo","url":"https:\/\/www.fassabortolo.it"},"additionalProperty":[{"@type":"PropertyValue","name":"Use Case 1","value":"FEEL TOUCH GLOSS ist ein einfach aufzutragender, schnelltrocknender Lack und bildet einen vergilbungsfreien Film von guter Elastizit\u00e4t, verf\u00fcgt \u00fcber gute Blockfestigkeit, Licht- und Witterungsbest\u00e4ndigkeit."},{"@type":"PropertyValue","name":"Use Case 2","value":"Es handelt sich um einen Lack, der sich als hochqualitativer Anstrich sowohl im Innen- als auch im Au\u00dfenbereich eignet (siehe Kapitel Hinweise), und zwar auf einer Vielzahl von entsprechend vorbereiteten Oberfl\u00e4chen wie: Eisen, verzinktes Blech, Leichtlegierungen, Plastik und nicht in direktem Kontakt mit Wasser oder Erdreich stehendes Holz."},{"@type":"PropertyValue","name":"Use Case 3","value":"Dank der besonderen wasserbasierten Formulierung kann das Produkt ferner auf Wandfl\u00e4chen aufgetragen werden, und dies auch im Innenbereich."},{"@type":"PropertyValue","name":"Supply Information","value":"Kartonschachteln mit 2 St\u00fcck zu jeweils 2,5 l und Kartonschachteln mit 6 St\u00fcck zu jeweils 0,75 l. &nbsp; Je nach Bestimmungsland k\u00f6nnten einige Verkaufsformate nicht erh\u00e4ltlich sein"},{"@type":"PropertyValue","name":"Supply Information","value":"Mit dem Farbmischsystem ColorLife realisierbare Farbt\u00f6ne"},{"@type":"PropertyValue","name":"Attributes_1","value":"Wei\u00dfe\/pigmentierte Grundierungen"},{"@type":"PropertyValue","name":"Attributes_1","value":"Wasserbasierte Wandlacke"},{"@type":"PropertyValue","name":"Attributes_1","value":"Wasserbasierte Lacke f\u00fcr Eisen, Holz, PVC"},{"@type":"PropertyValue","name":"Attributes_2","value":"Au\u00dfenbereich"},{"@type":"PropertyValue","name":"Attributes_2","value":"Innenbereich"}],"category":[{"@type":"ProductCollection","name":"IMPR\u00c4GNIERSTOFFE UND LACKE","identifier":"FASSA_LINEA_IMPREGNANTI_E_SMALTI_SISTEMA_COLORE"},{"@type":"Collection","name":"FASSACOLOUR\u00ae-System","identifier":"FASSA_SISTEMA_COLORE_FASSACOLOUR"}],"inLanguage":"de"},"_links":{"self":[{"href":"https:\/\/www.fassabortolo.it\/de\/wp-json\/wp\/v2\/product\/3498459","targetHints":{"allow":["GET"]}}],"collection":[{"href":"https:\/\/www.fassabortolo.it\/de\/wp-json\/wp\/v2\/product"}],"about":[{"href":"https:\/\/www.fassabortolo.it\/de\/wp-json\/wp\/v2\/types\/product"}],"wp:attachment":[{"href":"https:\/\/www.fassabortolo.it\/de\/wp-json\/wp\/v2\/media?parent=3498459"}],"curies":[{"name":"wp","href":"https:\/\/api.w.org\/{rel}","templated":true}]}}