{"id":3498468,"date":"2026-01-23T12:18:12","date_gmt":"2026-01-23T11:18:12","guid":{"rendered":"http:\/\/10.6.201.155\/?post_type=product&#038;p=53796"},"modified":"2026-05-15T01:21:11","modified_gmt":"2026-05-14T23:21:11","slug":"feel-wood-life","status":"publish","type":"product","link":"https:\/\/www.fassabortolo.it\/de\/produkte\/sistema-fassacolour\/impragnierstoffe-und-lacke\/feel-wood-life","title":{"rendered":"FEEL WOOD LIFE"},"content":{"rendered":"","protected":false},"featured_media":0,"template":"","class_list":["post-3498468","product","type-product","status-publish","hentry"],"acf":[],"fimg":{"url":"https:\/\/www.fassabortolo.it\/wp-content\/uploads\/media\/assets\/Feel_WOOD_2-5.jpg","alt":"FEEL WOOD LIFE"},"product_description":["Wasserverd\u00fcnnbarer Anstrich mit Wachsoptik mit UV-Filter"],"ekr_hierarchy_settings":{"it":{"FASSA_LINEA_IMPREGNANTI_E_SMALTI_SISTEMA_COLORE":{"ekr_position":2}},"ch":{"FASSA_LINEA_IMPREGNANTI_E_SMALTI_SISTEMA_COLORE":{"ekr_position":5}},"lu":{"FASSA_LINEA_IMPREGNANTI_E_SMALTI_SISTEMA_COLORE":{"ekr_position":5}}},"lang":{"language_code":"de","locale":"de_DE","text_direction":false,"display_name":"Deutsch","native_name":"Tedesco","different_language":false},"systems":[{"id":3497509,"name":"FASSACOLOUR\u00ae-System","permalink":"https:\/\/www.fassabortolo.it\/de\/produkte\/sistema-fassacolour\/","slug":"sistema-fassacolour","ekr_pallet_code":"FASSA_SISTEMA_COLORE_FASSACOLOUR"}],"product_pallet_code":"PROD_FEEL_WOOD_LIFE","lines":[{"id":3497459,"name":"IMPR\u00c4GNIERSTOFFE UND LACKE","permalink":"https:\/\/www.fassabortolo.it\/de\/produkte\/\/impragnierstoffe-und-lacke\/","slug":"impragnierstoffe-und-lacke","system_codes":["FASSA_SISTEMA_COLORE_FASSACOLOUR"],"ekr_pallet_code":"FASSA_LINEA_IMPREGNANTI_E_SMALTI_SISTEMA_COLORE"}],"use":["FEEL WOOD LIFE eignet sich zum Schutz von neuen oder bereits gestrichenen Holzbauteilen im Innen- und Au\u00dfenbereich, wie beispielsweise Rahmen, Verschalungen, Dachb\u00f6den, Z\u00e4une und Balkone, sofern sie nicht in direktem Kontakt mit Wasser oder dem Erdreich stehen."],"supply":["Abpackungen zu 16 l, Kartonschachteln mit 2 St\u00fcck zu jeweils 2,5 l und Kartonschachteln mit 6 St\u00fcck zu jeweils 0,75 l. &nbsp; Je nach Bestimmungsland k\u00f6nnten einige Verkaufsformate nicht erh\u00e4ltlich sein.","Mit dem Farbmischger\u00e4t ColorLife realisierbare Farbt\u00f6ne. &nbsp; Speziell f\u00fcr ein Produkt vorgesehene Farbtonmappe."],"attributes":{"Attributes_1":{"WASSERBASIERTE GRUNDIERUNGEN UND IMPR\u00c4GNIERUNGEN":"Wasserbasierte Grundierungen und Impr\u00e4gnierungen","WEISSE\/PIGMENTIERTE GRUNDIERUNGEN":"Wei\u00dfe\/pigmentierte Grundierungen"},"Attributes_2":{"AUSSENBEREICH":"Au\u00dfenbereich","INNENBEREICH":"Innenbereich"}},"___attributes":{"FASSA":{"FASSA_SISTEMA_COLORE_FASSACOLOUR":{"Attributes_1":["Wasserbasierte Grundierungen und Impr\u00e4gnierungen","Wei\u00dfe\/pigmentierte Grundierungen"],"Attributes_2":["Au\u00dfenbereich","Innenbereich"]}}},"elastic_market_index":"it","structured_data":{"@context":"https:\/\/schema.org","@type":"Product","name":"FEEL WOOD LIFE","description":["Wasserverd\u00fcnnbarer Anstrich mit Wachsoptik mit UV-Filter"],"url":"https:\/\/www.fassabortolo.it\/de\/produkte\/sistema-fassacolour\/impragnierstoffe-und-lacke\/feel-wood-life","identifier":"PROD_FEEL_WOOD_LIFE","sku":"PROD_FEEL_WOOD_LIFE","image":"https:\/\/www.fassabortolo.it\/wp-content\/uploads\/media\/assets\/Feel_WOOD_2-5.jpg","brand":{"@type":"Brand","name":"Fassa Bortolo"},"manufacturer":{"@type":"Organization","name":"Fassa Bortolo","url":"https:\/\/www.fassabortolo.it"},"additionalProperty":[{"@type":"PropertyValue","name":"Use Case 1","value":"FEEL WOOD LIFE eignet sich zum Schutz von neuen oder bereits gestrichenen Holzbauteilen im Innen- und Au\u00dfenbereich, wie beispielsweise Rahmen, Verschalungen, Dachb\u00f6den, Z\u00e4une und Balkone, sofern sie nicht in direktem Kontakt mit Wasser oder dem Erdreich stehen."},{"@type":"PropertyValue","name":"Supply Information","value":"Abpackungen zu 16 l, Kartonschachteln mit 2 St\u00fcck zu jeweils 2,5 l und Kartonschachteln mit 6 St\u00fcck zu jeweils 0,75 l. &nbsp; Je nach Bestimmungsland k\u00f6nnten einige Verkaufsformate nicht erh\u00e4ltlich sein."},{"@type":"PropertyValue","name":"Supply Information","value":"Mit dem Farbmischger\u00e4t ColorLife realisierbare Farbt\u00f6ne. &nbsp; Speziell f\u00fcr ein Produkt vorgesehene Farbtonmappe."},{"@type":"PropertyValue","name":"Attributes_1","value":"Wasserbasierte Grundierungen und Impr\u00e4gnierungen"},{"@type":"PropertyValue","name":"Attributes_1","value":"Wei\u00dfe\/pigmentierte Grundierungen"},{"@type":"PropertyValue","name":"Attributes_2","value":"Au\u00dfenbereich"},{"@type":"PropertyValue","name":"Attributes_2","value":"Innenbereich"}],"category":[{"@type":"ProductCollection","name":"IMPR\u00c4GNIERSTOFFE UND LACKE","identifier":"FASSA_LINEA_IMPREGNANTI_E_SMALTI_SISTEMA_COLORE"},{"@type":"Collection","name":"FASSACOLOUR\u00ae-System","identifier":"FASSA_SISTEMA_COLORE_FASSACOLOUR"}],"inLanguage":"de"},"_links":{"self":[{"href":"https:\/\/www.fassabortolo.it\/de\/wp-json\/wp\/v2\/product\/3498468","targetHints":{"allow":["GET"]}}],"collection":[{"href":"https:\/\/www.fassabortolo.it\/de\/wp-json\/wp\/v2\/product"}],"about":[{"href":"https:\/\/www.fassabortolo.it\/de\/wp-json\/wp\/v2\/types\/product"}],"wp:attachment":[{"href":"https:\/\/www.fassabortolo.it\/de\/wp-json\/wp\/v2\/media?parent=3498468"}],"curies":[{"name":"wp","href":"https:\/\/api.w.org\/{rel}","templated":true}]}}