{"id":3498471,"date":"2026-01-23T12:19:41","date_gmt":"2026-01-23T11:19:41","guid":{"rendered":"http:\/\/10.6.201.155\/?post_type=product&#038;p=53807"},"modified":"2026-04-23T10:34:41","modified_gmt":"2026-04-23T08:34:41","slug":"fx-526","status":"publish","type":"product","link":"https:\/\/www.fassabortolo.it\/de\/produkte\/sistema-fassacolour\/tiefengrunde\/fx-526","title":{"rendered":"FX 526"},"content":{"rendered":"","protected":false},"featured_media":0,"template":"","class_list":["post-3498471","product","type-product","status-publish","hentry"],"acf":[],"fimg":{"url":"https:\/\/www.fassabortolo.it\/wp-content\/uploads\/media\/assets\/FX_526.jpg","alt":"FX 526"},"product_description":["Universeller pigmentierter Haftgrund"],"ekr_hierarchy_settings":{"it":{"FASSA_LINEA_FONDI_MURALI_DI_PREPARAZIONE_SISTEMA_COLORE":{"ekr_position":3}},"ch":{"FASSA_LINEA_FONDI_MURALI_DI_PREPARAZIONE_SISTEMA_COLORE":{"ekr_position":5}},"es":{"FASSAES_LINEA_FONDI_MURALI_DI_PREPARAZIONE_SISTEMA_COLORE":{"ekr_position":4}},"lu":{"FASSA_LINEA_FONDI_MURALI_DI_PREPARAZIONE_SISTEMA_COLORE":{"ekr_position":5}}},"lang":{"language_code":"de","locale":"de_DE","text_direction":false,"display_name":"Deutsch","native_name":"Tedesco","different_language":false},"systems":[{"id":3497509,"name":"FASSACOLOUR\u00ae-System","permalink":"https:\/\/www.fassabortolo.it\/de\/produkte\/sistema-fassacolour\/","slug":"sistema-fassacolour","ekr_pallet_code":"FASSA_SISTEMA_COLORE_FASSACOLOUR"}],"product_pallet_code":"PROD_FX_526","lines":[{"id":3497461,"name":"TIEFENGR\u00dcNDE","permalink":"https:\/\/www.fassabortolo.it\/de\/produkte\/\/tiefengrunde\/","slug":"tiefengrunde","system_codes":["FASSA_SISTEMA_COLORE_FASSACOLOUR"],"ekr_pallet_code":"FASSA_LINEA_FONDI_MURALI_DI_PREPARAZIONE_SISTEMA_COLORE"}],"use":["FX 526 wird innen wie au\u00dfen als f\u00fcllende Verankerungsgrundierung verwendet, die aufgrund ihrer deckenden und ausgleichenden F\u00e4higkeit eine farbige und homogene Oberfl\u00e4che schafft. &nbsp; Wird auf Oberputzen und auf Spachtelungen auf Kalk- und Kalk-\/Zementbasis vor dem Aufbringen wasserbasierter Strukturdeckputze wie RTA 549, RSR 421, RX 561, FASSIL R 336 und wasserbasierter Farbanstriche verwendet. &nbsp; Das Vorhandensein eines feink\u00f6rnigen F\u00fcllstoffs verbessert das Haftverm\u00f6gen der Endbeschichtung, und zwar sowohl bei W\u00e4rmed\u00e4mmverbundsystemen als auch auf bereits gestrichenen Wandfl\u00e4chen. &nbsp; Ferner findet FX 526 als Untergrundvorbereitung bei jenen Dekorzyklen Verwendung, die mit den Produkten der Linie SFIDE D'ARTE ausgef\u00fchrt werden."],"supply":["Abpackungen zu 14 l und 5 l. &nbsp; Je nach Bestimmungsland k\u00f6nnten einige Verkaufsformate nicht erh\u00e4ltlich sein","Mit dem Farbmischsystem ColorLife realisierbare Farbt\u00f6ne"],"attributes":{"Attributes_1":{"WEISSE\/PIGMENTIERTE GRUNDIERUNGEN":"Wei\u00dfe\/pigmentierte Grundierungen"},"Attributes_2":{"AUSSENBEREICH":"Au\u00dfenbereich","INNENBEREICH":"Innenbereich"}},"___attributes":{"FASSAES":{"FASSA_SISTEMA_COLORE_FASSACOLOUR":{"Attributes_1":["Wei\u00dfe\/pigmentierte Grundierungen"],"Attributes_2":["Au\u00dfenbereich","Innenbereich"]}},"FASSA":{"FASSA_SISTEMA_COLORE_FASSACOLOUR":{"Attributes_1":["Wei\u00dfe\/pigmentierte Grundierungen"],"Attributes_2":["Au\u00dfenbereich","Innenbereich"]}}},"elastic_market_index":"it","structured_data":{"@context":"https:\/\/schema.org","@type":"Product","name":"FX 526","description":["Universeller pigmentierter Haftgrund"],"url":"https:\/\/www.fassabortolo.it\/de\/produkte\/sistema-fassacolour\/tiefengrunde\/fx-526","identifier":"PROD_FX_526","sku":"PROD_FX_526","image":"https:\/\/www.fassabortolo.it\/wp-content\/uploads\/media\/assets\/FX_526.jpg","brand":{"@type":"Brand","name":"Fassa Bortolo"},"manufacturer":{"@type":"Organization","name":"Fassa Bortolo","url":"https:\/\/www.fassabortolo.it"},"additionalProperty":[{"@type":"PropertyValue","name":"Use Case 1","value":"FX 526 wird innen wie au\u00dfen als f\u00fcllende Verankerungsgrundierung verwendet, die aufgrund ihrer deckenden und ausgleichenden F\u00e4higkeit eine farbige und homogene Oberfl\u00e4che schafft. &nbsp; Wird auf Oberputzen und auf Spachtelungen auf Kalk- und Kalk-\/Zementbasis vor dem Aufbringen wasserbasierter Strukturdeckputze wie RTA 549, RSR 421, RX 561, FASSIL R 336 und wasserbasierter Farbanstriche verwendet. &nbsp; Das Vorhandensein eines feink\u00f6rnigen F\u00fcllstoffs verbessert das Haftverm\u00f6gen der Endbeschichtung, und zwar sowohl bei W\u00e4rmed\u00e4mmverbundsystemen als auch auf bereits gestrichenen Wandfl\u00e4chen. &nbsp; Ferner findet FX 526 als Untergrundvorbereitung bei jenen Dekorzyklen Verwendung, die mit den Produkten der Linie SFIDE D'ARTE ausgef\u00fchrt werden."},{"@type":"PropertyValue","name":"Supply Information","value":"Abpackungen zu 14 l und 5 l. &nbsp; Je nach Bestimmungsland k\u00f6nnten einige Verkaufsformate nicht erh\u00e4ltlich sein"},{"@type":"PropertyValue","name":"Supply Information","value":"Mit dem Farbmischsystem ColorLife realisierbare Farbt\u00f6ne"},{"@type":"PropertyValue","name":"Attributes_1","value":"Wei\u00dfe\/pigmentierte Grundierungen"},{"@type":"PropertyValue","name":"Attributes_2","value":"Au\u00dfenbereich"},{"@type":"PropertyValue","name":"Attributes_2","value":"Innenbereich"}],"category":[{"@type":"ProductCollection","name":"TIEFENGR\u00dcNDE","identifier":"FASSA_LINEA_FONDI_MURALI_DI_PREPARAZIONE_SISTEMA_COLORE"},{"@type":"Collection","name":"FASSACOLOUR\u00ae-System","identifier":"FASSA_SISTEMA_COLORE_FASSACOLOUR"}],"inLanguage":"de"},"_links":{"self":[{"href":"https:\/\/www.fassabortolo.it\/de\/wp-json\/wp\/v2\/product\/3498471","targetHints":{"allow":["GET"]}}],"collection":[{"href":"https:\/\/www.fassabortolo.it\/de\/wp-json\/wp\/v2\/product"}],"about":[{"href":"https:\/\/www.fassabortolo.it\/de\/wp-json\/wp\/v2\/types\/product"}],"wp:attachment":[{"href":"https:\/\/www.fassabortolo.it\/de\/wp-json\/wp\/v2\/media?parent=3498471"}],"curies":[{"name":"wp","href":"https:\/\/api.w.org\/{rel}","templated":true}]}}