{"id":3498474,"date":"2026-01-23T12:18:56","date_gmt":"2026-01-23T11:18:56","guid":{"rendered":"http:\/\/10.6.201.155\/?post_type=product&#038;p=53818"},"modified":"2026-05-15T01:21:08","modified_gmt":"2026-05-14T23:21:08","slug":"feel-unik","status":"publish","type":"product","link":"https:\/\/www.fassabortolo.it\/de\/produkte\/sistema-fassacolour\/impragnierstoffe-und-lacke\/feel-unik","title":{"rendered":"FEEL UNIK"},"content":{"rendered":"","protected":false},"featured_media":0,"template":"","class_list":["post-3498474","product","type-product","status-publish","hentry"],"acf":[],"fimg":{"url":"https:\/\/www.fassabortolo.it\/wp-content\/uploads\/media\/assets\/Feel_UNIK_2-5.jpg","alt":"FEEL UNIK"},"product_description":["Korrosionsfester wasserverd\u00fcnnbarer Universal-Haftprimer"],"ekr_hierarchy_settings":{"it":{"FASSA_LINEA_IMPREGNANTI_E_SMALTI_SISTEMA_COLORE":{"ekr_position":7}},"es":{"FASSAES_LINEA_IMPREGNANTI_E_SMALTI_SISTEMA_COLORE":{"ekr_position":1}},"lu":{"FASSA_LINEA_IMPREGNANTI_E_SMALTI_SISTEMA_COLORE":{"ekr_position":6}}},"lang":{"language_code":"de","locale":"de_DE","text_direction":false,"display_name":"Deutsch","native_name":"Tedesco","different_language":false},"systems":[{"id":3497509,"name":"FASSACOLOUR\u00ae-System","permalink":"https:\/\/www.fassabortolo.it\/de\/produkte\/sistema-fassacolour\/","slug":"sistema-fassacolour","ekr_pallet_code":"FASSA_SISTEMA_COLORE_FASSACOLOUR"}],"product_pallet_code":"PROD_FEEL_UNIK","lines":[{"id":3497459,"name":"IMPR\u00c4GNIERSTOFFE UND LACKE","permalink":"https:\/\/www.fassabortolo.it\/de\/produkte\/\/impragnierstoffe-und-lacke\/","slug":"impragnierstoffe-und-lacke","system_codes":["FASSA_SISTEMA_COLORE_FASSACOLOUR"],"ekr_pallet_code":"FASSA_LINEA_IMPREGNANTI_E_SMALTI_SISTEMA_COLORE"}],"use":["FEEL UNIK ist die ideale Grundierung f\u00fcr Anstreichzyklen mit wasserbasiertem Lack FEEL TOUCH, wenn eine geringe L\u00f6sungsmittelemission erforderlich ist. &nbsp; Findet im Innen- und Au\u00dfenbereich Verwendung auf Bauteilen aus Eisen, Stahl, verzinktem Blech, Leichtlegierungen und PVC, zumal sein hohes Haftverm\u00f6gen die Haftung der nachfolgenden Beschichtungen gew\u00e4hrleistet. &nbsp; Kann dar\u00fcber hinaus auch als Untergrundvorbereitung auf Holzoberfl\u00e4chen verwendet werden, sofern selbige nicht in direktem Kontakt mit Wasser und mit dem Erdreich stehen. &nbsp; Nicht geeignet f\u00fcr Anwendungen auf Gusseisen."],"supply":["Kartonschachteln mit 2 St\u00fcck zu jeweils 2,5 l und Kartonschachteln mit 6 St\u00fcck zu jeweils 0,75 l. &nbsp; Je nach Bestimmungsland k\u00f6nnten einige Verkaufsformate nicht erh\u00e4ltlich sein","Mit dem Farbmischsystem ColorLife realisierbare Farbt\u00f6ne"],"attributes":{"Attributes_1":{"WASSERBASIERTE GRUNDIERUNGEN UND IMPR\u00c4GNIERUNGEN":"Wasserbasierte Grundierungen und Impr\u00e4gnierungen","TRANSPARENTE GRUNDIERUNGEN":"Transparente Grundierungen"},"Attributes_2":{"AUSSENBEREICH":"Au\u00dfenbereich","INNENBEREICH":"Innenbereich"}},"___attributes":{"FASSAES":{"FASSA_SISTEMA_COLORE_FASSACOLOUR":{"Attributes_1":["Wasserbasierte Grundierungen und Impr\u00e4gnierungen","Transparente Grundierungen"],"Attributes_2":["Au\u00dfenbereich","Innenbereich"]}},"FASSA":{"FASSA_SISTEMA_COLORE_FASSACOLOUR":{"Attributes_1":["Wasserbasierte Grundierungen und Impr\u00e4gnierungen","Transparente Grundierungen"],"Attributes_2":["Au\u00dfenbereich","Innenbereich"]}}},"elastic_market_index":"it","structured_data":{"@context":"https:\/\/schema.org","@type":"Product","name":"FEEL UNIK","description":["Korrosionsfester wasserverd\u00fcnnbarer Universal-Haftprimer"],"url":"https:\/\/www.fassabortolo.it\/de\/produkte\/sistema-fassacolour\/impragnierstoffe-und-lacke\/feel-unik","identifier":"PROD_FEEL_UNIK","sku":"PROD_FEEL_UNIK","image":"https:\/\/www.fassabortolo.it\/wp-content\/uploads\/media\/assets\/Feel_UNIK_2-5.jpg","brand":{"@type":"Brand","name":"Fassa Bortolo"},"manufacturer":{"@type":"Organization","name":"Fassa Bortolo","url":"https:\/\/www.fassabortolo.it"},"additionalProperty":[{"@type":"PropertyValue","name":"Use Case 1","value":"FEEL UNIK ist die ideale Grundierung f\u00fcr Anstreichzyklen mit wasserbasiertem Lack FEEL TOUCH, wenn eine geringe L\u00f6sungsmittelemission erforderlich ist. &nbsp; Findet im Innen- und Au\u00dfenbereich Verwendung auf Bauteilen aus Eisen, Stahl, verzinktem Blech, Leichtlegierungen und PVC, zumal sein hohes Haftverm\u00f6gen die Haftung der nachfolgenden Beschichtungen gew\u00e4hrleistet. &nbsp; Kann dar\u00fcber hinaus auch als Untergrundvorbereitung auf Holzoberfl\u00e4chen verwendet werden, sofern selbige nicht in direktem Kontakt mit Wasser und mit dem Erdreich stehen. &nbsp; Nicht geeignet f\u00fcr Anwendungen auf Gusseisen."},{"@type":"PropertyValue","name":"Supply Information","value":"Kartonschachteln mit 2 St\u00fcck zu jeweils 2,5 l und Kartonschachteln mit 6 St\u00fcck zu jeweils 0,75 l. &nbsp; Je nach Bestimmungsland k\u00f6nnten einige Verkaufsformate nicht erh\u00e4ltlich sein"},{"@type":"PropertyValue","name":"Supply Information","value":"Mit dem Farbmischsystem ColorLife realisierbare Farbt\u00f6ne"},{"@type":"PropertyValue","name":"Attributes_1","value":"Wasserbasierte Grundierungen und Impr\u00e4gnierungen"},{"@type":"PropertyValue","name":"Attributes_1","value":"Transparente Grundierungen"},{"@type":"PropertyValue","name":"Attributes_2","value":"Au\u00dfenbereich"},{"@type":"PropertyValue","name":"Attributes_2","value":"Innenbereich"}],"category":[{"@type":"ProductCollection","name":"IMPR\u00c4GNIERSTOFFE UND LACKE","identifier":"FASSA_LINEA_IMPREGNANTI_E_SMALTI_SISTEMA_COLORE"},{"@type":"Collection","name":"FASSACOLOUR\u00ae-System","identifier":"FASSA_SISTEMA_COLORE_FASSACOLOUR"}],"inLanguage":"de"},"_links":{"self":[{"href":"https:\/\/www.fassabortolo.it\/de\/wp-json\/wp\/v2\/product\/3498474","targetHints":{"allow":["GET"]}}],"collection":[{"href":"https:\/\/www.fassabortolo.it\/de\/wp-json\/wp\/v2\/product"}],"about":[{"href":"https:\/\/www.fassabortolo.it\/de\/wp-json\/wp\/v2\/types\/product"}],"wp:attachment":[{"href":"https:\/\/www.fassabortolo.it\/de\/wp-json\/wp\/v2\/media?parent=3498474"}],"curies":[{"name":"wp","href":"https:\/\/api.w.org\/{rel}","templated":true}]}}