{"id":3498475,"date":"2026-01-23T12:18:35","date_gmt":"2026-01-23T11:18:35","guid":{"rendered":"http:\/\/10.6.201.155\/?post_type=product&#038;p=53822"},"modified":"2026-05-15T01:23:52","modified_gmt":"2026-05-14T23:23:52","slug":"flexytherm-11","status":"publish","type":"product","link":"https:\/\/www.fassabortolo.it\/de\/produkte\/sistema-isolamento-termico-fassatherm\/kleber-und-spachtelmassen\/flexytherm-11","title":{"rendered":"FLEXYTHERM 11"},"content":{"rendered":"","protected":false},"featured_media":0,"template":"","class_list":["post-3498475","product","type-product","status-publish","hentry"],"acf":[],"fimg":{"url":"https:\/\/www.fassabortolo.it\/wp-content\/uploads\/media\/assets\/Flexytherm_11.jpg","alt":"FLEXYTHERM 11"},"product_description":["Gebrauchsfertiger faserverg\u00fcteter Spachtel in Paste"],"ekr_hierarchy_settings":{"it":{"FASSA_LINEA_COLLANTI_E_RASANTI_SISTEMA_ISOLAMENTO":{"ekr_position":6}},"ch":{"FASSA_LINEA_COLLANTI_E_RASANTI_SISTEMA_ISOLAMENTO":{"ekr_position":1}},"es":{"FASSAES_LINEA_COLLANTI_E_RASANTI_SISTEMA_ISOLAMENTO":{"ekr_position":1}},"lu":{"FASSA_LINEA_COLLANTI_E_RASANTI_SISTEMA_ISOLAMENTO":{"ekr_position":1}}},"lang":{"language_code":"de","locale":"de_DE","text_direction":false,"display_name":"Deutsch","native_name":"Tedesco","different_language":false},"systems":[{"id":3497519,"name":"W\u00c4RMED\u00c4MMVERBUNDSYSTEM FASSATHERM\u00ae","permalink":"https:\/\/www.fassabortolo.it\/de\/produkte\/sistema-isolamento-termico-fassatherm\/","slug":"sistema-isolamento-termico-fassatherm","ekr_pallet_code":"FASSA_SISTEMA_ISOLAMENTO_TERMICO_FASSATHERM"}],"product_pallet_code":"PROD_FLEXYTHERM_11","lines":[{"id":3497456,"name":"KLEBER UND SPACHTELMASSEN","permalink":"https:\/\/www.fassabortolo.it\/de\/produkte\/\/kleber-und-spachtelmassen\/","slug":"kleber-und-spachtelmassen","system_codes":["FASSA_SISTEMA_ISOLAMENTO_TERMICO_FASSATHERM"],"ekr_pallet_code":"FASSA_LINEA_COLLANTI_E_RASANTI_SISTEMA_ISOLAMENTO"}],"use":["FLEXYTHERM 11 wird zur Herstellung von Armierspachtelungen mit hoher Sto\u00dffestigkeit bei W\u00e4rmed\u00e4mmverbundsystemen mit EPS-Platten verwendet. &nbsp; Kann als Armierspachtelung zur Sanierung synthetischer Beschichtungen verwendet werden, ebenfalls f\u00fcr Spachtelungen auf Beton."],"supply":["Abpackungen zu 25 kg","Farbe: &nbsp; neutral"],"attributes":{"Attributes_1":[],"Attributes_2":{"AUSSENBEREICH":"Au\u00dfenbereich"}},"___attributes":{"FASSAES":{"FASSA_SISTEMA_ISOLAMENTO_TERMICO_FASSATHERM":{"Attributes_2":["Au\u00dfenbereich"]}},"FASSA":{"FASSA_SISTEMA_ISOLAMENTO_TERMICO_FASSATHERM":{"Attributes_2":["Au\u00dfenbereich"]}}},"elastic_market_index":"it","structured_data":{"@context":"https:\/\/schema.org","@type":"Product","name":"FLEXYTHERM 11","description":["Gebrauchsfertiger faserverg\u00fcteter Spachtel in Paste"],"url":"https:\/\/www.fassabortolo.it\/de\/produkte\/sistema-isolamento-termico-fassatherm\/kleber-und-spachtelmassen\/flexytherm-11","identifier":"PROD_FLEXYTHERM_11","sku":"PROD_FLEXYTHERM_11","image":"https:\/\/www.fassabortolo.it\/wp-content\/uploads\/media\/assets\/Flexytherm_11.jpg","brand":{"@type":"Brand","name":"Fassa Bortolo"},"manufacturer":{"@type":"Organization","name":"Fassa Bortolo","url":"https:\/\/www.fassabortolo.it"},"additionalProperty":[{"@type":"PropertyValue","name":"Use Case 1","value":"FLEXYTHERM 11 wird zur Herstellung von Armierspachtelungen mit hoher Sto\u00dffestigkeit bei W\u00e4rmed\u00e4mmverbundsystemen mit EPS-Platten verwendet. &nbsp; Kann als Armierspachtelung zur Sanierung synthetischer Beschichtungen verwendet werden, ebenfalls f\u00fcr Spachtelungen auf Beton."},{"@type":"PropertyValue","name":"Supply Information","value":"Abpackungen zu 25 kg"},{"@type":"PropertyValue","name":"Supply Information","value":"Farbe: &nbsp; neutral"},{"@type":"PropertyValue","name":"Attributes_2","value":"Au\u00dfenbereich"}],"category":[{"@type":"ProductCollection","name":"KLEBER UND SPACHTELMASSEN","identifier":"FASSA_LINEA_COLLANTI_E_RASANTI_SISTEMA_ISOLAMENTO"},{"@type":"Collection","name":"W\u00c4RMED\u00c4MMVERBUNDSYSTEM FASSATHERM\u00ae","identifier":"FASSA_SISTEMA_ISOLAMENTO_TERMICO_FASSATHERM"}],"inLanguage":"de"},"_links":{"self":[{"href":"https:\/\/www.fassabortolo.it\/de\/wp-json\/wp\/v2\/product\/3498475","targetHints":{"allow":["GET"]}}],"collection":[{"href":"https:\/\/www.fassabortolo.it\/de\/wp-json\/wp\/v2\/product"}],"about":[{"href":"https:\/\/www.fassabortolo.it\/de\/wp-json\/wp\/v2\/types\/product"}],"wp:attachment":[{"href":"https:\/\/www.fassabortolo.it\/de\/wp-json\/wp\/v2\/media?parent=3498475"}],"curies":[{"name":"wp","href":"https:\/\/api.w.org\/{rel}","templated":true}]}}