{"id":3498476,"date":"2026-01-23T12:18:06","date_gmt":"2026-01-23T11:18:06","guid":{"rendered":"http:\/\/10.6.201.155\/?post_type=product&#038;p=53823"},"modified":"2026-04-23T10:34:31","modified_gmt":"2026-04-23T08:34:31","slug":"fassil-r-336","status":"publish","type":"product","link":"https:\/\/www.fassabortolo.it\/de\/produkte\/sistema-fassacolour\/strukturbeschichtungen\/fassil-r-336","title":{"rendered":"FASSIL R 336"},"content":{"rendered":"","protected":false},"featured_media":0,"template":"","class_list":["post-3498476","product","type-product","status-publish","hentry"],"acf":[],"fimg":{"url":"https:\/\/www.fassabortolo.it\/wp-content\/uploads\/media\/assets\/FASSIL_R_336.jpg","alt":"FASSIL R 336"},"product_description":["Mineralischer Strukturdeckputz auf Silikatbasis, in Vollabrieb"],"ekr_hierarchy_settings":{"it":{"FASSA_LINEA_RIVESTIMENTI_A_SPESSORE_SISTEMA_COLORE":{"ekr_position":3}},"ch":{"FASSA_LINEA_RIVESTIMENTI_A_SPESSORE_SISTEMA_COLORE":{"ekr_position":0}},"es":{"FASSAES_LINEA_RIVESTIMENTI_A_SPESSORE_SISTEMA_COLORE":{"ekr_position":0}},"lu":{"FASSA_LINEA_RIVESTIMENTI_A_SPESSORE_SISTEMA_COLORE":{"ekr_position":0}}},"lang":{"language_code":"de","locale":"de_DE","text_direction":false,"display_name":"Deutsch","native_name":"Tedesco","different_language":false},"systems":[{"id":3497509,"name":"FASSACOLOUR\u00ae-System","permalink":"https:\/\/www.fassabortolo.it\/de\/produkte\/sistema-fassacolour\/","slug":"sistema-fassacolour","ekr_pallet_code":"FASSA_SISTEMA_COLORE_FASSACOLOUR"}],"product_pallet_code":"PROD_FASSIL_R_336","lines":[{"id":3497506,"name":"STRUKTURBESCHICHTUNGEN","permalink":"https:\/\/www.fassabortolo.it\/de\/produkte\/\/strukturbeschichtungen\/","slug":"strukturbeschichtungen","system_codes":["FASSA_SISTEMA_COLORE_FASSACOLOUR"],"ekr_pallet_code":"FASSA_LINEA_RIVESTIMENTI_A_SPESSORE_SISTEMA_COLORE"}],"use":["FASSIL R 336 wird als mineralische Schutz- und Dekorbeschichtung in wei\u00df und farbig verwendete, auf Grundputzen auf Kalk-Zementbasis, auf makropor\u00f6sen Putzen, auf W\u00e4rmed\u00e4mmputzen und auf W\u00e4rmed\u00e4mmverbundsystemen.","Die Natur der verwendeten Rohstoffe erm\u00f6glicht einen fachgerechten Schutz der Grundputze und ein Beibehalten der Diffusionsoffenheit des Mauerwerks."],"supply":["Abpackungen zu 25 kg. &nbsp; Abpackungen zu 3 kg mit der Korngr\u00f6\u00dfe 1,5 mm (Grundton pastell). &nbsp; Je nach Bestimmungsland k\u00f6nnten einige Verkaufsformate nicht erh\u00e4ltlich sein","Mit dem Farbmischsystem ColorLife realisierbare Farbt\u00f6ne"],"attributes":{"Attributes_1":{"DIFFUSIONSOFFENE WASSERBASIERTE ANSTRICHE":"Diffusionsoffene wasserbasierte Anstriche"},"Attributes_2":{"AUSSENBEREICH":"Au\u00dfenbereich"}},"___attributes":{"FASSAES":{"FASSA_SISTEMA_COLORE_FASSACOLOUR":{"Attributes_1":["Diffusionsoffene wasserbasierte Anstriche"],"Attributes_2":["Au\u00dfenbereich"]}},"FASSA":{"FASSA_SISTEMA_COLORE_FASSACOLOUR":{"Attributes_1":["Diffusionsoffene wasserbasierte Anstriche"],"Attributes_2":["Au\u00dfenbereich"]}}},"elastic_market_index":"it","structured_data":{"@context":"https:\/\/schema.org","@type":"Product","name":"FASSIL R 336","description":["Mineralischer Strukturdeckputz auf Silikatbasis, in Vollabrieb"],"url":"https:\/\/www.fassabortolo.it\/de\/produkte\/sistema-fassacolour\/strukturbeschichtungen\/fassil-r-336","identifier":"PROD_FASSIL_R_336","sku":"PROD_FASSIL_R_336","image":"https:\/\/www.fassabortolo.it\/wp-content\/uploads\/media\/assets\/FASSIL_R_336.jpg","brand":{"@type":"Brand","name":"Fassa Bortolo"},"manufacturer":{"@type":"Organization","name":"Fassa Bortolo","url":"https:\/\/www.fassabortolo.it"},"additionalProperty":[{"@type":"PropertyValue","name":"Use Case 1","value":"FASSIL R 336 wird als mineralische Schutz- und Dekorbeschichtung in wei\u00df und farbig verwendete, auf Grundputzen auf Kalk-Zementbasis, auf makropor\u00f6sen Putzen, auf W\u00e4rmed\u00e4mmputzen und auf W\u00e4rmed\u00e4mmverbundsystemen."},{"@type":"PropertyValue","name":"Use Case 2","value":"Die Natur der verwendeten Rohstoffe erm\u00f6glicht einen fachgerechten Schutz der Grundputze und ein Beibehalten der Diffusionsoffenheit des Mauerwerks."},{"@type":"PropertyValue","name":"Supply Information","value":"Abpackungen zu 25 kg. &nbsp; Abpackungen zu 3 kg mit der Korngr\u00f6\u00dfe 1,5 mm (Grundton pastell). &nbsp; Je nach Bestimmungsland k\u00f6nnten einige Verkaufsformate nicht erh\u00e4ltlich sein"},{"@type":"PropertyValue","name":"Supply Information","value":"Mit dem Farbmischsystem ColorLife realisierbare Farbt\u00f6ne"},{"@type":"PropertyValue","name":"Attributes_1","value":"Diffusionsoffene wasserbasierte Anstriche"},{"@type":"PropertyValue","name":"Attributes_2","value":"Au\u00dfenbereich"}],"category":[{"@type":"ProductCollection","name":"STRUKTURBESCHICHTUNGEN","identifier":"FASSA_LINEA_RIVESTIMENTI_A_SPESSORE_SISTEMA_COLORE"},{"@type":"Collection","name":"FASSACOLOUR\u00ae-System","identifier":"FASSA_SISTEMA_COLORE_FASSACOLOUR"}],"inLanguage":"de"},"_links":{"self":[{"href":"https:\/\/www.fassabortolo.it\/de\/wp-json\/wp\/v2\/product\/3498476","targetHints":{"allow":["GET"]}}],"collection":[{"href":"https:\/\/www.fassabortolo.it\/de\/wp-json\/wp\/v2\/product"}],"about":[{"href":"https:\/\/www.fassabortolo.it\/de\/wp-json\/wp\/v2\/types\/product"}],"wp:attachment":[{"href":"https:\/\/www.fassabortolo.it\/de\/wp-json\/wp\/v2\/media?parent=3498476"}],"curies":[{"name":"wp","href":"https:\/\/api.w.org\/{rel}","templated":true}]}}