{"id":3498477,"date":"2026-01-23T12:20:36","date_gmt":"2026-01-23T11:20:36","guid":{"rendered":"http:\/\/10.6.201.155\/?post_type=product&#038;p=53831"},"modified":"2026-05-15T01:22:50","modified_gmt":"2026-05-14T23:22:50","slug":"f-ground-07","status":"publish","type":"product","link":"https:\/\/www.fassabortolo.it\/de\/produkte\/sistema-fassacolour\/tiefengrunde\/f-ground-07","title":{"rendered":"F GROUND 07"},"content":{"rendered":"","protected":false},"featured_media":0,"template":"","class_list":["post-3498477","product","type-product","status-publish","hentry"],"acf":[],"fimg":{"url":"https:\/\/www.fassabortolo.it\/wp-content\/uploads\/media\/assets\/F_GROUND_07.jpg","alt":"F GROUND 07"},"product_description":["Faserverst\u00e4rkter F\u00fcllgrund f\u00fcr Fassenden"],"ekr_hierarchy_settings":{"it":{"FASSA_LINEA_FONDI_MURALI_DI_PREPARAZIONE_SISTEMA_COLORE":{"ekr_position":7}},"ch":{"FASSA_LINEA_FONDI_MURALI_DI_PREPARAZIONE_SISTEMA_COLORE":{"ekr_position":3}},"lu":{"FASSA_LINEA_FONDI_MURALI_DI_PREPARAZIONE_SISTEMA_COLORE":{"ekr_position":3}}},"lang":{"language_code":"de","locale":"de_DE","text_direction":false,"display_name":"Deutsch","native_name":"Tedesco","different_language":false},"systems":[{"id":3497509,"name":"FASSACOLOUR\u00ae-System","permalink":"https:\/\/www.fassabortolo.it\/de\/produkte\/sistema-fassacolour\/","slug":"sistema-fassacolour","ekr_pallet_code":"FASSA_SISTEMA_COLORE_FASSACOLOUR"}],"product_pallet_code":"PROD_F_GROUND_07","lines":[{"id":3497461,"name":"TIEFENGR\u00dcNDE","permalink":"https:\/\/www.fassabortolo.it\/de\/produkte\/\/tiefengrunde\/","slug":"tiefengrunde","system_codes":["FASSA_SISTEMA_COLORE_FASSACOLOUR"],"ekr_pallet_code":"FASSA_LINEA_FONDI_MURALI_DI_PREPARAZIONE_SISTEMA_COLORE"}],"use":["F GROUND 07 findet im Au\u00dfen- und Innenbereich Verwendung als faserverg\u00fcteter Universal-Grundanstrich, vor dem Anstreichen mit Acryl-, &nbsp; F GROUND 07 eignet sich f\u00fcr den Auftrag auf Deckputzen auf Zementbasis und f\u00fcr den Ausgleich kleinerer Unregelm\u00e4\u00dfigkeiten auf Wandoberfl\u00e4chen."],"supply":["Abpackungen zu 14 l","Farbe: wei\u00df"],"attributes":{"Attributes_1":{"WEISSE\/PIGMENTIERTE GRUNDIERUNGEN":"Wei\u00dfe\/pigmentierte Grundierungen"},"Attributes_2":{"AUSSENBEREICH":"Au\u00dfenbereich","INNENBEREICH":"Innenbereich"}},"___attributes":{"FASSA":{"FASSA_SISTEMA_COLORE_FASSACOLOUR":{"Attributes_1":["Wei\u00dfe\/pigmentierte Grundierungen"],"Attributes_2":["Au\u00dfenbereich","Innenbereich"]}}},"elastic_market_index":"it","structured_data":{"@context":"https:\/\/schema.org","@type":"Product","name":"F GROUND 07","description":["Faserverst\u00e4rkter F\u00fcllgrund f\u00fcr Fassenden"],"url":"https:\/\/www.fassabortolo.it\/de\/produkte\/sistema-fassacolour\/tiefengrunde\/f-ground-07","identifier":"PROD_F_GROUND_07","sku":"PROD_F_GROUND_07","image":"https:\/\/www.fassabortolo.it\/wp-content\/uploads\/media\/assets\/F_GROUND_07.jpg","brand":{"@type":"Brand","name":"Fassa Bortolo"},"manufacturer":{"@type":"Organization","name":"Fassa Bortolo","url":"https:\/\/www.fassabortolo.it"},"additionalProperty":[{"@type":"PropertyValue","name":"Use Case 1","value":"F GROUND 07 findet im Au\u00dfen- und Innenbereich Verwendung als faserverg\u00fcteter Universal-Grundanstrich, vor dem Anstreichen mit Acryl-, &nbsp; F GROUND 07 eignet sich f\u00fcr den Auftrag auf Deckputzen auf Zementbasis und f\u00fcr den Ausgleich kleinerer Unregelm\u00e4\u00dfigkeiten auf Wandoberfl\u00e4chen."},{"@type":"PropertyValue","name":"Supply Information","value":"Abpackungen zu 14 l"},{"@type":"PropertyValue","name":"Supply Information","value":"Farbe: wei\u00df"},{"@type":"PropertyValue","name":"Attributes_1","value":"Wei\u00dfe\/pigmentierte Grundierungen"},{"@type":"PropertyValue","name":"Attributes_2","value":"Au\u00dfenbereich"},{"@type":"PropertyValue","name":"Attributes_2","value":"Innenbereich"}],"category":[{"@type":"ProductCollection","name":"TIEFENGR\u00dcNDE","identifier":"FASSA_LINEA_FONDI_MURALI_DI_PREPARAZIONE_SISTEMA_COLORE"},{"@type":"Collection","name":"FASSACOLOUR\u00ae-System","identifier":"FASSA_SISTEMA_COLORE_FASSACOLOUR"}],"inLanguage":"de"},"_links":{"self":[{"href":"https:\/\/www.fassabortolo.it\/de\/wp-json\/wp\/v2\/product\/3498477","targetHints":{"allow":["GET"]}}],"collection":[{"href":"https:\/\/www.fassabortolo.it\/de\/wp-json\/wp\/v2\/product"}],"about":[{"href":"https:\/\/www.fassabortolo.it\/de\/wp-json\/wp\/v2\/types\/product"}],"wp:attachment":[{"href":"https:\/\/www.fassabortolo.it\/de\/wp-json\/wp\/v2\/media?parent=3498477"}],"curies":[{"name":"wp","href":"https:\/\/api.w.org\/{rel}","templated":true}]}}