{"id":3498479,"date":"2026-01-23T12:21:10","date_gmt":"2026-01-23T11:21:10","guid":{"rendered":"http:\/\/10.6.201.155\/?post_type=product&#038;p=53840"},"modified":"2026-05-15T01:23:40","modified_gmt":"2026-05-14T23:23:40","slug":"fond-elast-223","status":"publish","type":"product","link":"https:\/\/www.fassabortolo.it\/de\/produkte\/sistema-fassacolour\/tiefengrunde\/fond-elast-223","title":{"rendered":"FOND-ELAST 223"},"content":{"rendered":"","protected":false},"featured_media":0,"template":"","class_list":["post-3498479","product","type-product","status-publish","hentry"],"acf":[],"fimg":{"url":"https:\/\/www.fassabortolo.it\/wp-content\/uploads\/media\/assets\/FOND_ELAST_223.jpg","alt":"FOND-ELAST 223"},"product_description":["Elastomergrundierung auf Acryl-Syloxanbasis"],"ekr_hierarchy_settings":{"it":{"FASSA_LINEA_FONDI_MURALI_DI_PREPARAZIONE_SISTEMA_COLORE":{"ekr_position":9}},"es":{"FASSAES_LINEA_FONDI_MURALI_DI_PREPARAZIONE_SISTEMA_COLORE":{"ekr_position":6}},"lu":{"FASSA_LINEA_FONDI_MURALI_DI_PREPARAZIONE_SISTEMA_COLORE":{"ekr_position":7}}},"lang":{"language_code":"de","locale":"de_DE","text_direction":false,"display_name":"Deutsch","native_name":"Tedesco","different_language":false},"systems":[{"id":3497509,"name":"FASSACOLOUR\u00ae-System","permalink":"https:\/\/www.fassabortolo.it\/de\/produkte\/sistema-fassacolour\/","slug":"sistema-fassacolour","ekr_pallet_code":"FASSA_SISTEMA_COLORE_FASSACOLOUR"}],"product_pallet_code":"PROD_FOND_ELAST_223","lines":[{"id":3497461,"name":"TIEFENGR\u00dcNDE","permalink":"https:\/\/www.fassabortolo.it\/de\/produkte\/\/tiefengrunde\/","slug":"tiefengrunde","system_codes":["FASSA_SISTEMA_COLORE_FASSACOLOUR"],"ekr_pallet_code":"FASSA_LINEA_FONDI_MURALI_DI_PREPARAZIONE_SISTEMA_COLORE"}],"use":["FOND-ELAST 223 ist eine elastomerische und ausgleichende Grundierung mit Feinputz-Optik f\u00fcr den Au\u00dfenbereich, sie verf\u00fcgt \u00fcber gro\u00dfe F\u00fcllkraft und Wasserabweisung. &nbsp; Geeignet f\u00fcr die Anwendung auf Oberputzen aller Art auf Kalk-Zementbasis, um langfristig ein Auftreten von oberfl\u00e4chlichen Mikrorissen zu minimieren (maximales Ausma\u00df 0,3 mm). &nbsp; Kann ein- oder mehrschichtig vor den Anstreichzyklen mit Elastikanstrich PE 224 ELAST aufgetragen werden, sowohl als Pr\u00e4ventivma\u00dfnahme als auch zur L\u00f6sung eines bereits aufgetretenen Problems."],"supply":["Abpackungen zu 14 l","Farbe: wei\u00df"],"attributes":{"Attributes_1":{"WEISSE\/PIGMENTIERTE GRUNDIERUNGEN":"Wei\u00dfe\/pigmentierte Grundierungen"},"Attributes_2":{"AUSSENBEREICH":"Au\u00dfenbereich"}},"___attributes":{"FASSAES":{"FASSA_SISTEMA_COLORE_FASSACOLOUR":{"Attributes_1":["Wei\u00dfe\/pigmentierte Grundierungen"],"Attributes_2":["Au\u00dfenbereich"]}},"FASSA":{"FASSA_SISTEMA_COLORE_FASSACOLOUR":{"Attributes_1":["Wei\u00dfe\/pigmentierte Grundierungen"],"Attributes_2":["Au\u00dfenbereich"]}}},"elastic_market_index":"it","structured_data":{"@context":"https:\/\/schema.org","@type":"Product","name":"FOND-ELAST 223","description":["Elastomergrundierung auf Acryl-Syloxanbasis"],"url":"https:\/\/www.fassabortolo.it\/de\/produkte\/sistema-fassacolour\/tiefengrunde\/fond-elast-223","identifier":"PROD_FOND_ELAST_223","sku":"PROD_FOND_ELAST_223","image":"https:\/\/www.fassabortolo.it\/wp-content\/uploads\/media\/assets\/FOND_ELAST_223.jpg","brand":{"@type":"Brand","name":"Fassa Bortolo"},"manufacturer":{"@type":"Organization","name":"Fassa Bortolo","url":"https:\/\/www.fassabortolo.it"},"additionalProperty":[{"@type":"PropertyValue","name":"Use Case 1","value":"FOND-ELAST 223 ist eine elastomerische und ausgleichende Grundierung mit Feinputz-Optik f\u00fcr den Au\u00dfenbereich, sie verf\u00fcgt \u00fcber gro\u00dfe F\u00fcllkraft und Wasserabweisung. &nbsp; Geeignet f\u00fcr die Anwendung auf Oberputzen aller Art auf Kalk-Zementbasis, um langfristig ein Auftreten von oberfl\u00e4chlichen Mikrorissen zu minimieren (maximales Ausma\u00df 0,3 mm). &nbsp; Kann ein- oder mehrschichtig vor den Anstreichzyklen mit Elastikanstrich PE 224 ELAST aufgetragen werden, sowohl als Pr\u00e4ventivma\u00dfnahme als auch zur L\u00f6sung eines bereits aufgetretenen Problems."},{"@type":"PropertyValue","name":"Supply Information","value":"Abpackungen zu 14 l"},{"@type":"PropertyValue","name":"Supply Information","value":"Farbe: wei\u00df"},{"@type":"PropertyValue","name":"Attributes_1","value":"Wei\u00dfe\/pigmentierte Grundierungen"},{"@type":"PropertyValue","name":"Attributes_2","value":"Au\u00dfenbereich"}],"category":[{"@type":"ProductCollection","name":"TIEFENGR\u00dcNDE","identifier":"FASSA_LINEA_FONDI_MURALI_DI_PREPARAZIONE_SISTEMA_COLORE"},{"@type":"Collection","name":"FASSACOLOUR\u00ae-System","identifier":"FASSA_SISTEMA_COLORE_FASSACOLOUR"}],"inLanguage":"de"},"_links":{"self":[{"href":"https:\/\/www.fassabortolo.it\/de\/wp-json\/wp\/v2\/product\/3498479","targetHints":{"allow":["GET"]}}],"collection":[{"href":"https:\/\/www.fassabortolo.it\/de\/wp-json\/wp\/v2\/product"}],"about":[{"href":"https:\/\/www.fassabortolo.it\/de\/wp-json\/wp\/v2\/types\/product"}],"wp:attachment":[{"href":"https:\/\/www.fassabortolo.it\/de\/wp-json\/wp\/v2\/media?parent=3498479"}],"curies":[{"name":"wp","href":"https:\/\/api.w.org\/{rel}","templated":true}]}}