{"id":3498485,"date":"2026-01-23T12:23:33","date_gmt":"2026-01-23T11:23:33","guid":{"rendered":"http:\/\/10.6.201.155\/?post_type=product&#038;p=53860"},"modified":"2026-04-23T10:34:53","modified_gmt":"2026-04-23T08:34:53","slug":"geoactive-fluid-b-530-c","status":"publish","type":"product","link":"https:\/\/www.fassabortolo.it\/de\/produkte\/betoninstandsetzungs-system\/fliessfahige-produkte\/geoactive-fluid-b-530-c","title":{"rendered":"GEOACTIVE FLUID B 530 C"},"content":{"rendered":"","protected":false},"featured_media":0,"template":"","class_list":["post-3498485","product","type-product","status-publish","hentry"],"acf":[],"fimg":{"url":"https:\/\/www.fassabortolo.it\/wp-content\/uploads\/media\/assets\/Geoactive_FLUID_B%20530_C.jpg","alt":"GEOACTIVE FLUID B 530 C"},"product_description":["Zementgebundener quellender M\u00f6rtel mit steuerbarer Rheologie von fl\u00fcssig bis suprafluid und mit hohen mechanischen Leistungseigenschaften, f\u00fcr die Instandsetzung und Verst\u00e4rkung von Bauwerken aus Stahlbeton sowie f\u00fcr Pr\u00e4zisionsanker und Verankerungen."],"ekr_hierarchy_settings":{"it":{"FASSA_LINEA_PRODOTTI_COLABILI_SISTEMA_RIPRISTINO":{"ekr_position":0}},"ch":{"FASSA_LINEA_PRODOTTI_COLABILI_SISTEMA_RIPRISTINO":{"ekr_position":0}},"fr":{"FASSAFR_LINEA_PRODOTTI_TRADIZIONALI_SISTEMA_RISANAMENTO":{"ekr_position":0}},"es":{"FASSAES_LINEA_PRODOTTI_COLABILI_SISTEMA_RIPRISTINO":{"ekr_position":0}},"lu":{"FASSA_LINEA_PRODOTTI_COLABILI_SISTEMA_RIPRISTINO":{"ekr_position":0}}},"lang":{"language_code":"de","locale":"de_DE","text_direction":false,"display_name":"Deutsch","native_name":"Tedesco","different_language":false},"systems":[{"id":3497516,"name":"BETONINSTANDSETZUNGS-SYSTEM","permalink":"https:\/\/www.fassabortolo.it\/de\/produkte\/betoninstandsetzungs-system\/","slug":"betoninstandsetzungs-system","ekr_pallet_code":"FASSA_SISTEMA_RIPRISTINO_DEL_CALCESTRUZZO"}],"product_pallet_code":"PROD_GEOACTIVE_FLUID_B_530_C","lines":[{"id":3497476,"name":"FLIESSF\u00c4HIGE PRODUKTE","permalink":"https:\/\/www.fassabortolo.it\/de\/produkte\/\/fliessfahige-produkte\/","slug":"fliessfahige-produkte","system_codes":["FASSA_SISTEMA_RIPRISTINO_DEL_CALCESTRUZZO"],"ekr_pallet_code":"FASSA_LINEA_PRODOTTI_COLABILI_SISTEMA_RIPRISTINO"}],"use":["Mit flie\u00dff\u00e4higer Konsistenz anger\u00fchrter GEOACTIVE FLUID B 530 C eignet sich f\u00fcr die Instandsetzung von schadhaftem Beton, f\u00fcr strukturelle Verst\u00e4rkungseingriffe mit erg\u00e4nzender Bewehrung, f\u00fcr Instandsetzungsarbeiten, die einen Schutz des Betons vor Sulfatangriffen erfordern und im Allgemeinen f\u00fcr all jene F\u00e4lle, wo Schichtst\u00e4rke und Beschaffenheit des Bauwerks den Einsatz eines Hochleistungs-Vergussm\u00f6rtels erfordern. &nbsp; Wird ferner f\u00fcr die Instandsetzung und die Wiederherstellung der \u00dcberdeckung von Armierungseisen im Stahlbeton, f\u00fcr die Verdickung von Stahlbetonpfeilern und f\u00fcr die Festverankerung von Pfeilern an den Basissockeln verwendet.","GEOACTIVE FLUID B 530 C eignet sich, bei suprafluider Konsistenz, dank \u00e4u\u00dferst hoher Fluidit\u00e4t und hohem Gleitverhalten sowie dem vollst\u00e4ndigen Ausbleiben von Betonbluten und Entmischung, zur Pr\u00e4zisionsverankerung (mit Schichtst\u00e4rken im Zentimeterbereich) von Maschinen und Metallbauteilen. &nbsp; Die hohe Flie\u00dff\u00e4higkeit auch in engsten Bereichen und bei verwinkelten Baugeometrien und die perfekte Verf\u00fcllung von Hohlr\u00e4umen verleiht ihm die besondere Eignung f\u00fcr schwierige Einsatzbereiche wie Pr\u00e4zisionsverankerungen mit Unterf\u00fcllung.","GEOACTIVE FLUID B 530 C wird auf Betonbauwerke mit Schichtst\u00e4rken von mehr als 10 mm aufgetragen."],"supply":["In feuchtigkeitsgesch\u00fctzten Spezials\u00e4cken zu ca. 25 kg"],"attributes":{"Attributes_1":{"R3\/R4 M\u00d6RTEL":"R3\/R4 m\u00f6rtel"},"Attributes_2":{"AUSSENBEREICH":"Au\u00dfenbereich","INNENBEREICH":"Innenbereich"}},"___attributes":{"FASSAES":{"FASSA_SISTEMA_RIPRISTINO_DEL_CALCESTRUZZO":{"Attributes_1":["R3\/R4 m\u00f6rtel"],"Attributes_2":["Au\u00dfenbereich","Innenbereich"]}},"FASSA":{"FASSA_SISTEMA_RIPRISTINO_DEL_CALCESTRUZZO":{"Attributes_1":["R3\/R4 m\u00f6rtel"],"Attributes_2":["Au\u00dfenbereich","Innenbereich"]}}},"elastic_market_index":"it","structured_data":{"@context":"https:\/\/schema.org","@type":"Product","name":"GEOACTIVE FLUID B 530 C","description":["Zementgebundener quellender M\u00f6rtel mit steuerbarer Rheologie von fl\u00fcssig bis suprafluid und mit hohen mechanischen Leistungseigenschaften, f\u00fcr die Instandsetzung und Verst\u00e4rkung von Bauwerken aus Stahlbeton sowie f\u00fcr Pr\u00e4zisionsanker und Verankerungen."],"url":"https:\/\/www.fassabortolo.it\/de\/produkte\/betoninstandsetzungs-system\/fliessfahige-produkte\/geoactive-fluid-b-530-c","identifier":"PROD_GEOACTIVE_FLUID_B_530_C","sku":"PROD_GEOACTIVE_FLUID_B_530_C","image":"https:\/\/www.fassabortolo.it\/wp-content\/uploads\/media\/assets\/Geoactive_FLUID_B%20530_C.jpg","brand":{"@type":"Brand","name":"Fassa Bortolo"},"manufacturer":{"@type":"Organization","name":"Fassa Bortolo","url":"https:\/\/www.fassabortolo.it"},"additionalProperty":[{"@type":"PropertyValue","name":"Use Case 1","value":"Mit flie\u00dff\u00e4higer Konsistenz anger\u00fchrter GEOACTIVE FLUID B 530 C eignet sich f\u00fcr die Instandsetzung von schadhaftem Beton, f\u00fcr strukturelle Verst\u00e4rkungseingriffe mit erg\u00e4nzender Bewehrung, f\u00fcr Instandsetzungsarbeiten, die einen Schutz des Betons vor Sulfatangriffen erfordern und im Allgemeinen f\u00fcr all jene F\u00e4lle, wo Schichtst\u00e4rke und Beschaffenheit des Bauwerks den Einsatz eines Hochleistungs-Vergussm\u00f6rtels erfordern. &nbsp; Wird ferner f\u00fcr die Instandsetzung und die Wiederherstellung der \u00dcberdeckung von Armierungseisen im Stahlbeton, f\u00fcr die Verdickung von Stahlbetonpfeilern und f\u00fcr die Festverankerung von Pfeilern an den Basissockeln verwendet."},{"@type":"PropertyValue","name":"Use Case 2","value":"GEOACTIVE FLUID B 530 C eignet sich, bei suprafluider Konsistenz, dank \u00e4u\u00dferst hoher Fluidit\u00e4t und hohem Gleitverhalten sowie dem vollst\u00e4ndigen Ausbleiben von Betonbluten und Entmischung, zur Pr\u00e4zisionsverankerung (mit Schichtst\u00e4rken im Zentimeterbereich) von Maschinen und Metallbauteilen. &nbsp; Die hohe Flie\u00dff\u00e4higkeit auch in engsten Bereichen und bei verwinkelten Baugeometrien und die perfekte Verf\u00fcllung von Hohlr\u00e4umen verleiht ihm die besondere Eignung f\u00fcr schwierige Einsatzbereiche wie Pr\u00e4zisionsverankerungen mit Unterf\u00fcllung."},{"@type":"PropertyValue","name":"Use Case 3","value":"GEOACTIVE FLUID B 530 C wird auf Betonbauwerke mit Schichtst\u00e4rken von mehr als 10 mm aufgetragen."},{"@type":"PropertyValue","name":"Supply Information","value":"In feuchtigkeitsgesch\u00fctzten Spezials\u00e4cken zu ca. 25 kg"},{"@type":"PropertyValue","name":"Attributes_1","value":"R3\/R4 m\u00f6rtel"},{"@type":"PropertyValue","name":"Attributes_2","value":"Au\u00dfenbereich"},{"@type":"PropertyValue","name":"Attributes_2","value":"Innenbereich"}],"category":[{"@type":"ProductCollection","name":"FLIESSF\u00c4HIGE PRODUKTE","identifier":"FASSA_LINEA_PRODOTTI_COLABILI_SISTEMA_RIPRISTINO"},{"@type":"Collection","name":"BETONINSTANDSETZUNGS-SYSTEM","identifier":"FASSA_SISTEMA_RIPRISTINO_DEL_CALCESTRUZZO"}],"inLanguage":"de"},"_links":{"self":[{"href":"https:\/\/www.fassabortolo.it\/de\/wp-json\/wp\/v2\/product\/3498485","targetHints":{"allow":["GET"]}}],"collection":[{"href":"https:\/\/www.fassabortolo.it\/de\/wp-json\/wp\/v2\/product"}],"about":[{"href":"https:\/\/www.fassabortolo.it\/de\/wp-json\/wp\/v2\/types\/product"}],"wp:attachment":[{"href":"https:\/\/www.fassabortolo.it\/de\/wp-json\/wp\/v2\/media?parent=3498485"}],"curies":[{"name":"wp","href":"https:\/\/api.w.org\/{rel}","templated":true}]}}