{"id":3498488,"date":"2026-01-23T12:28:19","date_gmt":"2026-01-23T11:28:19","guid":{"rendered":"http:\/\/10.6.201.155\/?post_type=product&#038;p=53882"},"modified":"2026-04-23T10:36:00","modified_gmt":"2026-04-23T08:36:00","slug":"intonaco-700","status":"publish","type":"product","link":"https:\/\/www.fassabortolo.it\/de\/produkte\/verputz-und-bausystem\/produkte-auf-basis-von-hydraulischem-naturkalk-nhl-3-5\/intonaco-700","title":{"rendered":"INTONACO 700"},"content":{"rendered":"","protected":false},"featured_media":0,"template":"","class_list":["post-3498488","product","type-product","status-publish","hentry"],"acf":[],"fimg":{"url":"https:\/\/www.fassabortolo.it\/wp-content\/uploads\/media\/assets\/INTONACO_700.jpg","alt":"INTONACO 700"},"product_description":["Grundputz auf der Basis von nat\u00fcrlichem hydraulischem Kalk NHL 3,5 f\u00fcr Innen- und Au\u00dfenbereiche"],"ekr_hierarchy_settings":{"it":{"FASSA_LINEA_PRODOTTI_A_BASE_CALCE_IDRAULICA_NATURALE_NHL_3_5_SISTEMA_INTONACATURA":{"ekr_position":2}},"ch":{"FASSA_LINEA_PRODOTTI_A_BASE_CALCE_IDRAULICA_NATURALE_NHL_3_5_SISTEMA_INTONACATURA":{"ekr_position":3}},"lu":{"FASSA_LINEA_PRODOTTI_A_BASE_CALCE_IDRAULICA_NATURALE_NHL_3_5_SISTEMA_INTONACATURA":{"ekr_position":3}}},"lang":{"language_code":"de","locale":"de_DE","text_direction":false,"display_name":"Deutsch","native_name":"Tedesco","different_language":false},"systems":[{"id":3497520,"name":"VERPUTZ- UND BAUSYSTEM","permalink":"https:\/\/www.fassabortolo.it\/de\/produkte\/verputz-und-bausystem\/","slug":"verputz-und-bausystem","ekr_pallet_code":"FASSA_SISTEMA_INTONACATURA_E_COSTRUZIONE"}],"product_pallet_code":"PROD_INTONACO_700","lines":[{"id":3497481,"name":"PRODUKTE AUF BASIS VON HYDRAULISCHEM NATURKALK NHL 3.5","permalink":"https:\/\/www.fassabortolo.it\/de\/produkte\/\/produkte-auf-basis-von-hydraulischem-naturkalk-nhl-3-5\/","slug":"produkte-auf-basis-von-hydraulischem-naturkalk-nhl-3-5","system_codes":["FASSA_SISTEMA_INTONACATURA_E_COSTRUZIONE"],"ekr_pallet_code":"FASSA_LINEA_PRODOTTI_A_BASE_CALCE_IDRAULICA_NATURALE_NHL_3_5_SISTEMA_INTONACATURA"}],"use":["INTONACO 700 wird als Grundputz f\u00fcr die Hand- oder Maschinenverarbeitung auf alten oder neuen Mauerwerken aus Ziegel- und\/oder Naturstein verwendet. Bei besonderen Untergr\u00fcnden die Anweisungen des Lieferanten beachten."],"supply":["Lose im Silo &nbsp; (erh\u00e4ltlich in Italien, Frankreich und der Schweiz)","In feuchtigkeitsgesch\u00fctzten Spezials\u00e4cken zu ca. 25 kg"],"attributes":{"Attributes_1":{"GRUNDPUTZE":"Grundputze"},"Attributes_2":{"AUSSENBEREICH":"Au\u00dfenbereich","INNENBEREICH":"Innenbereich"}},"___attributes":{"FASSA":{"FASSA_SISTEMA_INTONACATURA_E_COSTRUZIONE":{"Attributes_1":["Grundputze"],"Attributes_2":["Au\u00dfenbereich","Innenbereich"]}}},"elastic_market_index":"it","structured_data":{"@context":"https:\/\/schema.org","@type":"Product","name":"INTONACO 700","description":["Grundputz auf der Basis von nat\u00fcrlichem hydraulischem Kalk NHL 3,5 f\u00fcr Innen- und Au\u00dfenbereiche"],"url":"https:\/\/www.fassabortolo.it\/de\/produkte\/verputz-und-bausystem\/produkte-auf-basis-von-hydraulischem-naturkalk-nhl-3-5\/intonaco-700","identifier":"PROD_INTONACO_700","sku":"PROD_INTONACO_700","image":"https:\/\/www.fassabortolo.it\/wp-content\/uploads\/media\/assets\/INTONACO_700.jpg","brand":{"@type":"Brand","name":"Fassa Bortolo"},"manufacturer":{"@type":"Organization","name":"Fassa Bortolo","url":"https:\/\/www.fassabortolo.it"},"additionalProperty":[{"@type":"PropertyValue","name":"Use Case 1","value":"INTONACO 700 wird als Grundputz f\u00fcr die Hand- oder Maschinenverarbeitung auf alten oder neuen Mauerwerken aus Ziegel- und\/oder Naturstein verwendet. Bei besonderen Untergr\u00fcnden die Anweisungen des Lieferanten beachten."},{"@type":"PropertyValue","name":"Supply Information","value":"Lose im Silo &nbsp; (erh\u00e4ltlich in Italien, Frankreich und der Schweiz)"},{"@type":"PropertyValue","name":"Supply Information","value":"In feuchtigkeitsgesch\u00fctzten Spezials\u00e4cken zu ca. 25 kg"},{"@type":"PropertyValue","name":"Attributes_1","value":"Grundputze"},{"@type":"PropertyValue","name":"Attributes_2","value":"Au\u00dfenbereich"},{"@type":"PropertyValue","name":"Attributes_2","value":"Innenbereich"}],"category":[{"@type":"ProductCollection","name":"PRODUKTE AUF BASIS VON HYDRAULISCHEM NATURKALK NHL 3.5","identifier":"FASSA_LINEA_PRODOTTI_A_BASE_CALCE_IDRAULICA_NATURALE_NHL_3_5_SISTEMA_INTONACATURA"},{"@type":"Collection","name":"VERPUTZ- UND BAUSYSTEM","identifier":"FASSA_SISTEMA_INTONACATURA_E_COSTRUZIONE"}],"inLanguage":"de"},"_links":{"self":[{"href":"https:\/\/www.fassabortolo.it\/de\/wp-json\/wp\/v2\/product\/3498488","targetHints":{"allow":["GET"]}}],"collection":[{"href":"https:\/\/www.fassabortolo.it\/de\/wp-json\/wp\/v2\/product"}],"about":[{"href":"https:\/\/www.fassabortolo.it\/de\/wp-json\/wp\/v2\/types\/product"}],"wp:attachment":[{"href":"https:\/\/www.fassabortolo.it\/de\/wp-json\/wp\/v2\/media?parent=3498488"}],"curies":[{"name":"wp","href":"https:\/\/api.w.org\/{rel}","templated":true}]}}