{"id":3498491,"date":"2026-01-23T12:32:26","date_gmt":"2026-01-23T11:32:26","guid":{"rendered":"http:\/\/10.6.201.155\/?post_type=product&#038;p=53891"},"modified":"2026-05-15T01:29:20","modified_gmt":"2026-05-14T23:29:20","slug":"lc7-bioliscio","status":"publish","type":"product","link":"https:\/\/www.fassabortolo.it\/de\/produkte\/verputz-und-bausystem\/produkte-auf-basis-von-kalk-und-puzzolan\/lc7-bioliscio","title":{"rendered":"LC7 BIOLISCIO"},"content":{"rendered":"","protected":false},"featured_media":0,"template":"","class_list":["post-3498491","product","type-product","status-publish","hentry"],"acf":[],"fimg":{"url":"https:\/\/www.fassabortolo.it\/wp-content\/uploads\/media\/assets\/LC7_Bioliscio.jpg","alt":"LC7 BIOLISCIO"},"product_description":["Glatter zementfreier Deckputz auf Kalk- und Puzzolanbasis"],"ekr_hierarchy_settings":{"it":{"FASSA_LINEA_PRODOTTI_A_BASE_CALCE_E_POZZOLANA_SISTEMA_INTONACATURA":{"ekr_position":4}},"ch":{"FASSA_LINEA_PRODOTTI_A_BASE_CALCE_E_POZZOLANA_SISTEMA_INTONACATURA":{"ekr_position":1}},"lu":{"FASSA_LINEA_PRODOTTI_A_BASE_CALCE_E_POZZOLANA_SISTEMA_INTONACATURA":{"ekr_position":1}}},"lang":{"language_code":"de","locale":"de_DE","text_direction":false,"display_name":"Deutsch","native_name":"Tedesco","different_language":false},"systems":[{"id":3497520,"name":"VERPUTZ- UND BAUSYSTEM","permalink":"https:\/\/www.fassabortolo.it\/de\/produkte\/verputz-und-bausystem\/","slug":"verputz-und-bausystem","ekr_pallet_code":"FASSA_SISTEMA_INTONACATURA_E_COSTRUZIONE"}],"product_pallet_code":"PROD_LC7_BIOLISCIO","lines":[{"id":3497471,"name":"PRODUKTE AUF BASIS VON KALK UND PUZZOLAN","permalink":"https:\/\/www.fassabortolo.it\/de\/produkte\/\/produkte-auf-basis-von-kalk-und-puzzolan\/","slug":"produkte-auf-basis-von-kalk-und-puzzolan","system_codes":["FASSA_SISTEMA_INTONACATURA_E_COSTRUZIONE"],"ekr_pallet_code":"FASSA_LINEA_PRODOTTI_A_BASE_CALCE_E_POZZOLANA_SISTEMA_INTONACATURA"}],"use":["LC7 BIOLISCIO wird als glatte Beschichtung auf verputzten Oberfl\u00e4chen im Innen- und Au\u00dfenbereich verwendet. Kann auch entfeuchtende Verputzzyklen vervollst\u00e4ndigen, die auf dem Prinzip der Makropor\u00f6sit\u00e4t beruhen.","Besonders geeignet auf Putzgr\u00fcnden auf Basis von Luftkalk und Eco-Puzzolan (Linie NOVANTICA) sowie in all jenen F\u00e4llen, in denen Beschichtungen mit hoher Diffusionsoffenheit erforderlich sind, wie beispielsweise auf Putzgr\u00fcnden auf Luftkalkbasis (Linie PURACALCE) und auf Basis hydraulischen Naturkalks (Linie EX NOVO).","Aufgrund seiner Zusammensetzung eignet sich das Produkt ideal zur Restaurierung von Geb\u00e4uden von kunsthistorischem Wert, die unter dem Schutz des Amts f\u00fcr Architektur- und Landschaftsensemble stehen."],"supply":["In feuchtigkeitsgesch\u00fctzten Spezials\u00e4cken zu ca. 20 kg"],"attributes":{"Attributes_1":{"DECKPUTZE\/SPACHELUNGEN":"Deckputze\/Spachelungen"},"Attributes_2":{"AUSSENBEREICH":"Au\u00dfenbereich","INNENBEREICH":"Innenbereich"}},"___attributes":{"FASSAES":{"FASSA_SISTEMA_INTONACATURA_E_COSTRUZIONE":{"Attributes_1":["Deckputze\/Spachelungen"],"Attributes_2":["Au\u00dfenbereich","Innenbereich"]}},"FASSA":{"FASSA_SISTEMA_INTONACATURA_E_COSTRUZIONE":{"Attributes_1":["Deckputze\/Spachelungen"],"Attributes_2":["Au\u00dfenbereich","Innenbereich"]}}},"elastic_market_index":"it","structured_data":{"@context":"https:\/\/schema.org","@type":"Product","name":"LC7 BIOLISCIO","description":["Glatter zementfreier Deckputz auf Kalk- und Puzzolanbasis"],"url":"https:\/\/www.fassabortolo.it\/de\/produkte\/verputz-und-bausystem\/produkte-auf-basis-von-kalk-und-puzzolan\/lc7-bioliscio","identifier":"PROD_LC7_BIOLISCIO","sku":"PROD_LC7_BIOLISCIO","image":"https:\/\/www.fassabortolo.it\/wp-content\/uploads\/media\/assets\/LC7_Bioliscio.jpg","brand":{"@type":"Brand","name":"Fassa Bortolo"},"manufacturer":{"@type":"Organization","name":"Fassa Bortolo","url":"https:\/\/www.fassabortolo.it"},"additionalProperty":[{"@type":"PropertyValue","name":"Use Case 1","value":"LC7 BIOLISCIO wird als glatte Beschichtung auf verputzten Oberfl\u00e4chen im Innen- und Au\u00dfenbereich verwendet. Kann auch entfeuchtende Verputzzyklen vervollst\u00e4ndigen, die auf dem Prinzip der Makropor\u00f6sit\u00e4t beruhen."},{"@type":"PropertyValue","name":"Use Case 2","value":"Besonders geeignet auf Putzgr\u00fcnden auf Basis von Luftkalk und Eco-Puzzolan (Linie NOVANTICA) sowie in all jenen F\u00e4llen, in denen Beschichtungen mit hoher Diffusionsoffenheit erforderlich sind, wie beispielsweise auf Putzgr\u00fcnden auf Luftkalkbasis (Linie PURACALCE) und auf Basis hydraulischen Naturkalks (Linie EX NOVO)."},{"@type":"PropertyValue","name":"Use Case 3","value":"Aufgrund seiner Zusammensetzung eignet sich das Produkt ideal zur Restaurierung von Geb\u00e4uden von kunsthistorischem Wert, die unter dem Schutz des Amts f\u00fcr Architektur- und Landschaftsensemble stehen."},{"@type":"PropertyValue","name":"Supply Information","value":"In feuchtigkeitsgesch\u00fctzten Spezials\u00e4cken zu ca. 20 kg"},{"@type":"PropertyValue","name":"Attributes_1","value":"Deckputze\/Spachelungen"},{"@type":"PropertyValue","name":"Attributes_2","value":"Au\u00dfenbereich"},{"@type":"PropertyValue","name":"Attributes_2","value":"Innenbereich"}],"category":[{"@type":"ProductCollection","name":"PRODUKTE AUF BASIS VON KALK UND PUZZOLAN","identifier":"FASSA_LINEA_PRODOTTI_A_BASE_CALCE_E_POZZOLANA_SISTEMA_INTONACATURA"},{"@type":"Collection","name":"VERPUTZ- UND BAUSYSTEM","identifier":"FASSA_SISTEMA_INTONACATURA_E_COSTRUZIONE"}],"inLanguage":"de"},"_links":{"self":[{"href":"https:\/\/www.fassabortolo.it\/de\/wp-json\/wp\/v2\/product\/3498491","targetHints":{"allow":["GET"]}}],"collection":[{"href":"https:\/\/www.fassabortolo.it\/de\/wp-json\/wp\/v2\/product"}],"about":[{"href":"https:\/\/www.fassabortolo.it\/de\/wp-json\/wp\/v2\/types\/product"}],"wp:attachment":[{"href":"https:\/\/www.fassabortolo.it\/de\/wp-json\/wp\/v2\/media?parent=3498491"}],"curies":[{"name":"wp","href":"https:\/\/api.w.org\/{rel}","templated":true}]}}