{"id":3498492,"date":"2026-01-23T12:34:53","date_gmt":"2026-01-23T11:34:53","guid":{"rendered":"http:\/\/10.6.201.155\/?post_type=product&#038;p=53904"},"modified":"2026-04-23T10:36:23","modified_gmt":"2026-04-23T08:36:23","slug":"lv-207-velvet","status":"publish","type":"product","link":"https:\/\/www.fassabortolo.it\/de\/produkte\/sistema-fassacolour\/farbanstriche\/lv-207-velvet","title":{"rendered":"LV 207 VELVET"},"content":{"rendered":"","protected":false},"featured_media":0,"template":"","class_list":["post-3498492","product","type-product","status-publish","hentry"],"acf":[],"fimg":{"url":"https:\/\/www.fassabortolo.it\/wp-content\/uploads\/media\/assets\/LV_207.jpg","alt":"LV 207 VELVET"},"product_description":["Scheuerfester, samtiger wasserbasierter Anstrich"],"ekr_hierarchy_settings":{"it":{"FASSA_LINEA_PITTURE_SISTEMA_COLORE":{"ekr_position":8}},"es":{"FASSAES_LINEA_PITTURE_SISTEMA_COLORE":{"ekr_position":9}},"lu":{"FASSA_LINEA_PITTURE_SISTEMA_COLORE":{"ekr_position":11}}},"lang":{"language_code":"de","locale":"de_DE","text_direction":false,"display_name":"Deutsch","native_name":"Tedesco","different_language":false},"systems":[{"id":3497509,"name":"FASSACOLOUR\u00ae-System","permalink":"https:\/\/www.fassabortolo.it\/de\/produkte\/sistema-fassacolour\/","slug":"sistema-fassacolour","ekr_pallet_code":"FASSA_SISTEMA_COLORE_FASSACOLOUR"}],"product_pallet_code":"PROD_LV_207_VELVET","lines":[{"id":3497479,"name":"FARBANSTRICHE","permalink":"https:\/\/www.fassabortolo.it\/de\/produkte\/\/farbanstriche\/","slug":"farbanstriche","system_codes":["FASSA_SISTEMA_COLORE_FASSACOLOUR"],"ekr_pallet_code":"FASSA_LINEA_PITTURE_SISTEMA_COLORE"}],"use":["LV 207 VELVET wird als Schutz- und Dekoranstrich im Innenbereich in wei\u00df oder farbig verwendet, und zwar auf Oberputzen auf Kalk-, auf Kalk-\/Zement-, auf Gipsbasis sowie auf Gipskarton, er verleiht den behandelten Oberfl\u00e4chen eine samtige \u00c4sthetik."],"supply":["Confezioni da ca. 14 l, 4 l e scatole da 6 pz da 1 l. &nbsp; Je nach Bestimmungsland k\u00f6nnten einige Verkaufsformate nicht erh\u00e4ltlich sein","Mit dem Farbmischsystem ColorLife realisierbare Farbt\u00f6ne"],"attributes":{"Attributes_1":{"WASSERBASIERTE HOCHDECKENDE ANSTRICHE":"Wasserbasierte hochdeckende Anstriche","WASCHFESTE WASSERBASIERTE ANSTRICHE":"Waschfeste wasserbasierte Anstriche"},"Attributes_2":{"INNENBEREICH":"Innenbereich"}},"___attributes":{"FASSAES":{"FASSA_SISTEMA_COLORE_FASSACOLOUR":{"Attributes_1":["Wasserbasierte hochdeckende Anstriche","Waschfeste wasserbasierte Anstriche"],"Attributes_2":["Innenbereich"]}},"FASSA":{"FASSA_SISTEMA_COLORE_FASSACOLOUR":{"Attributes_1":["Wasserbasierte hochdeckende Anstriche","Waschfeste wasserbasierte Anstriche"],"Attributes_2":["Innenbereich"]}}},"elastic_market_index":"it","structured_data":{"@context":"https:\/\/schema.org","@type":"Product","name":"LV 207 VELVET","description":["Scheuerfester, samtiger wasserbasierter Anstrich"],"url":"https:\/\/www.fassabortolo.it\/de\/produkte\/sistema-fassacolour\/farbanstriche\/lv-207-velvet","identifier":"PROD_LV_207_VELVET","sku":"PROD_LV_207_VELVET","image":"https:\/\/www.fassabortolo.it\/wp-content\/uploads\/media\/assets\/LV_207.jpg","brand":{"@type":"Brand","name":"Fassa Bortolo"},"manufacturer":{"@type":"Organization","name":"Fassa Bortolo","url":"https:\/\/www.fassabortolo.it"},"additionalProperty":[{"@type":"PropertyValue","name":"Use Case 1","value":"LV 207 VELVET wird als Schutz- und Dekoranstrich im Innenbereich in wei\u00df oder farbig verwendet, und zwar auf Oberputzen auf Kalk-, auf Kalk-\/Zement-, auf Gipsbasis sowie auf Gipskarton, er verleiht den behandelten Oberfl\u00e4chen eine samtige \u00c4sthetik."},{"@type":"PropertyValue","name":"Supply Information","value":"Confezioni da ca. 14 l, 4 l e scatole da 6 pz da 1 l. &nbsp; Je nach Bestimmungsland k\u00f6nnten einige Verkaufsformate nicht erh\u00e4ltlich sein"},{"@type":"PropertyValue","name":"Supply Information","value":"Mit dem Farbmischsystem ColorLife realisierbare Farbt\u00f6ne"},{"@type":"PropertyValue","name":"Attributes_1","value":"Wasserbasierte hochdeckende Anstriche"},{"@type":"PropertyValue","name":"Attributes_1","value":"Waschfeste wasserbasierte Anstriche"},{"@type":"PropertyValue","name":"Attributes_2","value":"Innenbereich"}],"category":[{"@type":"ProductCollection","name":"FARBANSTRICHE","identifier":"FASSA_LINEA_PITTURE_SISTEMA_COLORE"},{"@type":"Collection","name":"FASSACOLOUR\u00ae-System","identifier":"FASSA_SISTEMA_COLORE_FASSACOLOUR"}],"inLanguage":"de"},"_links":{"self":[{"href":"https:\/\/www.fassabortolo.it\/de\/wp-json\/wp\/v2\/product\/3498492","targetHints":{"allow":["GET"]}}],"collection":[{"href":"https:\/\/www.fassabortolo.it\/de\/wp-json\/wp\/v2\/product"}],"about":[{"href":"https:\/\/www.fassabortolo.it\/de\/wp-json\/wp\/v2\/types\/product"}],"wp:attachment":[{"href":"https:\/\/www.fassabortolo.it\/de\/wp-json\/wp\/v2\/media?parent=3498492"}],"curies":[{"name":"wp","href":"https:\/\/api.w.org\/{rel}","templated":true}]}}