{"id":3498498,"date":"2026-01-23T12:39:07","date_gmt":"2026-01-23T11:39:07","guid":{"rendered":"http:\/\/10.6.201.155\/?post_type=product&#038;p=53923"},"modified":"2026-04-23T10:36:30","modified_gmt":"2026-04-23T08:36:30","slug":"mr-287","status":"publish","type":"product","link":"https:\/\/www.fassabortolo.it\/de\/produkte\/sistema-fassacolour\/farbanstriche\/mr-287","title":{"rendered":"MR 287"},"content":{"rendered":"","protected":false},"featured_media":0,"template":"","class_list":["post-3498498","product","type-product","status-publish","hentry"],"acf":[],"fimg":{"url":"https:\/\/www.fassabortolo.it\/wp-content\/uploads\/media\/assets\/MR_287.jpg","alt":"MR 287"},"product_description":["Hochf\u00fcllender wasserbasierter Au\u00dfenanstrich"],"ekr_hierarchy_settings":{"it":{"FASSA_LINEA_PITTURE_SISTEMA_COLORE":{"ekr_position":20}},"es":{"FASSAES_LINEA_PITTURE_SISTEMA_COLORE":{"ekr_position":8}},"lu":{"FASSA_LINEA_PITTURE_SISTEMA_COLORE":{"ekr_position":10}}},"lang":{"language_code":"de","locale":"de_DE","text_direction":false,"display_name":"Deutsch","native_name":"Tedesco","different_language":false},"systems":[{"id":3497509,"name":"FASSACOLOUR\u00ae-System","permalink":"https:\/\/www.fassabortolo.it\/de\/produkte\/sistema-fassacolour\/","slug":"sistema-fassacolour","ekr_pallet_code":"FASSA_SISTEMA_COLORE_FASSACOLOUR"}],"product_pallet_code":"PROD_MR_287","lines":[{"id":3497479,"name":"FARBANSTRICHE","permalink":"https:\/\/www.fassabortolo.it\/de\/produkte\/\/farbanstriche\/","slug":"farbanstriche","system_codes":["FASSA_SISTEMA_COLORE_FASSACOLOUR"],"ekr_pallet_code":"FASSA_LINEA_PITTURE_SISTEMA_COLORE"}],"use":["MR 287 ist ein Schutz- und Dekoranstrich f\u00fcr au\u00dfen, der in wei\u00df oder farbig auf Oberputzen auf Kalk-Zementbasis verwendet wird. &nbsp; Kann auch auf alten Farbanstrichen und Beschichtungen aufgetragen werden, sofern diese gut haftend, koh\u00e4rent und nicht kreidend sind. &nbsp; MR 287 ist anwenderfreundlich und erm\u00f6glicht dank \"Mikrobeschichtungs-Optik\" den Erhalt einer deckenden, gleichm\u00e4\u00dfigen und leicht rauen Beschichtung."],"supply":["Confezioni da ca. 14 l, 5 l e scatole da 6 pz da 1 l. In base al paese di destinazione alcuni formati di vendita potrebbero non essere disponibili","Mit dem Farbmischsystem ColorLife realisierbare Farbt\u00f6ne"],"attributes":{"Attributes_1":[],"Attributes_2":{"AUSSENBEREICH":"Au\u00dfenbereich"}},"___attributes":{"FASSAES":{"FASSA_SISTEMA_COLORE_FASSACOLOUR":{"Attributes_2":["Au\u00dfenbereich"]}},"FASSA":{"FASSA_SISTEMA_COLORE_FASSACOLOUR":{"Attributes_2":["Au\u00dfenbereich"]}}},"elastic_market_index":"it","structured_data":{"@context":"https:\/\/schema.org","@type":"Product","name":"MR 287","description":["Hochf\u00fcllender wasserbasierter Au\u00dfenanstrich"],"url":"https:\/\/www.fassabortolo.it\/de\/produkte\/sistema-fassacolour\/farbanstriche\/mr-287","identifier":"PROD_MR_287","sku":"PROD_MR_287","image":"https:\/\/www.fassabortolo.it\/wp-content\/uploads\/media\/assets\/MR_287.jpg","brand":{"@type":"Brand","name":"Fassa Bortolo"},"manufacturer":{"@type":"Organization","name":"Fassa Bortolo","url":"https:\/\/www.fassabortolo.it"},"additionalProperty":[{"@type":"PropertyValue","name":"Use Case 1","value":"MR 287 ist ein Schutz- und Dekoranstrich f\u00fcr au\u00dfen, der in wei\u00df oder farbig auf Oberputzen auf Kalk-Zementbasis verwendet wird. &nbsp; Kann auch auf alten Farbanstrichen und Beschichtungen aufgetragen werden, sofern diese gut haftend, koh\u00e4rent und nicht kreidend sind. &nbsp; MR 287 ist anwenderfreundlich und erm\u00f6glicht dank \"Mikrobeschichtungs-Optik\" den Erhalt einer deckenden, gleichm\u00e4\u00dfigen und leicht rauen Beschichtung."},{"@type":"PropertyValue","name":"Supply Information","value":"Confezioni da ca. 14 l, 5 l e scatole da 6 pz da 1 l. In base al paese di destinazione alcuni formati di vendita potrebbero non essere disponibili"},{"@type":"PropertyValue","name":"Supply Information","value":"Mit dem Farbmischsystem ColorLife realisierbare Farbt\u00f6ne"},{"@type":"PropertyValue","name":"Attributes_2","value":"Au\u00dfenbereich"}],"category":[{"@type":"ProductCollection","name":"FARBANSTRICHE","identifier":"FASSA_LINEA_PITTURE_SISTEMA_COLORE"},{"@type":"Collection","name":"FASSACOLOUR\u00ae-System","identifier":"FASSA_SISTEMA_COLORE_FASSACOLOUR"}],"inLanguage":"de"},"_links":{"self":[{"href":"https:\/\/www.fassabortolo.it\/de\/wp-json\/wp\/v2\/product\/3498498","targetHints":{"allow":["GET"]}}],"collection":[{"href":"https:\/\/www.fassabortolo.it\/de\/wp-json\/wp\/v2\/product"}],"about":[{"href":"https:\/\/www.fassabortolo.it\/de\/wp-json\/wp\/v2\/types\/product"}],"wp:attachment":[{"href":"https:\/\/www.fassabortolo.it\/de\/wp-json\/wp\/v2\/media?parent=3498498"}],"curies":[{"name":"wp","href":"https:\/\/api.w.org\/{rel}","templated":true}]}}