{"id":3498499,"date":"2026-01-23T12:33:29","date_gmt":"2026-01-23T11:33:29","guid":{"rendered":"http:\/\/10.6.201.155\/?post_type=product&#038;p=53924"},"modified":"2026-04-23T10:36:17","modified_gmt":"2026-04-23T08:36:17","slug":"mb-60","status":"publish","type":"product","link":"https:\/\/www.fassabortolo.it\/de\/produkte\/verputz-und-bausystem\/produkte-auf-basis-von-luftkalk\/mb-60","title":{"rendered":"MB 60"},"content":{"rendered":"","protected":false},"featured_media":0,"template":"","class_list":["post-3498499","product","type-product","status-publish","hentry"],"acf":[],"fimg":{"url":"https:\/\/www.fassabortolo.it\/wp-content\/uploads\/media\/assets\/MB_60.jpg","alt":"MB 60"},"product_description":["Wei\u00dfer Sichtmauerm\u00f6rtel f\u00fcr innen und au\u00dfen"],"ekr_hierarchy_settings":{"it":{"FASSA_LINEA_PRODOTTI_A_BASE_CALCE_AEREA_SISTEMA_INTONACATURA":{"ekr_position":0},"FASSA_LINEA_MALTE_SISTEMA_CONSOLIDAMENTO":{"ekr_position":9}},"ch":{"FASSA_LINEA_MALTE_SISTEMA_CONSOLIDAMENTO":{"ekr_position":4}},"es":{"FASSAES_LINEA_PRODOTTI_A_BASE_CALCE_AEREA_SISTEMA_INTONACATURA":{"ekr_position":4},"FASSAES_LINEA_MALTE_SISTEMA_CONSOLIDAMENTO":{"ekr_position":2}},"lu":{"FASSA_LINEA_PRODOTTI_A_BASE_CALCE_AEREA_SISTEMA_INTONACATURA":{"ekr_position":8},"FASSA_LINEA_MALTE_SISTEMA_CONSOLIDAMENTO":{"ekr_position":4}}},"lang":{"language_code":"de","locale":"de_DE","text_direction":false,"display_name":"Deutsch","native_name":"Tedesco","different_language":false},"systems":[{"id":3497520,"name":"VERPUTZ- UND BAUSYSTEM","permalink":"https:\/\/www.fassabortolo.it\/de\/produkte\/verputz-und-bausystem\/","slug":"verputz-und-bausystem","ekr_pallet_code":"FASSA_SISTEMA_INTONACATURA_E_COSTRUZIONE"},{"id":3497508,"name":"KONSOLIDIERUNGS- UND STRUKTURVERST\u00c4RKUNGSSYSTEM","permalink":"https:\/\/www.fassabortolo.it\/de\/produkte\/konsolidierungs-und-strukturverstarkungssystem\/","slug":"konsolidierungs-und-strukturverstarkungssystem","ekr_pallet_code":"FASSA_SISTEMA_CONSOLIDAMENTO_E_RINFORZO_STRUTTURALE"}],"product_pallet_code":"PROD_MB_60","lines":[{"id":3497475,"name":"PRODUKTE AUF BASIS VON LUFTKALK","permalink":"https:\/\/www.fassabortolo.it\/de\/produkte\/\/produkte-auf-basis-von-luftkalk\/","slug":"produkte-auf-basis-von-luftkalk","system_codes":["FASSA_SISTEMA_INTONACATURA_E_COSTRUZIONE"],"ekr_pallet_code":"FASSA_LINEA_PRODOTTI_A_BASE_CALCE_AEREA_SISTEMA_INTONACATURA"},{"id":3497468,"name":"M\u00d6RTEL","permalink":"https:\/\/www.fassabortolo.it\/de\/produkte\/\/mortel\/","slug":"mortel","system_codes":["FASSA_SISTEMA_CONSOLIDAMENTO_E_RINFORZO_STRUTTURALE"],"ekr_pallet_code":"FASSA_LINEA_MALTE_SISTEMA_CONSOLIDAMENTO"}],"use":["MB 60 wird als M\u00f6rtel f\u00fcr Sichtmauerwerk verwendet, wo kein grauer Portlandzement vorkommen darf und der M\u00f6rtel einen hellen Farbton aufweisen soll."],"supply":["Lose im Silo","In feuchtigkeitsgesch\u00fctzten Spezials\u00e4cken zu ca. 25 kg","Je nach Bestimmungsland k\u00f6nnten einige Verkaufsformate nicht erh\u00e4ltlich sein"],"attributes":{"Attributes_1":{"FLICKWERK":"Flickwerk","MAUERM\u00d6RTEL":"Mauerm\u00f6rtel"},"Attributes_2":{"AUSSENBEREICH":"Au\u00dfenbereich","INNENBEREICH":"Innenbereich"}},"___attributes":{"FASSAES":{"FASSA_SISTEMA_CONSOLIDAMENTO_E_RINFORZO_STRUTTURALE":{"Attributes_1":["Flickwerk"],"Attributes_2":["Au\u00dfenbereich","Innenbereich"]},"FASSA_SISTEMA_INTONACATURA_E_COSTRUZIONE":{"Attributes_1":["Mauerm\u00f6rtel"],"Attributes_2":["Au\u00dfenbereich","Innenbereich"]}},"FASSA":{"FASSA_SISTEMA_CONSOLIDAMENTO_E_RINFORZO_STRUTTURALE":{"Attributes_1":["Flickwerk"],"Attributes_2":["Au\u00dfenbereich","Innenbereich"]},"FASSA_SISTEMA_INTONACATURA_E_COSTRUZIONE":{"Attributes_1":["Mauerm\u00f6rtel"],"Attributes_2":["Au\u00dfenbereich","Innenbereich"]}}},"elastic_market_index":"it","structured_data":{"@context":"https:\/\/schema.org","@type":"Product","name":"MB 60","description":["Wei\u00dfer Sichtmauerm\u00f6rtel f\u00fcr innen und au\u00dfen"],"url":"https:\/\/www.fassabortolo.it\/de\/produkte\/verputz-und-bausystem\/produkte-auf-basis-von-luftkalk\/mb-60","identifier":"PROD_MB_60","sku":"PROD_MB_60","image":"https:\/\/www.fassabortolo.it\/wp-content\/uploads\/media\/assets\/MB_60.jpg","brand":{"@type":"Brand","name":"Fassa Bortolo"},"manufacturer":{"@type":"Organization","name":"Fassa Bortolo","url":"https:\/\/www.fassabortolo.it"},"additionalProperty":[{"@type":"PropertyValue","name":"Use Case 1","value":"MB 60 wird als M\u00f6rtel f\u00fcr Sichtmauerwerk verwendet, wo kein grauer Portlandzement vorkommen darf und der M\u00f6rtel einen hellen Farbton aufweisen soll."},{"@type":"PropertyValue","name":"Supply Information","value":"Lose im Silo"},{"@type":"PropertyValue","name":"Supply Information","value":"In feuchtigkeitsgesch\u00fctzten Spezials\u00e4cken zu ca. 25 kg"},{"@type":"PropertyValue","name":"Supply Information","value":"Je nach Bestimmungsland k\u00f6nnten einige Verkaufsformate nicht erh\u00e4ltlich sein"},{"@type":"PropertyValue","name":"Attributes_1","value":"Flickwerk"},{"@type":"PropertyValue","name":"Attributes_2","value":"Au\u00dfenbereich"},{"@type":"PropertyValue","name":"Attributes_2","value":"Innenbereich"},{"@type":"PropertyValue","name":"Attributes_1","value":"Mauerm\u00f6rtel"},{"@type":"PropertyValue","name":"Attributes_2","value":"Au\u00dfenbereich"},{"@type":"PropertyValue","name":"Attributes_2","value":"Innenbereich"}],"category":[{"@type":"ProductCollection","name":"PRODUKTE AUF BASIS VON LUFTKALK","identifier":"FASSA_LINEA_PRODOTTI_A_BASE_CALCE_AEREA_SISTEMA_INTONACATURA"},{"@type":"ProductCollection","name":"M\u00d6RTEL","identifier":"FASSA_LINEA_MALTE_SISTEMA_CONSOLIDAMENTO"},{"@type":"Collection","name":"VERPUTZ- UND BAUSYSTEM","identifier":"FASSA_SISTEMA_INTONACATURA_E_COSTRUZIONE"},{"@type":"Collection","name":"KONSOLIDIERUNGS- UND STRUKTURVERST\u00c4RKUNGSSYSTEM","identifier":"FASSA_SISTEMA_CONSOLIDAMENTO_E_RINFORZO_STRUTTURALE"}],"inLanguage":"de"},"_links":{"self":[{"href":"https:\/\/www.fassabortolo.it\/de\/wp-json\/wp\/v2\/product\/3498499","targetHints":{"allow":["GET"]}}],"collection":[{"href":"https:\/\/www.fassabortolo.it\/de\/wp-json\/wp\/v2\/product"}],"about":[{"href":"https:\/\/www.fassabortolo.it\/de\/wp-json\/wp\/v2\/types\/product"}],"wp:attachment":[{"href":"https:\/\/www.fassabortolo.it\/de\/wp-json\/wp\/v2\/media?parent=3498499"}],"curies":[{"name":"wp","href":"https:\/\/api.w.org\/{rel}","templated":true}]}}